{"id":99,"date":"2011-04-12T21:52:34","date_gmt":"2011-04-12T19:52:34","guid":{"rendered":"http:\/\/www.hundevereinarheilgen.de\/WP3\/?page_id=99"},"modified":"2025-12-04T21:48:07","modified_gmt":"2025-12-04T20:48:07","slug":"unser-verein","status":"publish","type":"page","link":"https:\/\/www.hundevereinarheilgen.de\/WP3\/unser-verein\/","title":{"rendered":"Unser Verein"},"content":{"rendered":"[et_pb_section fb_built=&#8220;1&#8243; custom_padding_last_edited=&#8220;on|desktop&#8220; admin_label=&#8220;section&#8220; _builder_version=&#8220;4.16&#8243; background_color=&#8220;#9ea5bf&#8220; custom_padding_tablet=&#8220;50px|0|50px|0&#8243; custom_padding_phone=&#8220;50px|0|50px|0&#8243; transparent_background=&#8220;off&#8220; padding_mobile=&#8220;off&#8220; make_fullwidth=&#8220;off&#8220; use_custom_width=&#8220;off&#8220; width_unit=&#8220;on&#8220; global_colors_info=&#8220;{}&#8220; theme_builder_area=&#8220;post_content&#8220;][et_pb_row padding_mobile=&#8220;off&#8220; column_padding_mobile=&#8220;on&#8220; admin_label=&#8220;row&#8220; _builder_version=&#8220;4.16&#8243; background_color=&#8220;#9ea5bf&#8220; background_size=&#8220;initial&#8220; background_position=&#8220;top_left&#8220; background_repeat=&#8220;repeat&#8220; make_fullwidth=&#8220;off&#8220; use_custom_width=&#8220;off&#8220; width_unit=&#8220;on&#8220; global_colors_info=&#8220;{}&#8220; theme_builder_area=&#8220;post_content&#8220;][et_pb_column type=&#8220;4_4&#8243; _builder_version=&#8220;4.16&#8243; custom_padding=&#8220;|||&#8220; global_colors_info=&#8220;{}&#8220; custom_padding__hover=&#8220;|||&#8220; theme_builder_area=&#8220;post_content&#8220;][et_pb_image src=&#8220;https:\/\/www.hundevereinarheilgen.de\/WP3\/wp-content\/uploads\/2023\/09\/20230909_163709_02-jpg.webp&#8220; title_text=&#8220;20230909_163709_02&#8243; _builder_version=&#8220;4.21.0&#8243; _module_preset=&#8220;default&#8220; global_colors_info=&#8220;{}&#8220; theme_builder_area=&#8220;post_content&#8220;][\/et_pb_image][et_pb_text admin_label=&#8220;Text&#8220; _builder_version=&#8220;4.21.0&#8243; background_size=&#8220;initial&#8220; background_position=&#8220;top_left&#8220; background_repeat=&#8220;repeat&#8220; hover_enabled=&#8220;0&#8243; use_border_color=&#8220;off&#8220; border_color=&#8220;#ffffff&#8220; border_style=&#8220;solid&#8220; global_colors_info=&#8220;{}&#8220; theme_builder_area=&#8220;post_content&#8220; sticky_enabled=&#8220;0&#8243;]\n<h2><strong>Organisation<\/strong><\/h2>\n<p>Der Sportverein f\u00fcr Rasse-, Schutz- und Gebrauchshunde Darmstadt Arheilgen 1913 e. V. ist ein gemeinn\u00fctziger Verein f\u00fcr Hundefreunde und Hundesporttreibende.<\/p>\n<p>Wir sind Mitglied im Hundesportverband Rhein-Main (HSVRM &#8211; Vereinsnummer 122 05).<br \/>Dieser ist Mitglied im Deutschen Hundesportverband (dhv), der den Hundesport im Verband f\u00fcr das Deutsche Hundewesen (VDH) vertritt.<\/p>\n<h2><strong>\u00dcber 100 Jahre Vereinsgeschichte<\/strong><\/h2>\n<p>Am 19.12.1913 gr\u00fcndeten elf Hundef\u00fchrer den damaligen \u201eHundedressur-Verein\u201c, der heute ca. 200 Mitglieder, die unterschiedlichsten Sparten (Sportarten) und Teilnehmer an Landesmeisterschaften hat.<\/p>\n<p>Unsere Chronik beginnt im Deutschen Reich, der 1. Vorsitzende war Heinrich J\u00e4ger. Damals hatten Hundevereine die Aufgabe, dem Hund seine Aufgaben als Dienst- oder Wachhund zu vermitteln \u2013 den heutigen Hundesport gab es noch nicht. Der 1. Weltkrieg unterbrach die Vereinst\u00e4tigkeiten und nach Kriegsende trieb die Inflation den Mitgliedsbeitrag zwischenzeitlich bis auf 1 Million Mark in die H\u00f6he \u2013 nur wenige Idealisten nahmen noch am Vereinsleben teil. W\u00e4hrend des Dritten Reichs bewahrte sich der Verein trotz des politischen Drucks die Eigenst\u00e4ndigkeit, aber trotzdem kam das Vereinsleben im Laufe des 2. Weltkriegs abermals v\u00f6llig zum Erliegen.<\/p>\n<p>Jahre nach Kriegsende und unter amerikanischer Besetzung kam der Verein wieder in Schwung: Dank eines Tauschvertrags erhielt der Verein sein heutiges Vereinsgel\u00e4nde am Waldrand des Industriegebiets Darmstadt-Arheilgen. Im Jahr 1954 wurde der damalige \u201eDressurverein\u201c dann in \u201eSportverein f\u00fcr Rasse-, Schutz- und Gebrauchshunde DA-Arheilgen gegr. 1913 e. V.\u201c umbenannt. Kurze Zeit sp\u00e4ter wurde auch das erste Klubhaus gebaut. In den 60ern wurden Hundeboxen gebaut, das gesamte Gel\u00e4nde eingez\u00e4unt und das Klubheim vergr\u00f6\u00dfert. In den 70ern Jahren wurde das Vereinsheim weiter ausgebaut und es erfolgte der Stromanschluss.<\/p>\n<p>Auch wurden ein regenfester Unterstand und eine kleine Trib\u00fcne am Haupt-\u00dcbungsplatz gebaut.<\/p>\n<p>Durch regelm\u00e4\u00dfige Arbeitseins\u00e4tze gew\u00e4hrleisten die Mitglieder den hervorragenden Zustand des gesamten Vereinsgel\u00e4ndes.<\/p>\n<h2><strong>Unser Verein heute<\/strong><\/h2>\n<p style=\"text-align: left;\">Aus dem ehemaligen \u201eDressurverein\u201c hat sich heute ein moderner Verein mit einem umfassenden Sportangebot f\u00fcr die ganze Familie entwickelt.<br \/>Aktuelle Ausbildung von Hunden kann man nicht mehr mit &#8222;Dressur&#8220; bezeichnen. Unsere Ausbildungsmethoden basieren auf heutigen, modernen Trainingskonzepten. Das Team, die Bindung zwischen Mensch und Tier, stehen im Mittelpunkt und jede Ausbildung muss jeweils darauf abgestimmt sein. Dabei zielen wir auf die richtige und angemessene Besch\u00e4ftigung des Hundes im Rahmen sportlicher Ausbildung ab.<br \/>F\u00fcr nahezu jedes\u00a0Team gibt es im Hundesport eine Sparte, die genau auf die mitgebrachten Voraussetzungen und Interessen passt. Nat\u00fcrlich vorausgesetzt, der Mensch ist bereit die Arbeit und Zeit in das Training und den Verein zu investieren.<br \/>Die Ergebnisse, die der Verein auf Pr\u00fcfungen, Wettk\u00e4mpfen und Meisterschaften erzielt, zeigen, dass der eingeschlagene Weg richtig ist.<\/p>\n<p style=\"text-align: left;\">Das Vereinsgel\u00e4nde liegt im Feld, direkt am Waldrand mit vielen M\u00f6glichkeiten zum langen Spazierengehen. Im Vereinsheim haben rund 70 Personen Platz. Parkpl\u00e4tze sind ausreichend vorhanden, f\u00fcr Radler auch gen\u00fcgend Fahrradst\u00e4nder. Wer m\u00f6chte, kann seinen Hund vor oder nach der \u00dcbungsstunde im Auto lassen, sich mit ihm drau\u00dfen hinsetzen, ihn drau\u00dfen anbinden oder\u00a0 ihn in eine der zahlreichen Boxen bringen.<\/p>\n[\/et_pb_text][et_pb_image src=&#8220;https:\/\/www.hundevereinarheilgen.de\/WP3\/wp-content\/uploads\/2023\/08\/Vorplatz02-jpg.webp&#8220; title_text=&#8220;Vorplatz02&#8243; _builder_version=&#8220;4.21.0&#8243; _module_preset=&#8220;default&#8220; global_colors_info=&#8220;{}&#8220; theme_builder_area=&#8220;post_content&#8220;][\/et_pb_image][et_pb_text admin_label=&#8220;Text&#8220; _builder_version=&#8220;4.21.0&#8243; background_size=&#8220;initial&#8220; background_position=&#8220;top_left&#8220; background_repeat=&#8220;repeat&#8220; hover_enabled=&#8220;0&#8243; use_border_color=&#8220;off&#8220; border_color=&#8220;#ffffff&#8220; border_style=&#8220;solid&#8220; global_colors_info=&#8220;{}&#8220; theme_builder_area=&#8220;post_content&#8220; sticky_enabled=&#8220;0&#8243;]\n<p>Ge\u00fcbt wird auf einem riesigen \u00dcbungsplatz, dazu gibt es noch einen zweiten kleinen Platz (hier findet unter anderem das Training f\u00fcr die Junghunde statt)\u00a0und ein abgetrennter, eingez\u00e4unter Bereich f\u00fcr die Welpen.<\/p>\n<h2><strong>Verein und Verband<\/strong><\/h2>\n<p>Unser Verein ist Mitglied im Hundesportverband Rhein-Main (HSVRM). Der RSGV DA-Arheilgen, wird mit mehreren Vereinen der n\u00e4heren Gegend in eine Kreisgruppe zusammengefasst, unsere ist die Kreisgruppe 2. Insgesamt 3 Kreisgruppen umfassen das Gebiet zwischen Kassel, Fulda, Heppenheim und Trier und sind gleichzeitig das Verbandsgebiet des HSVRM. Weitere f\u00fcnf unterschiedliche Hundesport-Verb\u00e4nde sind Mitglieder im dhv, dem Deutschen Hundesportverband. Der Dachverband f\u00fcr Deutschland ist der bekannte VDH \u2013 der Verband f\u00fcr das Deutsche Hundewesen.<\/p>\n<h2><strong>Pr\u00fcfungen und mehr<\/strong><\/h2>\n<p>In der Regel zeigen die Mitglieder mehrmals im Jahr, was sie gelernt haben, und k\u00f6nnen in den Sparten Begleithunde (BH-VT), Obedience (OBI), Rally-Obedience (RO), Longieren, Sp\u00fcrhundsport (SHS), Turnierhundsport (THS), Gebrauchshundesport (GHS) und F\u00e4hrtenhundesport (FH) Pr\u00fcfungen ablegen.<\/p>\n<p>Besondere Highlights sind der allj\u00e4hrliche Turnierhundsportwettkampf am Karsamstag, der Arheilger Eiercup und der Funcup (f\u00fcr Obedience und Rally-Obedience) sowie der Schn\u00fcffelcup (f\u00fcr Sp\u00fcrhundsport SHS). Sie ziehen Teilnehmer aus dem gesamten Verbandsgebiet des HSVRM an und gelten jeweils als eine der gr\u00f6\u00dften Veranstaltungen in deren Sportarten.<\/p>\n<p>Und wir k\u00f6nnen auch feiern:<br \/>Tag der offenen T\u00fcr, Oktoberfest, die Jahresabschlussfeier und vieles mehr.<\/p>\n[\/et_pb_text][\/et_pb_column][\/et_pb_row][\/et_pb_section]\n","protected":false},"excerpt":{"rendered":"<p>Organisation Der Sportverein f\u00fcr Rasse-, Schutz- und Gebrauchshunde Darmstadt Arheilgen 1913 e. V. ist ein gemeinn\u00fctziger Verein f\u00fcr Hundefreunde und Hundesporttreibende. Wir sind Mitglied im Hundesportverband Rhein-Main (HSVRM &#8211; Vereinsnummer 122 05).Dieser ist Mitglied im Deutschen Hundesportverband (dhv), der den Hundesport im Verband f\u00fcr das Deutsche Hundewesen (VDH) vertritt. \u00dcber 100 Jahre Vereinsgeschichte Am 19.12.1913 [&hellip;]<\/p>\n","protected":false},"author":4,"featured_media":0,"parent":0,"menu_order":1,"comment_status":"closed","ping_status":"closed","template":"","meta":{"_et_pb_use_builder":"on","_et_pb_old_content":"<h2><a href=\"https:\/\/www.hundevereinarheilgen.de\/WP3\/wp-content\/uploads\/2011\/04\/IMG_5006.jpg\"><img class=\"aligncenter size-medium wp-image-454\" title=\"Unser Vereinsgel\u00e4nde\" src=\"https:\/\/www.hundevereinarheilgen.de\/WP3\/wp-content\/uploads\/2011\/04\/IMG_5006-300x200.jpg\" alt=\"\" width=\"300\" height=\"200\"><\/a><\/h2><h2>Organisation:<\/h2><p>Der Sportverein f\u00fcr Rasse-, Schutz- und Gebrauchshunde Darmstadt Arheilgen 1913 e. V. ist ein gemeinn\u00fctziger Verein f\u00fcr Hundefreunde und Hundesporttreibende.<\/p><p>Wir sind Mitglied im Hundesportverband Rhein-Main (HSVRM - Vereinsnummer 122 05).<br> Dieser ist Mitglied im Deutschen Hundesportverband (dhv), der den Hundesport im Verband f\u00fcr das Deutsche Hundewesen (VDH) vertritt.<\/p><h2><strong>\u00dcber 100 Jahre Vereinsgeschichte<\/strong><\/h2><p>Am 19.12.1913 gr\u00fcndeten elf Hundef\u00fchrer den damaligen \u201eHundedressur-Verein\u201c, der heute ca. 200 Mitglieder, die unterschiedlichsten Sparten (Sportarten) und Teilnehmer an Landesmeisterschaften hat.<\/p><p>Unsere Chronik beginnt im Deutschen Reich, der 1. Vorsitzende war Heinrich J\u00e4ger. Damals hatten Hundevereine die Aufgabe, dem Hund seine Aufgaben als Dienst- oder Wachhund zu vermitteln \u2013 den heutigen Hundesport gab es noch nicht. Der 1. Weltkrieg unterbrach die Vereinst\u00e4tigkeiten und nach Kriegsende trieb die Inflation den Mitgliedsbeitrag zwischenzeitlich bis auf 1 Million Mark in die H\u00f6he \u2013 nur wenige Idealisten nahmen noch am Vereinsleben teil. W\u00e4hrend des Dritten Reichs bewahrte sich der Verein trotz des politischen Drucks die Eigenst\u00e4ndigkeit, aber trotzdem kam das Vereinsleben im Laufe des 2. Weltkriegs abermals v\u00f6llig zum Erliegen.<\/p><p>Jahre nach Kriegsende und unter amerikanischer Besetzung kam der Verein wieder in Schwung: Dank eines Tauschvertrags erhielt der Verein sein heutiges Vereinsgel\u00e4nde am Waldrand des Industriegebiets Darmstadt-Arheilgen. Im Jahr 1954 wurde der damalige \u201eDressurverein\u201c dann in \u201eSportverein f\u00fcr Rasse-, Schutz- und Gebrauchshunde DA-Arheilgen gegr. 1913 e. V.\u201c umbenannt. Kurze Zeit sp\u00e4ter wurde auch das erste Klubhaus gebaut. In den 60ern wurden Hundeboxen gebaut, das gesamte Gel\u00e4nde eingez\u00e4unt und das Klubheim vergr\u00f6\u00dfert. In den 70ern Jahren wurde das Vereinsheim weiter ausgebaut und es erfolgte der Stromanschluss.<\/p><p>Auch wurden ein regenfester Unterstand und eine kleine Trib\u00fcne am Haupt-\u00dcbungsplatz gebaut.<\/p><p>Durch regelm\u00e4\u00dfige Arbeitseins\u00e4tze gew\u00e4hrleisten die Mitglieder den hervorragenden Zustand des gesamten Vereinsgel\u00e4ndes.<\/p><h2><strong>Unser Verein heute<\/strong><\/h2><p style=\"text-align: left;\">Aus dem ehemaligen \u201eDressurverein\u201c hat sich heute ein moderner Verein mit einem umfassenden Sportangebot f\u00fcr die ganze Familie entwickelt.<br> Aktuelle Ausbildung von Hunden kann man nicht mehr mit \"Dressur\" bezeichnen. Unsere Ausbildungsmethoden basieren auf heutigen, modernen Trainingskonzepten. Das Team, die Bindung zwischen Mensch und Tier, stehen im Mittelpunkt und jede Ausbildung muss jeweils darauf abgestimmt sein. Dabei zielen wir auf die richtige und angemessene Besch\u00e4ftigung des Hundes im Rahmen sportlicher Ausbildung ab.<br> F\u00fcr nahezu jedes\u00a0Team gibt es im Hundesport eine Sparte, die genau auf die mitgebrachten Voraussetzungen und Interessen passt. Nat\u00fcrlich vorausgesetzt, der Mensch ist bereit die Arbeit und Zeit in das Training und den Verein zu investieren.<br> Die Ergebnisse, die der Verein auf Pr\u00fcfungen, Wettk\u00e4mpfen und Meisterschaften erzielt, zeigen, dass der eingeschlagene Weg richtig ist.<\/p><p style=\"text-align: left;\">Das Vereinsgel\u00e4nde liegt im Feld, direkt am Waldrand mit vielen M\u00f6glichkeiten zum langen Spazierengehen. Im Vereinsheim haben rund 70 Personen Platz. Parkpl\u00e4tze sind ausreichend vorhanden, f\u00fcr Radler auch gen\u00fcgend Fahrradst\u00e4nder. Wer m\u00f6chte, kann seinen Hund vor oder nach der \u00dcbungsstunde im Auto lassen, sich mit ihm drau\u00dfen hinsetzen, ihn drau\u00dfen anbinden oder\u00a0 ihn in eine der zahlreichen Boxen bringen.<\/p><h2><strong><a href=\"https:\/\/www.hundevereinarheilgen.de\/WP3\/wp-content\/uploads\/2011\/04\/Foto.jpg\"><img class=\"aligncenter size-full wp-image-466\" title=\"Der gro\u00dfe \u00dcbungsplatz und die Hindernislaufbahn\" src=\"https:\/\/www.hundevereinarheilgen.de\/WP3\/wp-content\/uploads\/2011\/04\/Foto.jpg\" alt=\"\" width=\"897\" height=\"300\"><\/a><\/strong><\/h2><p style=\"text-align: left;\">Ge\u00fcbt wird auf einem riesigen \u00dcbungsplatz, dazu gibt es noch einen zweiten kleinen Platz (hier findet unter anderem das Training f\u00fcr die Junghunde statt)\u00a0und ein abgetrennter, eingez\u00e4unter Bereich f\u00fcr die Welpen.<\/p><h2><strong>Verein und Verband<\/strong><\/h2><p>Der Verein ist Mitglied im Hundesportverband Rhein-Main (HSVRM). Der RSGV DA-Arheilgen, wird mit mehreren Vereinen der n\u00e4heren Gegend in eine Kreisgruppe zusammengefasst, unsere ist die Kreisgruppe 5. Insgesamt 11 Kreisgruppen umfassen das Gebiet zwischen Kassel, Fulda, Heppenheim und Trier und sind gleichzeitig\u00a0das Verbandsgebiet des HSVRM.\u00a0Weitere f\u00fcnf unterschiedliche Hundesport-Verb\u00e4nde sind Mitglieder im dhv, dem Deutschen Hundesportverband. Der Dachverband f\u00fcr Deutschland ist der bekannte VDH \u2013 der Verband f\u00fcr das Deutsche Hundewesen.<\/p><h2><strong>Pr\u00fcfungen und mehr<\/strong><\/h2><p>In der Regel zeigen die Mitglieder mehrmals im Jahr, was sie gelernt haben, und k\u00f6nnen in den Sparten Begleithunde (BH-VT), Obedience (OBI), Rally-Obedience (RO), Longieren, Sp\u00fcrhundesport (SHS), Turnierhundsport (THS),\u00a0Gebrauchshundesport (GHd) und F\u00e4hrtenhundesport (FH) Pr\u00fcfungen ablegen.<br> N\u00e4heres zu den Sportarten des Vereins finden Sie hier auf der Internet-Seite unter dem obigen Men\u00fcpunkt \"<a href=\"https:\/\/www.hundevereinarheilgen.de\/WP3\/sportangebote\/\">Sportangebote<\/a>\".<\/p><p>Besondere Highlights\u00a0sind der allj\u00e4hrliche Turnierhundsportwettkampf am Karsamstag, der Arheilger Eiercup und der Funcup (f\u00fcr Obedience und Rally-Obedience).\u00a0Sie ziehen Teilnehmer aus dem gesamten Verbandsgebiet des HSVRM an und\u00a0gelten jeweils als eine\u00a0der gr\u00f6\u00dften\u00a0Veranstaltungen in deren Sportarten.<\/p><p>Und wir k\u00f6nnen auch feiern:<br> Tag der offenen T\u00fcr, Oktoberfest, die Jahresabschlussfeier und vieles mehr.<\/p><h2>Auf dieser Intenet-Seite...<\/h2><p>...finden Sie alle Informationen \u00fcber unseren Verein.<br> Inklusive der Organisation (<a href=\"https:\/\/www.hundevereinarheilgen.de\/WP3\/unser-verein\/vorstand\/\">Vorstand<\/a>, Trainer), der <a href=\"https:\/\/www.hundevereinarheilgen.de\/WP3\/sportangebote\/\">Sportangebote<\/a>, Informationen \u00fcber <a href=\"https:\/\/www.hundevereinarheilgen.de\/WP3\/prufungen\/\">Pr\u00fcfungen<\/a> und <a href=\"https:\/\/www.hundevereinarheilgen.de\/WP3\/kalender\/\">Veranstaltungstermine<\/a>, <a href=\"https:\/\/www.hundevereinarheilgen.de\/WP3\/unser-verein\/wegbeschreibung\/\">Wegbeschreibung<\/a> usw.<br> Wenn Sie mit uns in Kontakt treten wollen finden Sie auf der Seite \"<a href=\"https:\/\/www.hundevereinarheilgen.de\/WP3\/unser-verein\/kontakt-per-e-mail\/\">Kontakt<\/a>\" die n\u00f6tigen Daten.<\/p>","_et_gb_content_width":"","ngg_post_thumbnail":0,"footnotes":"","_wp_rev_ctl_limit":""},"class_list":["post-99","page","type-page","status-publish","hentry"],"_links":{"self":[{"href":"https:\/\/www.hundevereinarheilgen.de\/WP3\/wp-json\/wp\/v2\/pages\/99","targetHints":{"allow":["GET"]}}],"collection":[{"href":"https:\/\/www.hundevereinarheilgen.de\/WP3\/wp-json\/wp\/v2\/pages"}],"about":[{"href":"https:\/\/www.hundevereinarheilgen.de\/WP3\/wp-json\/wp\/v2\/types\/page"}],"author":[{"embeddable":true,"href":"https:\/\/www.hundevereinarheilgen.de\/WP3\/wp-json\/wp\/v2\/users\/4"}],"replies":[{"embeddable":true,"href":"https:\/\/www.hundevereinarheilgen.de\/WP3\/wp-json\/wp\/v2\/comments?post=99"}],"version-history":[{"count":20,"href":"https:\/\/www.hundevereinarheilgen.de\/WP3\/wp-json\/wp\/v2\/pages\/99\/revisions"}],"predecessor-version":[{"id":20855,"href":"https:\/\/www.hundevereinarheilgen.de\/WP3\/wp-json\/wp\/v2\/pages\/99\/revisions\/20855"}],"wp:attachment":[{"href":"https:\/\/www.hundevereinarheilgen.de\/WP3\/wp-json\/wp\/v2\/media?parent=99"}],"curies":[{"name":"wp","href":"https:\/\/api.w.org\/{rel}","templated":true}]}}