{"id":3444,"date":"2015-04-20T19:37:54","date_gmt":"2015-04-20T17:37:54","guid":{"rendered":"http:\/\/www.hundevereinarheilgen.de\/WP3\/?page_id=3444"},"modified":"2025-06-06T19:29:41","modified_gmt":"2025-06-06T17:29:41","slug":"spuerhunde-sport","status":"publish","type":"page","link":"https:\/\/www.hundevereinarheilgen.de\/WP3\/sportangebote\/spuerhunde-sport\/","title":{"rendered":"Sp\u00fcrhundsport"},"content":{"rendered":"[et_pb_section fb_built=&#8220;1&#8243; _builder_version=&#8220;4.21.0&#8243; _module_preset=&#8220;default&#8220; background_color=&#8220;gcid-5b80b587-516a-41df-b6f7-87ae858d15f3&#8243; locked=&#8220;off&#8220; global_colors_info=&#8220;{%22gcid-5b80b587-516a-41df-b6f7-87ae858d15f3%22:%91%22background_color%22%93}&#8220; theme_builder_area=&#8220;post_content&#8220;][et_pb_row column_structure=&#8220;2_3,1_3&#8243; _builder_version=&#8220;4.21.0&#8243; _module_preset=&#8220;default&#8220; global_colors_info=&#8220;{}&#8220; theme_builder_area=&#8220;post_content&#8220;][et_pb_column type=&#8220;2_3&#8243; _builder_version=&#8220;4.21.0&#8243; _module_preset=&#8220;default&#8220; global_colors_info=&#8220;{}&#8220; theme_builder_area=&#8220;post_content&#8220;][et_pb_text _builder_version=&#8220;4.21.0&#8243; _module_preset=&#8220;default&#8220; global_module=&#8220;16355&#8243; saved_tabs=&#8220;all&#8220; locked=&#8220;off&#8220; global_colors_info=&#8220;{}&#8220; theme_builder_area=&#8220;post_content&#8220;]\n<h2><strong>Sp\u00fcrhundsport<\/strong><\/h2>\n<h3><strong><\/strong><\/h3>\n<h3><strong>\u00dcbungszeiten<\/strong><\/h3>\n[\/et_pb_text][et_pb_text _builder_version=&#8220;4.21.0&#8243; _module_preset=&#8220;default&#8220; global_module=&#8220;16373&#8243; saved_tabs=&#8220;all&#8220; locked=&#8220;off&#8220; global_colors_info=&#8220;{}&#8220; theme_builder_area=&#8220;post_content&#8220;]\n<table border=\"1\" style=\"height: 102px; width: 100%; border-collapse: collapse; border-style: none; float: left;\">\n<tbody>\n<tr style=\"height: 10px;\">\n<td style=\"width: 17.1488%; height: 24px;\"><strong>Tag<\/strong><\/td>\n<td style=\"width: 18.7469%; height: 24px;\"><strong>Uhrzeit<\/strong><\/td>\n<td style=\"width: 64.0691%; height: 24px;\"><strong>Training<\/strong><\/td>\n<\/tr>\n<tr>\n<td style=\"width: 17.1488%;\">Montag<\/td>\n<td style=\"width: 18.7469%;\"><span>17:00 &#8211; 18:30<\/span><\/td>\n<td style=\"width: 64.0691%;\"><span>SHS Anf\u00e4nger<\/span><\/td>\n<\/tr>\n<tr>\n<td style=\"width: 17.1488%;\"><span>Mittwoch<\/span><\/td>\n<td style=\"width: 18.7469%;\"><span>16:00 &#8211; 19:00<\/span><\/td>\n<td style=\"width: 64.0691%;\"><span>SHS Leistungsklassen<\/span><\/td>\n<\/tr>\n<\/tbody>\n<\/table>\n<p>&nbsp;<\/p>\n[\/et_pb_text][et_pb_text _builder_version=&#8220;4.21.0&#8243; _module_preset=&#8220;default&#8220; global_module=&#8220;16338&#8243; saved_tabs=&#8220;all&#8220; locked=&#8220;off&#8220; global_colors_info=&#8220;{}&#8220; theme_builder_area=&#8220;post_content&#8220;]\n<p>F\u00fcr jede \u00dcbungsstunde gilt: Immer rechtzeitig da sein und den Hund auch einen Gassigang vorher erm\u00f6glichen. Verschiebungen der \u00dcbungszeiten um ca. eine Viertelstunde sind immer mal m\u00f6glich. Immer an das Spielzeug, das Futter und die richtige Leine und das richtige Halsband denken\u2026<\/p>\n<p>&nbsp;<\/p>\n[\/et_pb_text][et_pb_text _builder_version=&#8220;4.21.0&#8243; _module_preset=&#8220;default&#8220; custom_padding=&#8220;||||false|false&#8220; border_color_all=&#8220;RGBA(255,255,255,0)&#8220; global_colors_info=&#8220;{}&#8220; theme_builder_area=&#8220;post_content&#8220;]\n<h3><strong>Info SHS<\/strong><\/h3>\n<p>SHS ist eines der effektivsten und nat\u00fcrlichsten Auslastungsmodelle f\u00fcr Hunde.<br \/>Beim SHS lernt der Hund kleinste Gegenst\u00e4nde (z. B. Feuerzeug) unter verschiedenen Bedingungen zu suchen, zu finden und dem Hundef\u00fchrer anzuzeigen.<br \/>Man unterscheidet drei Sucharten, das Tr\u00fcmmerfeld (verschiedene Gegenst\u00e4nde), die Fl\u00e4chensuche (flache freie Rasenfl\u00e4che) und die Beh\u00e4ltnisstrecke (pr\u00e4parierte Eimer mit separaten Kammern). <\/p>\n[\/et_pb_text][et_pb_toggle title=&#8220;Ausf\u00fchrliche Informationen zu SHS&#8220; _builder_version=&#8220;4.21.0&#8243; _module_preset=&#8220;default&#8220; background_color=&#8220;gcid-5b80b587-516a-41df-b6f7-87ae858d15f3&#8243; global_colors_info=&#8220;{%22gcid-5b80b587-516a-41df-b6f7-87ae858d15f3%22:%91%22background_color%22%93}&#8220; theme_builder_area=&#8220;post_content&#8220;]\n<p>Was ist Sp\u00fcrhundsport (SHS)?<br \/>SHS ist eines der effektivsten Auslastungsmodelle f\u00fcr Hunde, diese werden sowohl k\u00f6rperlich als auch in geistiger Hinsicht gefordert.<\/p>\n<p>Beim SHS lernt der Hund kleinste Gegenst\u00e4nde (z. B. Feuerzeug, Stift, B\u00fcroklammer, W\u00e4scheklammer, Korken, etc.) unter verschiedenen Bedingungen zu suchen, zu finden und dem Hundef\u00fchrer anzuzeigen. Das Anzeigen erfolgt durch passives Verweisen, hierbei legt sich der Hund am Suchgegenstand ab, ohne diesen aufzunehmen oder zu bringen.<\/p>\n<p>Da Hunde die F\u00e4higkeit besitzen auch geringste Geruchspuren aufzusp\u00fcren und voneinander zu unterscheiden, ist SHS eine wirkungsvolle Nasenarbeit f\u00fcr unsere Vierbeiner. SHS ist f\u00fcr jeden Hund geeignet, sowohl Hunde im fortgeschrittenen Alter, als auch welche mit Handicap k\u00f6nnen SHS erlernen. Mit spielerischer Leichtigkeit und gro\u00dfer Freude erf\u00fcllen sie gerne diese Anforderung.<\/p>\n<p>Die SHS \u00dcbungen k\u00f6nnen sowohl in der Wohnung, im Garten, als auch w\u00e4hrend des Gassigangs gemacht werden. SHS bedeutet Auslastung des Hundes ohne gro\u00dfen Aufwand.<\/p>\n<p>SHS erfreut sich inzwischen bereits gro\u00dfer Beliebtheit, es werden schon erste Wettk\u00e4mpfe organisiert.\u00a0Vom VDH wurde die SHS-PO mit Rundschreiben vom 19.05.2020 verteilt. Der Landesverbandstag des HSVRM hat am 05.09.2021 beschlossen, SHS verbandsweit einzuf\u00fchren.<\/p>\n[\/et_pb_toggle][et_pb_text _builder_version=&#8220;4.21.0&#8243; _module_preset=&#8220;default&#8220; custom_padding=&#8220;||||false|false&#8220; border_color_all=&#8220;#0C71C3&#8243; global_colors_info=&#8220;{}&#8220; theme_builder_area=&#8220;post_content&#8220;]\n<h2><strong>Termine \/ Trainingsausf\u00e4lle:<\/strong><\/h2>\n[\/et_pb_text][et_pb_code _builder_version=&#8220;4.21.0&#8243; _module_preset=&#8220;default&#8220; global_colors_info=&#8220;{}&#8220; theme_builder_area=&#8220;post_content&#8220;]<div class=\"em em-view-container\" id=\"em-view-1635491892\" data-view=\"list-grouped\">\r\n\t<div class=\"em em-list em-events-list em-events-list-grouped\" id=\"em-events-list-grouped-1635491892\">\r\n\t<h2>Aug. 2026<\/h2><a href=\"https:\/\/www.hundevereinarheilgen.de\/WP3\/events\/shs-trainingscup\/\">SHS-Trainingscup<\/a> <!\u2013- [et_pb_br_holder] -\u2013>23. August 2026 \/ Ganzt\u00e4gig<!\u2013- [et_pb_br_holder] -\u2013> <!\u2013- [et_pb_br_holder] -\u2013><h2>Sep. 2026<\/h2><a href=\"https:\/\/www.hundevereinarheilgen.de\/WP3\/events\/schnueffel-cup-2\/\">Schn\u00fcffel-Cup<\/a> <!\u2013- [et_pb_br_holder] -\u2013>27. September 2026 \/ Ganzt\u00e4gig<!\u2013- [et_pb_br_holder] -\u2013> <!\u2013- [et_pb_br_holder] -\u2013>\t<\/div>\r\n<\/div>[\/et_pb_code][et_pb_text _builder_version=&#8220;4.21.0&#8243; _module_preset=&#8220;default&#8220; custom_padding=&#8220;||||false|false&#8220; border_color_all=&#8220;RGBA(255,255,255,0)&#8220; global_colors_info=&#8220;{}&#8220; theme_builder_area=&#8220;post_content&#8220;]\n<h2><strong>Beitr\u00e4ge \/ Berichte \/ Ergebnisse &#8230;<\/strong><\/h2>\n<p><strong><\/strong><\/p>\n[\/et_pb_text][et_pb_blog posts_number=&#8220;5&#8243; include_categories=&#8220;22,23&#8243; use_manual_excerpt=&#8220;off&#8220; excerpt_length=&#8220;100&#8243; show_more=&#8220;on&#8220; show_author=&#8220;off&#8220; disabled_on=&#8220;on|on|off&#8220; _builder_version=&#8220;4.21.0&#8243; _module_preset=&#8220;default&#8220; body_text_color=&#8220;#001035&#8243; meta_text_color=&#8220;#000000&#8243; read_more_text_color=&#8220;#e24400&#8243; border_color_all_fullwidth=&#8220;#0C71C3&#8243; global_colors_info=&#8220;{}&#8220; theme_builder_area=&#8220;post_content&#8220;][\/et_pb_blog][et_pb_blog posts_number=&#8220;5&#8243; include_categories=&#8220;22,23&#8243; show_thumbnail=&#8220;off&#8220; use_manual_excerpt=&#8220;off&#8220; excerpt_length=&#8220;100&#8243; show_author=&#8220;off&#8220; show_categories=&#8220;off&#8220; show_excerpt=&#8220;off&#8220; disabled_on=&#8220;off|off|on&#8220; _builder_version=&#8220;4.21.0&#8243; _module_preset=&#8220;default&#8220; body_text_color=&#8220;#001035&#8243; meta_text_color=&#8220;#000000&#8243; read_more_text_color=&#8220;#e24400&#8243; border_color_all_fullwidth=&#8220;#0C71C3&#8243; global_colors_info=&#8220;{}&#8220; theme_builder_area=&#8220;post_content&#8220;][\/et_pb_blog][\/et_pb_column][et_pb_column type=&#8220;1_3&#8243; _builder_version=&#8220;4.21.0&#8243; _module_preset=&#8220;default&#8220; global_colors_info=&#8220;{}&#8220; theme_builder_area=&#8220;post_content&#8220;][et_pb_text _builder_version=&#8220;4.21.0&#8243; _module_preset=&#8220;default&#8220; global_colors_info=&#8220;{}&#8220; theme_builder_area=&#8220;post_content&#8220;]\n<h3><strong>Trainer\/-innen<\/strong><\/h3>\n[\/et_pb_text][et_pb_text _builder_version=&#8220;4.21.0&#8243; _module_preset=&#8220;default&#8220; custom_padding=&#8220;||||false|false&#8220; border_radii=&#8220;on|0px|0px|0px|0px&#8220; border_color_all=&#8220;RGBA(255,255,255,0)&#8220; global_colors_info=&#8220;{}&#8220; theme_builder_area=&#8220;post_content&#8220;]\n<h4 class=\"et_pb_module_header\"><a href=\"https:\/\/www.hundevereinarheilgen.de\/WP3\/wp-content\/uploads\/2011\/04\/walburga-m\u00fcller.jpg\"><\/a><a href=\"https:\/\/www.hundevereinarheilgen.de\/WP3\/wp-content\/uploads\/2023\/10\/Eva-Ittner_3-jpg.webp\"><img loading=\"lazy\" decoding=\"async\" src=\"https:\/\/www.hundevereinarheilgen.de\/WP3\/wp-content\/uploads\/2023\/10\/Eva-Ittner_3-jpg.webp\" width=\"300\" height=\"300\" alt=\"\" class=\"wp-image-16805 alignnone size-full\" srcset=\"https:\/\/www.hundevereinarheilgen.de\/WP3\/wp-content\/uploads\/2023\/10\/Eva-Ittner_3-jpg.webp 300w, https:\/\/www.hundevereinarheilgen.de\/WP3\/wp-content\/uploads\/2023\/10\/Eva-Ittner_3-150x150.webp 150w\" sizes=\"auto, (max-width: 300px) 100vw, 300px\" \/><\/a><a href=\"https:\/\/www.hundevereinarheilgen.de\/WP3\/wp-content\/uploads\/2023\/08\/Eva-Ittner_2-jpg.webp\"><\/a><a href=\"https:\/\/www.hundevereinarheilgen.de\/WP3\/wp-content\/uploads\/2023\/08\/Eva-Ittner_2.jpg\"><\/a><a href=\"https:\/\/www.hundevereinarheilgen.de\/WP3\/wp-content\/uploads\/2011\/04\/walburga-m\u00fcller.jpg\"><\/a><\/h4>\n<h4>Eva Ittner<\/h4>\n<p>Trainerin SHS<\/p>\n<p><a href=\"mailto:shs@hundevereinarheilgen.de\">Mail an shs@hundevereinarheilgen.de<\/a><\/p>\n[\/et_pb_text][et_pb_text _builder_version=&#8220;4.21.0&#8243; _module_preset=&#8220;default&#8220; custom_padding=&#8220;||||false|false&#8220; border_radii=&#8220;on|0px|0px|0px|0px&#8220; border_color_all=&#8220;RGBA(255,255,255,0)&#8220; global_colors_info=&#8220;{}&#8220; theme_builder_area=&#8220;post_content&#8220;]\n<h4 class=\"et_pb_module_header\"><a href=\"https:\/\/www.hundevereinarheilgen.de\/WP3\/wp-content\/uploads\/2011\/04\/walburga-m\u00fcller.jpg\"><\/a><a href=\"https:\/\/www.hundevereinarheilgen.de\/WP3\/wp-content\/uploads\/2018\/08\/Katja_Siri-1.jpg\"><img loading=\"lazy\" decoding=\"async\" src=\"https:\/\/www.hundevereinarheilgen.de\/WP3\/wp-content\/uploads\/2018\/08\/Katja_Siri-1-300x200.jpg\" width=\"300\" height=\"200\" alt=\"\" class=\"wp-image-9491 alignnone size-medium\" srcset=\"https:\/\/www.hundevereinarheilgen.de\/WP3\/wp-content\/uploads\/2018\/08\/Katja_Siri-1-300x200.jpg 300w, https:\/\/www.hundevereinarheilgen.de\/WP3\/wp-content\/uploads\/2018\/08\/Katja_Siri-1-768x512.jpg 768w, https:\/\/www.hundevereinarheilgen.de\/WP3\/wp-content\/uploads\/2018\/08\/Katja_Siri-1-1024x683.jpg 1024w, https:\/\/www.hundevereinarheilgen.de\/WP3\/wp-content\/uploads\/2018\/08\/Katja_Siri-1-1080x720.jpg 1080w\" sizes=\"auto, (max-width: 300px) 100vw, 300px\" \/><\/a><a href=\"https:\/\/www.hundevereinarheilgen.de\/WP3\/wp-content\/uploads\/2011\/04\/walburga-m\u00fcller.jpg\"><\/a><a href=\"https:\/\/www.hundevereinarheilgen.de\/WP3\/wp-content\/uploads\/2023\/08\/roland-griesch_2-jpg.webp\"><\/a><a href=\"https:\/\/www.hundevereinarheilgen.de\/WP3\/wp-content\/uploads\/2023\/08\/Kirsten-Bischof_2-jpg.webp\"><\/a><a href=\"https:\/\/www.hundevereinarheilgen.de\/WP3\/wp-content\/uploads\/2023\/08\/Kirsten-Bischof_2.jpg\"><\/a><a href=\"https:\/\/www.hundevereinarheilgen.de\/WP3\/wp-content\/uploads\/2011\/04\/walburga-m\u00fcller.jpg\"><\/a><\/h4>\n<h4>Katja Prosser<\/h4>\n<p>Trainerin SHS<\/p>\n[\/et_pb_text][et_pb_text _builder_version=&#8220;4.21.0&#8243; _module_preset=&#8220;default&#8220; custom_padding=&#8220;||||false|false&#8220; border_radii=&#8220;on|0px|0px|0px|0px&#8220; border_color_all=&#8220;RGBA(255,255,255,0)&#8220; global_colors_info=&#8220;{}&#8220; theme_builder_area=&#8220;post_content&#8220;]\n<h4 class=\"et_pb_module_header\"><a href=\"https:\/\/www.hundevereinarheilgen.de\/WP3\/wp-content\/uploads\/2011\/04\/walburga-m\u00fcller.jpg\"><\/a><a href=\"https:\/\/www.hundevereinarheilgen.de\/WP3\/wp-content\/uploads\/2023\/08\/andrea-witzel_1-jpg.webp\"><img loading=\"lazy\" decoding=\"async\" src=\"https:\/\/www.hundevereinarheilgen.de\/WP3\/wp-content\/uploads\/2023\/08\/andrea-witzel_1-jpg.webp\" width=\"300\" height=\"300\" alt=\"\" class=\"wp-image-14977 alignnone size-full\" srcset=\"https:\/\/www.hundevereinarheilgen.de\/WP3\/wp-content\/uploads\/2023\/08\/andrea-witzel_1-jpg.webp 300w, https:\/\/www.hundevereinarheilgen.de\/WP3\/wp-content\/uploads\/2023\/08\/andrea-witzel_1-150x150.webp 150w\" sizes=\"auto, (max-width: 300px) 100vw, 300px\" \/><\/a><a href=\"https:\/\/www.hundevereinarheilgen.de\/WP3\/wp-content\/uploads\/2023\/08\/Eva-Ittner_2-jpg.webp\"><\/a><a href=\"https:\/\/www.hundevereinarheilgen.de\/WP3\/wp-content\/uploads\/2023\/08\/Eva-Ittner_2.jpg\"><\/a><a href=\"https:\/\/www.hundevereinarheilgen.de\/WP3\/wp-content\/uploads\/2011\/04\/walburga-m\u00fcller.jpg\"><\/a><\/h4>\n<h4>Andrea Witzel<\/h4>\n<p>Trainerin SHS<\/p>\n[\/et_pb_text][et_pb_text _builder_version=&#8220;4.21.0&#8243; _module_preset=&#8220;default&#8220; custom_padding=&#8220;||||false|false&#8220; hover_enabled=&#8220;0&#8243; border_radii=&#8220;on|0px|0px|0px|0px&#8220; border_color_all=&#8220;RGBA(255,255,255,0)&#8220; global_colors_info=&#8220;{}&#8220; theme_builder_area=&#8220;post_content&#8220; sticky_enabled=&#8220;0&#8243;]\n<h4 class=\"et_pb_module_header\"><a href=\"https:\/\/www.hundevereinarheilgen.de\/WP3\/wp-content\/uploads\/2011\/04\/walburga-m\u00fcller.jpg\"><\/a><a href=\"https:\/\/www.hundevereinarheilgen.de\/WP3\/wp-content\/uploads\/2023\/08\/andrea-witzel_1-jpg.webp\"><\/a><a href=\"https:\/\/www.hundevereinarheilgen.de\/WP3\/wp-content\/uploads\/2025\/06\/Ulrike-Fowinkel.jpg\"><img loading=\"lazy\" decoding=\"async\" src=\"https:\/\/www.hundevereinarheilgen.de\/WP3\/wp-content\/uploads\/2025\/06\/Ulrike-Fowinkel-300x300.jpg\" width=\"300\" height=\"300\" alt=\"\" class=\"wp-image-20139 alignnone size-medium\" \/><\/a><a href=\"https:\/\/www.hundevereinarheilgen.de\/WP3\/wp-content\/uploads\/2023\/08\/andrea-witzel_1-jpg.webp\"><\/a><\/h4>\n<h4>Ulrike Fowinkel<\/h4>\n<p>Trainerin SHS<\/p>\n[\/et_pb_text][\/et_pb_column][\/et_pb_row][\/et_pb_section]\n","protected":false},"excerpt":{"rendered":"<p>Sp\u00fcrhundsport \u00dcbungszeiten Tag Uhrzeit Training Montag 17:00 &#8211; 18:30 SHS Anf\u00e4nger Mittwoch 16:00 &#8211; 19:00 SHS Leistungsklassen &nbsp; F\u00fcr jede \u00dcbungsstunde gilt: Immer rechtzeitig da sein und den Hund auch einen Gassigang vorher erm\u00f6glichen. Verschiebungen der \u00dcbungszeiten um ca. eine Viertelstunde sind immer mal m\u00f6glich. Immer an das Spielzeug, das Futter und die richtige Leine [&hellip;]<\/p>\n","protected":false},"author":4,"featured_media":0,"parent":2027,"menu_order":9,"comment_status":"closed","ping_status":"closed","template":"","meta":{"_et_pb_use_builder":"on","_et_pb_old_content":"<h3>\u00dcbungszeiten<\/h3><table border=\"1\" cellspacing=\"0\" cellpadding=\"0\"><tbody><tr><th>Tag<\/th><th>Uhrzeit<\/th><th>\u00dcbungen<\/th><th>Leitender Trainer<\/th><\/tr><tr><td>Montag<\/td><td>17:00<\/td><td>SHS<\/td><td>Roland Griesch<\/td><\/tr><\/tbody><\/table><p>Stand 07.04.2016<\/p><hr><p>[events_show type=\"default\" category=19]<\/p>","_et_gb_content_width":"","ngg_post_thumbnail":0,"footnotes":"","_wp_rev_ctl_limit":""},"class_list":["post-3444","page","type-page","status-publish","hentry"],"_links":{"self":[{"href":"https:\/\/www.hundevereinarheilgen.de\/WP3\/wp-json\/wp\/v2\/pages\/3444","targetHints":{"allow":["GET"]}}],"collection":[{"href":"https:\/\/www.hundevereinarheilgen.de\/WP3\/wp-json\/wp\/v2\/pages"}],"about":[{"href":"https:\/\/www.hundevereinarheilgen.de\/WP3\/wp-json\/wp\/v2\/types\/page"}],"author":[{"embeddable":true,"href":"https:\/\/www.hundevereinarheilgen.de\/WP3\/wp-json\/wp\/v2\/users\/4"}],"replies":[{"embeddable":true,"href":"https:\/\/www.hundevereinarheilgen.de\/WP3\/wp-json\/wp\/v2\/comments?post=3444"}],"version-history":[{"count":19,"href":"https:\/\/www.hundevereinarheilgen.de\/WP3\/wp-json\/wp\/v2\/pages\/3444\/revisions"}],"predecessor-version":[{"id":20140,"href":"https:\/\/www.hundevereinarheilgen.de\/WP3\/wp-json\/wp\/v2\/pages\/3444\/revisions\/20140"}],"up":[{"embeddable":true,"href":"https:\/\/www.hundevereinarheilgen.de\/WP3\/wp-json\/wp\/v2\/pages\/2027"}],"wp:attachment":[{"href":"https:\/\/www.hundevereinarheilgen.de\/WP3\/wp-json\/wp\/v2\/media?parent=3444"}],"curies":[{"name":"wp","href":"https:\/\/api.w.org\/{rel}","templated":true}]}}