{"id":1745,"date":"2013-04-22T12:15:16","date_gmt":"2013-04-22T10:15:16","guid":{"rendered":"http:\/\/www.hundevereinarheilgen.de\/WP3\/?page_id=1745"},"modified":"2024-11-05T22:00:04","modified_gmt":"2024-11-05T21:00:04","slug":"rally-obedience","status":"publish","type":"page","link":"https:\/\/www.hundevereinarheilgen.de\/WP3\/sportangebote\/rally-obedience\/","title":{"rendered":"Rally Obedience"},"content":{"rendered":"[et_pb_section fb_built=&#8220;1&#8243; _builder_version=&#8220;4.21.0&#8243; _module_preset=&#8220;default&#8220; background_color=&#8220;gcid-5b80b587-516a-41df-b6f7-87ae858d15f3&#8243; locked=&#8220;off&#8220; global_colors_info=&#8220;{%22gcid-5b80b587-516a-41df-b6f7-87ae858d15f3%22:%91%22background_color%22%93}&#8220; theme_builder_area=&#8220;post_content&#8220;][et_pb_row column_structure=&#8220;2_3,1_3&#8243; _builder_version=&#8220;4.21.0&#8243; _module_preset=&#8220;default&#8220; global_colors_info=&#8220;{}&#8220; theme_builder_area=&#8220;post_content&#8220;][et_pb_column type=&#8220;2_3&#8243; _builder_version=&#8220;4.21.0&#8243; _module_preset=&#8220;default&#8220; global_colors_info=&#8220;{}&#8220; theme_builder_area=&#8220;post_content&#8220;][et_pb_text _builder_version=&#8220;4.21.0&#8243; _module_preset=&#8220;default&#8220; global_module=&#8220;16355&#8243; saved_tabs=&#8220;all&#8220; locked=&#8220;off&#8220; global_colors_info=&#8220;{}&#8220; theme_builder_area=&#8220;post_content&#8220;]\n<h2><strong>Rally Obedience<\/strong><\/h2>\n<h3><strong><\/strong><\/h3>\n<h3><strong>\u00dcbungszeiten<\/strong><\/h3>\n[\/et_pb_text][et_pb_text _builder_version=&#8220;4.21.0&#8243; _module_preset=&#8220;default&#8220; global_module=&#8220;16371&#8243; saved_tabs=&#8220;all&#8220; locked=&#8220;off&#8220; global_colors_info=&#8220;{}&#8220; theme_builder_area=&#8220;post_content&#8220;]\n<table border=\"1\" style=\"height: 50px; width: 100%; border-collapse: collapse; border-style: none; float: left;\">\n<tbody>\n<tr style=\"height: 10px;\">\n<td style=\"width: 16.3736%; height: 24px;\"><strong>Tag<\/strong><\/td>\n<td style=\"width: 20.4265%; height: 24px;\"><strong>Uhrzeit<\/strong><\/td>\n<td style=\"width: 63.1647%; height: 24px;\"><strong>Training<\/strong><\/td>\n<\/tr>\n<tr style=\"height: 26px;\">\n<td style=\"width: 16.3736%; height: 26px;\">Donnerstag<\/td>\n<td style=\"width: 20.4265%; height: 26px;\">ab 18:00<\/td>\n<td style=\"width: 63.1647%; height: 26px;\">Rally Obedience<\/td>\n<\/tr>\n<\/tbody>\n<\/table>\n<p>&nbsp;<\/p>\n[\/et_pb_text][et_pb_text _builder_version=&#8220;4.21.0&#8243; _module_preset=&#8220;default&#8220; global_module=&#8220;16338&#8243; saved_tabs=&#8220;all&#8220; locked=&#8220;off&#8220; global_colors_info=&#8220;{}&#8220; theme_builder_area=&#8220;post_content&#8220;]\n<p>F\u00fcr jede \u00dcbungsstunde gilt: Immer rechtzeitig da sein und den Hund auch einen Gassigang vorher erm\u00f6glichen. Verschiebungen der \u00dcbungszeiten um ca. eine Viertelstunde sind immer mal m\u00f6glich. Immer an das Spielzeug, das Futter und die richtige Leine und das richtige Halsband denken\u2026<\/p>\n<p>&nbsp;<\/p>\n[\/et_pb_text][et_pb_text _builder_version=&#8220;4.21.0&#8243; _module_preset=&#8220;default&#8220; custom_padding=&#8220;||||false|false&#8220; border_color_all=&#8220;RGBA(255,255,255,0)&#8220; global_colors_info=&#8220;{}&#8220; theme_builder_area=&#8220;post_content&#8220;]\n<h3><strong>Info Rally Obedience<\/strong><\/h3>\n<p>Was verbirgt sich hinter der Sportart \u201eRally Obedience\u201c.<\/p>\n<p><a href=\"https:\/\/www.hundevereinarheilgen.de\/WP3\/wp-content\/uploads\/2013\/04\/rallyobediencelogovdh1.jpg\"><img loading=\"lazy\" decoding=\"async\" class=\"alignleft wp-image-1769\" title=\"rallyobediencelogovdh\" src=\"https:\/\/www.hundevereinarheilgen.de\/WP3\/wp-content\/uploads\/2013\/04\/rallyobediencelogovdh1-300x211.jpg\" alt=\"\" width=\"240\" height=\"169\" srcset=\"https:\/\/www.hundevereinarheilgen.de\/WP3\/wp-content\/uploads\/2013\/04\/rallyobediencelogovdh1-300x211.jpg 300w, https:\/\/www.hundevereinarheilgen.de\/WP3\/wp-content\/uploads\/2013\/04\/rallyobediencelogovdh1-150x105.jpg 150w, https:\/\/www.hundevereinarheilgen.de\/WP3\/wp-content\/uploads\/2013\/04\/rallyobediencelogovdh1-400x282.jpg 400w, https:\/\/www.hundevereinarheilgen.de\/WP3\/wp-content\/uploads\/2013\/04\/rallyobediencelogovdh1.jpg 726w\" sizes=\"auto, (max-width: 240px) 100vw, 240px\" \/><\/a>Rally Obedience oder auch kurz Rally oder Rally-O genannt ist eine noch recht junge Sportart und stammt urspr\u00fcnglich aus den USA. Der Erfinder Charles L. Kramer dachte sich wohl auf die Mischung kommt es an und versuchte Elemente aus dem Obedience mit einer Prise Agility anzureichern. Es entstand eine neue Sportart die schnell von jedermann und jederhund erlernt und erfolgreich ausge\u00fcbt werden kann. Dies war bestimmt das Erfolgs Geheimnis das dieser Sportart immer mehr Anh\u00e4nger beschert.<\/p>\n<p>Im Rally-O geht es darum dass der Hundef\u00fchrer mit seinem Hund im Fu\u00df einen immer wechselnden Parcours in m\u00f6glichst kurzer Zeit korrekt bestreitet. Es gibt insgesamt 5 Pr\u00fcfungsstufen (RO Beginner, RO 1, RO 2, RO 3 und die Senioren Klasse) die einen steigenden Schwierigkeitsgrad haben. Das sch\u00f6ne an Rally-O ist dass der Hundef\u00fchrer zu jeder Zeit und zeitlich unbegrenzt mit seinem Hund kommunizieren darf, also ansprechen, motivieren und loben.<\/p>\n<p>Der Parcours wird durch Schilder festgelegt, meist um die 20 Schilder pro Parcours, und muss in einer bestimmten Zeit ohne weitere Richterangaben absolviert werden. Hierzu haben die Teilnehmer die M\u00f6glichkeit vor dem\u00a0Turnier eine Parcoursbegehung (ohne Hund) zu machen um sich die Schilder und den durch die Schilder bestimmten Weg anzusehen.<\/p>\n<p><a href=\"https:\/\/www.hundevereinarheilgen.de\/WP3\/wp-content\/uploads\/2013\/04\/gestorf-13-04-schroeder-b.jpg\"><img decoding=\"async\" fetchpriority=\"high\" class=\"aligncenter wp-image-1773\" title=\"gestorf-13-04-schroeder--b\" src=\"https:\/\/www.hundevereinarheilgen.de\/WP3\/wp-content\/uploads\/2013\/04\/gestorf-13-04-schroeder-b.jpg\" alt=\"\" width=\"330\" height=\"280\" srcset=\"https:\/\/www.hundevereinarheilgen.de\/WP3\/wp-content\/uploads\/2013\/04\/gestorf-13-04-schroeder-b.jpg 550w, https:\/\/www.hundevereinarheilgen.de\/WP3\/wp-content\/uploads\/2013\/04\/gestorf-13-04-schroeder-b-300x254.jpg 300w, https:\/\/www.hundevereinarheilgen.de\/WP3\/wp-content\/uploads\/2013\/04\/gestorf-13-04-schroeder-b-150x127.jpg 150w, https:\/\/www.hundevereinarheilgen.de\/WP3\/wp-content\/uploads\/2013\/04\/gestorf-13-04-schroeder-b-400x338.jpg 400w\" sizes=\"(max-width: 330px) 100vw, 330px\" \/><\/a><\/p>\n<p>Die Schilder sind auf die Pr\u00fcfungsstufen angepasst und zeigen die \u00dcbungen anhand von Symbolen. Darunter zu finden sind, neben den bekannten \u00dcbungen wie Sitz, Platz und Steh, Wendungen in jede Richtung (90\u00b0, 180\u00b0, 270\u00b0 und 360\u00b0), sowohl links als auch rechts herum. Weiterhin gibt es an M\u00f6glichkeiten: Slalom um Pylone, Spr\u00fcnge \u00fcber eine H\u00fcrde, dem Bleib in verschiedensten Variationen und dem Vorsitz. Die Parcours unterscheiden sich somit\u00a0 durch die Auswahl und die Reihenfolge der Schilder.<\/p>\n<p>&nbsp;<\/p>\n<p>Und <a href=\"https:\/\/www.vdh.de\/fileadmin\/media\/hundesport\/rally_obedience\/2016\/RO_Regelwerk_VDH_3.0_Stand_01-2017_Anhang_1_UEbungsschilder_VDH_10-06-16_HP_.pdf\">hier<\/a> gibt es alle Schilder die verwendet werden k\u00f6nnen.<\/p>\n<p>Jede Paarung (Hund und Hundef\u00fchrer) m\u00fcssen eine <a href=\"https:\/\/www.vdh.de\/fileadmin\/media\/hundesport\/rally_obedience\/RO_Turnierkarte.pdf\">Turnierkarte<\/a> besitzen, dort werden die Leistungen des Teams eingetragen.<\/p>\n[\/et_pb_text][et_pb_text _builder_version=&#8220;4.21.0&#8243; _module_preset=&#8220;default&#8220; custom_padding=&#8220;||||false|false&#8220; border_color_all=&#8220;#0C71C3&#8243; global_colors_info=&#8220;{}&#8220; theme_builder_area=&#8220;post_content&#8220;]\n<h2><strong>Termine \/ Trainingsausf\u00e4lle:<\/strong><\/h2>\n[\/et_pb_text][et_pb_code _builder_version=&#8220;4.21.0&#8243; _module_preset=&#8220;default&#8220; global_colors_info=&#8220;{}&#8220; theme_builder_area=&#8220;post_content&#8220;]<div class=\"em em-view-container\" id=\"em-view-658793117\" data-view=\"list-grouped\">\r\n\t<div class=\"em em-list em-events-list em-events-list-grouped\" id=\"em-events-list-grouped-658793117\">\r\n\t-\t<\/div>\r\n<\/div>[\/et_pb_code][et_pb_text _builder_version=&#8220;4.21.0&#8243; _module_preset=&#8220;default&#8220; custom_padding=&#8220;||||false|false&#8220; border_color_all=&#8220;RGBA(255,255,255,0)&#8220; global_colors_info=&#8220;{}&#8220; theme_builder_area=&#8220;post_content&#8220;]\n<h2><strong>Beitr\u00e4ge \/ Berichte \/ Ergebnisse &#8230;<\/strong><\/h2>\n<p><strong><\/strong><\/p>\n[\/et_pb_text][et_pb_blog posts_number=&#8220;5&#8243; include_categories=&#8220;12,16&#8243; use_manual_excerpt=&#8220;off&#8220; excerpt_length=&#8220;100&#8243; show_more=&#8220;on&#8220; show_author=&#8220;off&#8220; disabled_on=&#8220;on|on|off&#8220; _builder_version=&#8220;4.21.0&#8243; _module_preset=&#8220;default&#8220; body_text_color=&#8220;#001035&#8243; meta_text_color=&#8220;#000000&#8243; read_more_text_color=&#8220;#e24400&#8243; border_color_all_fullwidth=&#8220;#0C71C3&#8243; global_colors_info=&#8220;{}&#8220; theme_builder_area=&#8220;post_content&#8220;][\/et_pb_blog][et_pb_blog posts_number=&#8220;5&#8243; include_categories=&#8220;12,16&#8243; show_thumbnail=&#8220;off&#8220; use_manual_excerpt=&#8220;off&#8220; excerpt_length=&#8220;100&#8243; show_author=&#8220;off&#8220; show_categories=&#8220;off&#8220; show_excerpt=&#8220;off&#8220; disabled_on=&#8220;off|off|on&#8220; _builder_version=&#8220;4.21.0&#8243; _module_preset=&#8220;default&#8220; body_text_color=&#8220;#001035&#8243; meta_text_color=&#8220;#000000&#8243; read_more_text_color=&#8220;#e24400&#8243; border_color_all_fullwidth=&#8220;#0C71C3&#8243; global_colors_info=&#8220;{}&#8220; theme_builder_area=&#8220;post_content&#8220;][\/et_pb_blog][\/et_pb_column][et_pb_column type=&#8220;1_3&#8243; _builder_version=&#8220;4.21.0&#8243; _module_preset=&#8220;default&#8220; global_colors_info=&#8220;{}&#8220; theme_builder_area=&#8220;post_content&#8220;][et_pb_text _builder_version=&#8220;4.21.0&#8243; _module_preset=&#8220;default&#8220; global_colors_info=&#8220;{}&#8220; theme_builder_area=&#8220;post_content&#8220;]\n<h3><strong>Trainer\/-innen<\/strong><\/h3>\n[\/et_pb_text][et_pb_text _builder_version=&#8220;4.21.0&#8243; _module_preset=&#8220;default&#8220; custom_padding=&#8220;||||false|false&#8220; border_radii=&#8220;on|0px|0px|0px|0px&#8220; border_color_all=&#8220;RGBA(255,255,255,0)&#8220; global_colors_info=&#8220;{}&#8220; theme_builder_area=&#8220;post_content&#8220;]\n<h4 class=\"et_pb_module_header\"><a href=\"https:\/\/www.hundevereinarheilgen.de\/WP3\/wp-content\/uploads\/2011\/04\/walburga-m\u00fcller.jpg\"><\/a><a href=\"https:\/\/www.hundevereinarheilgen.de\/WP3\/wp-content\/uploads\/2023\/08\/wolfgang-weber_2-jpg.webp\"><img loading=\"lazy\" decoding=\"async\" src=\"https:\/\/www.hundevereinarheilgen.de\/WP3\/wp-content\/uploads\/2023\/08\/wolfgang-weber_2-jpg.webp\" width=\"300\" height=\"300\" alt=\"\" class=\"wp-image-14999 alignnone size-full\" srcset=\"https:\/\/www.hundevereinarheilgen.de\/WP3\/wp-content\/uploads\/2023\/08\/wolfgang-weber_2-jpg.webp 300w, https:\/\/www.hundevereinarheilgen.de\/WP3\/wp-content\/uploads\/2023\/08\/wolfgang-weber_2-150x150.webp 150w\" sizes=\"auto, (max-width: 300px) 100vw, 300px\" \/><\/a><a href=\"https:\/\/www.hundevereinarheilgen.de\/WP3\/wp-content\/uploads\/2023\/08\/soeren-marquardt_2-jpg.webp\"><\/a><a href=\"https:\/\/www.hundevereinarheilgen.de\/WP3\/wp-content\/uploads\/2023\/08\/soeren-marquardt_2.jpg\"><\/a><a href=\"https:\/\/www.hundevereinarheilgen.de\/WP3\/wp-content\/uploads\/2011\/04\/walburga-m\u00fcller.jpg\"><\/a><\/h4>\n<h4>Wolfgang Weber<\/h4>\n<p>2. Vorsitzender<\/p>\n<p><span>Obmann f\u00fcr Rally Obedience<\/span><\/p>\n<p>Trainer <span>f\u00fcr Rally Obedience<\/span><\/p>\n<p><a href=\"mailto:rally@hundevereinarheilgen.de\">Mail an rally@hundevereinarheilgen.de<\/a><\/p>\n<p>&nbsp;<\/p>\n[\/et_pb_text][et_pb_text _builder_version=&#8220;4.21.0&#8243; _module_preset=&#8220;default&#8220; custom_padding=&#8220;||||false|false&#8220; hover_enabled=&#8220;0&#8243; border_radii=&#8220;on|0px|0px|0px|0px&#8220; border_color_all=&#8220;RGBA(255,255,255,0)&#8220; global_colors_info=&#8220;{}&#8220; theme_builder_area=&#8220;post_content&#8220; sticky_enabled=&#8220;0&#8243;]\n<h4 class=\"et_pb_module_header\"><a href=\"https:\/\/www.hundevereinarheilgen.de\/WP3\/wp-content\/uploads\/2011\/04\/walburga-m\u00fcller.jpg\"><\/a><a href=\"https:\/\/www.hundevereinarheilgen.de\/WP3\/wp-content\/uploads\/2023\/08\/wolfgang-weber_2-jpg.webp\"><\/a><a href=\"https:\/\/www.hundevereinarheilgen.de\/WP3\/wp-content\/uploads\/2024\/11\/Meike-Schurr.jpg\"><img loading=\"lazy\" decoding=\"async\" src=\"https:\/\/www.hundevereinarheilgen.de\/WP3\/wp-content\/uploads\/2024\/11\/Meike-Schurr.jpg\" width=\"300\" height=\"300\" alt=\"\" class=\"wp-image-18816 alignnone size-full\" srcset=\"https:\/\/www.hundevereinarheilgen.de\/WP3\/wp-content\/uploads\/2024\/11\/Meike-Schurr.jpg 300w, https:\/\/www.hundevereinarheilgen.de\/WP3\/wp-content\/uploads\/2024\/11\/Meike-Schurr-150x150.jpg 150w\" sizes=\"auto, (max-width: 300px) 100vw, 300px\" \/><\/a><a href=\"https:\/\/www.hundevereinarheilgen.de\/WP3\/wp-content\/uploads\/2023\/08\/wolfgang-weber_2-jpg.webp\"><\/a><\/h4>\n<h4><span>Meike Schurr<\/span><\/h4>\n<p>Trainerin <span>f\u00fcr Rally Obedience<\/span><\/p>\n<p>&nbsp;<\/p>\n[\/et_pb_text][et_pb_text _builder_version=&#8220;4.21.0&#8243; _module_preset=&#8220;default&#8220; custom_padding=&#8220;||||false|false&#8220; border_radii=&#8220;on|0px|0px|0px|0px&#8220; border_color_all=&#8220;RGBA(255,255,255,0)&#8220; global_colors_info=&#8220;{}&#8220; theme_builder_area=&#8220;post_content&#8220;]\n<h4 class=\"et_pb_module_header\"><a href=\"https:\/\/www.hundevereinarheilgen.de\/WP3\/wp-content\/uploads\/2011\/04\/walburga-m\u00fcller.jpg\"><\/a><a href=\"https:\/\/www.hundevereinarheilgen.de\/WP3\/wp-content\/uploads\/2023\/08\/wolfgang-weber_2-jpg.webp\"><\/a><a href=\"https:\/\/www.hundevereinarheilgen.de\/WP3\/wp-content\/uploads\/2023\/08\/roland-griesch_2-jpg.webp\"><img loading=\"lazy\" decoding=\"async\" src=\"https:\/\/www.hundevereinarheilgen.de\/WP3\/wp-content\/uploads\/2023\/08\/roland-griesch_2-jpg.webp\" width=\"300\" height=\"300\" alt=\"\" class=\"wp-image-15003 alignnone size-full\" srcset=\"https:\/\/www.hundevereinarheilgen.de\/WP3\/wp-content\/uploads\/2023\/08\/roland-griesch_2-jpg.webp 300w, https:\/\/www.hundevereinarheilgen.de\/WP3\/wp-content\/uploads\/2023\/08\/roland-griesch_2-150x150.webp 150w\" sizes=\"auto, (max-width: 300px) 100vw, 300px\" \/><\/a><a href=\"https:\/\/www.hundevereinarheilgen.de\/WP3\/wp-content\/uploads\/2023\/08\/wolfgang-weber_2-jpg.webp\"><\/a><\/h4>\n<h4><span>Roland Griesch<\/span><\/h4>\n<p>Trainer <span>f\u00fcr Rally Obedience<\/span><\/p>\n<p>&nbsp;<\/p>\n[\/et_pb_text][\/et_pb_column][\/et_pb_row][\/et_pb_section]\n","protected":false},"excerpt":{"rendered":"<p>Rally Obedience \u00dcbungszeiten Tag Uhrzeit Training Donnerstag ab 18:00 Rally Obedience &nbsp; F\u00fcr jede \u00dcbungsstunde gilt: Immer rechtzeitig da sein und den Hund auch einen Gassigang vorher erm\u00f6glichen. Verschiebungen der \u00dcbungszeiten um ca. eine Viertelstunde sind immer mal m\u00f6glich. Immer an das Spielzeug, das Futter und die richtige Leine und das richtige Halsband denken\u2026 &nbsp; Info [&hellip;]<\/p>\n","protected":false},"author":4,"featured_media":0,"parent":2027,"menu_order":7,"comment_status":"closed","ping_status":"closed","template":"","meta":{"_et_pb_use_builder":"on","_et_pb_old_content":"<p>\u00a0<\/p><h3>\u00dcbungszeiten<\/h3><table border=\"1\" cellspacing=\"0\" cellpadding=\"0\"><tbody><tr><th>Tag<\/th><th>Uhrzeit<\/th><th>\u00dcbungen<\/th><th>Leitender Trainer<\/th><\/tr><tr><td>Donnerstag<\/td><td>ab 18:00<\/td><td>Rally Obedience<\/td><td>Wolfgang Weber<\/td><\/tr><\/tbody><\/table><p>Stand 07.01.2014<\/p><p>F\u00fcr jede \u00dcbungsstunde gilt: Immer rechtzeitig da sein und den Hund auch einen Gassigang vorher erm\u00f6glichen. Verschiebungen der \u00dcbungszeiten um ca. eine Viertelstunde sind immer mal m\u00f6glich. Immer an das Spielzeug, das Futter und die richtige Leine und das richtige Halsband denken...<\/p><hr><p>[events_show type=\"default\" category=14]<\/p>","_et_gb_content_width":"","ngg_post_thumbnail":0,"footnotes":"","_wp_rev_ctl_limit":""},"class_list":["post-1745","page","type-page","status-publish","hentry"],"_links":{"self":[{"href":"https:\/\/www.hundevereinarheilgen.de\/WP3\/wp-json\/wp\/v2\/pages\/1745","targetHints":{"allow":["GET"]}}],"collection":[{"href":"https:\/\/www.hundevereinarheilgen.de\/WP3\/wp-json\/wp\/v2\/pages"}],"about":[{"href":"https:\/\/www.hundevereinarheilgen.de\/WP3\/wp-json\/wp\/v2\/types\/page"}],"author":[{"embeddable":true,"href":"https:\/\/www.hundevereinarheilgen.de\/WP3\/wp-json\/wp\/v2\/users\/4"}],"replies":[{"embeddable":true,"href":"https:\/\/www.hundevereinarheilgen.de\/WP3\/wp-json\/wp\/v2\/comments?post=1745"}],"version-history":[{"count":18,"href":"https:\/\/www.hundevereinarheilgen.de\/WP3\/wp-json\/wp\/v2\/pages\/1745\/revisions"}],"predecessor-version":[{"id":18817,"href":"https:\/\/www.hundevereinarheilgen.de\/WP3\/wp-json\/wp\/v2\/pages\/1745\/revisions\/18817"}],"up":[{"embeddable":true,"href":"https:\/\/www.hundevereinarheilgen.de\/WP3\/wp-json\/wp\/v2\/pages\/2027"}],"wp:attachment":[{"href":"https:\/\/www.hundevereinarheilgen.de\/WP3\/wp-json\/wp\/v2\/media?parent=1745"}],"curies":[{"name":"wp","href":"https:\/\/api.w.org\/{rel}","templated":true}]}}