{"id":16,"date":"2011-03-24T20:33:20","date_gmt":"2011-03-24T19:33:20","guid":{"rendered":"http:\/\/www.hundevereinarheilgen.de\/WP3\/?page_id=16"},"modified":"2025-03-08T09:25:02","modified_gmt":"2025-03-08T08:25:02","slug":"obedience","status":"publish","type":"page","link":"https:\/\/www.hundevereinarheilgen.de\/WP3\/sportangebote\/obedience\/","title":{"rendered":"Obedience"},"content":{"rendered":"[et_pb_section fb_built=&#8220;1&#8243; _builder_version=&#8220;4.21.0&#8243; _module_preset=&#8220;default&#8220; background_color=&#8220;gcid-5b80b587-516a-41df-b6f7-87ae858d15f3&#8243; locked=&#8220;off&#8220; global_colors_info=&#8220;{%22gcid-5b80b587-516a-41df-b6f7-87ae858d15f3%22:%91%22background_color%22%93}&#8220; theme_builder_area=&#8220;post_content&#8220;][et_pb_row column_structure=&#8220;2_3,1_3&#8243; _builder_version=&#8220;4.21.0&#8243; _module_preset=&#8220;default&#8220; global_colors_info=&#8220;{}&#8220; theme_builder_area=&#8220;post_content&#8220;][et_pb_column type=&#8220;2_3&#8243; _builder_version=&#8220;4.21.0&#8243; _module_preset=&#8220;default&#8220; global_colors_info=&#8220;{}&#8220; theme_builder_area=&#8220;post_content&#8220;][et_pb_text _builder_version=&#8220;4.21.0&#8243; _module_preset=&#8220;default&#8220; global_module=&#8220;16355&#8243; saved_tabs=&#8220;all&#8220; locked=&#8220;off&#8220; global_colors_info=&#8220;{}&#8220; theme_builder_area=&#8220;post_content&#8220;]\n<h2><strong>Obedience<\/strong><\/h2>\n<h3><strong><\/strong><\/h3>\n<h3><strong>\u00dcbungszeiten<\/strong><\/h3>\n[\/et_pb_text][et_pb_text _builder_version=&#8220;4.21.0&#8243; _module_preset=&#8220;default&#8220; global_module=&#8220;16370&#8243; saved_tabs=&#8220;all&#8220; locked=&#8220;off&#8220; global_colors_info=&#8220;{}&#8220; theme_builder_area=&#8220;post_content&#8220;]\n<table border=\"1\" style=\"height: 102px; width: 100%; border-collapse: collapse; border-style: none; float: left;\">\n<tbody>\n<tr style=\"height: 10px;\">\n<td style=\"width: 16.5028%; height: 24px;\"><strong>Tag<\/strong><\/td>\n<td style=\"width: 20.4265%; height: 24px;\"><strong>Uhrzeit<\/strong><\/td>\n<td style=\"width: 63.0355%; height: 24px;\"><strong>Training<\/strong><\/td>\n<\/tr>\n<tr>\n<td style=\"width: 16.5028%;\">Montag<\/td>\n<td style=\"width: 20.4265%;\">ab 18:30<\/td>\n<td style=\"width: 63.0355%;\">Beginner\/ Klasse 1<\/td>\n<\/tr>\n<tr>\n<td style=\"width: 16.5028%;\">Montag<\/td>\n<td style=\"width: 20.4265%;\">ab 19:30<\/td>\n<td style=\"width: 63.0355%;\">Klasse 2\/3<\/td>\n<\/tr>\n<\/tbody>\n<\/table>\n<p>&nbsp;<\/p>\n[\/et_pb_text][et_pb_text _builder_version=&#8220;4.21.0&#8243; _module_preset=&#8220;default&#8220; global_module=&#8220;16338&#8243; saved_tabs=&#8220;all&#8220; locked=&#8220;off&#8220; global_colors_info=&#8220;{}&#8220; theme_builder_area=&#8220;post_content&#8220;]\n<p>F\u00fcr jede \u00dcbungsstunde gilt: Immer rechtzeitig da sein und den Hund auch einen Gassigang vorher erm\u00f6glichen. Verschiebungen der \u00dcbungszeiten um ca. eine Viertelstunde sind immer mal m\u00f6glich. Immer an das Spielzeug, das Futter und die richtige Leine und das richtige Halsband denken\u2026<\/p>\n<p>&nbsp;<\/p>\n[\/et_pb_text][et_pb_text _builder_version=&#8220;4.21.0&#8243; _module_preset=&#8220;default&#8220; custom_padding=&#8220;||||false|false&#8220; border_color_all=&#8220;RGBA(255,255,255,0)&#8220; global_colors_info=&#8220;{}&#8220; theme_builder_area=&#8220;post_content&#8220;]\n<h3><strong>Info OBI<\/strong><\/h3>\n<p>Was verbirgt sich hinter der Sportart\u00a0\u201eObedience\u201c.<\/p>\n<p>Sie wird auch als die \u201ehohe Schule des Gehorsams\u201c bezeichnet. Was aber nicht hei\u00dfen soll, dass nur besonders schlaue Hunde oder ausgew\u00e4hlte Rassen diesen Sport aus\u00fcben k\u00f6nnen. Ob gro\u00dfer oder kleiner Hund, lange oder kurze Beine, darauf kommt es nicht an. Wichtig ist das perfekte Zusammenspiel zwischen Mensch und Hund. Die Anforderungen beginnen mit einfachen Grund\u00fcbungen und steigern sich nach und nach. Der Hundef\u00fchrer ben\u00f6tigt keine besondere sportliche Fitness, daf\u00fcr aber eine Menge Geduld und Spa\u00df an der vielf\u00e4ltigen Arbeit mit seinem Hund.<\/p>\n<p>Nach der Basisausbildung beginnt die Ausbildung im Obedience. Die Obedience-Pr\u00fcfungen sind in vier Pr\u00fcfungsstufen unterteilt und fangen mit der Beginner-Klasse an. Diese beinhaltet beispielsweise die Sozialvertr\u00e4glichkeit gegen\u00fcber Menschen und anderen Hunden. Der Hund muss sich dabei neutral verhalten. Dann geh\u00f6ren \u00dcbungen des Grundgehorsams, angelehnt an die Begleithundepr\u00fcfung, dazu. Neben der Fu\u00dfarbeit sind dies Sitz- und Platz\u00fcbungen und das Abrufen des Hundes. Aber auch\u00a0das in der Gruppe ausgef\u00fchrte Stehen mit Betasten geh\u00f6rt dazu. In dieser und allen weiteren Klassen kommen dann die so genannten \u201eBleib\u00fcbungen\u201c hinzu. Das sind Sitz- und Platz\u00fcbungen, die mit mehreren Hunden gleichzeitig durchgef\u00fchrt werden. Des Weiteren gibt es Einzel\u00fcbungen, die in ihren Anforderungen mit jeder Klasse steigen, so beispielsweise Voraussenden an eine vorgegebene Stelle, Apportieren verschiedener Materialien wie Holz und Metall, auch \u00fcber eine H\u00fcrde. Au\u00dferdem gibt es die Distanzkontrolle. Dies ist eine \u00dcbung bei der der Hund auf Kommando die Positionen Steh, Sitz und Platz auf Entfernung wechselt. In einer Pr\u00fcfung werden alle \u00dcbungsschritte von einem Steward angesagt. Dass hei\u00dft, der Hundef\u00fchrer arbeitet nicht selbstst\u00e4ndig und es gibt kein festes<br \/>Laufschema, das dem Hund langweilig werden kann.<\/p>\n<p>Obedience bietet sowohl dem Hund als auch seinem Hundef\u00fchrer eine anspruchsvolle Teamarbeit mit vielf\u00e4ltigen Aufgabenstellungen, bei der auch Arbeitsfreude und Motivation nicht zu kurz kommen.\u00a0<\/p>\n[\/et_pb_text][et_pb_text _builder_version=&#8220;4.21.0&#8243; _module_preset=&#8220;default&#8220; custom_padding=&#8220;||||false|false&#8220; border_color_all=&#8220;#0C71C3&#8243; global_colors_info=&#8220;{}&#8220; theme_builder_area=&#8220;post_content&#8220;]\n<h2><strong>Termine \/ Trainingsausf\u00e4lle:<\/strong><\/h2>\n[\/et_pb_text][et_pb_code _builder_version=&#8220;4.21.0&#8243; _module_preset=&#8220;default&#8220; global_colors_info=&#8220;{}&#8220; theme_builder_area=&#8220;post_content&#8220;]<div class=\"em em-view-container\" id=\"em-view-1710441891\" data-view=\"list-grouped\">\r\n\t<div class=\"em em-list em-events-list em-events-list-grouped\" id=\"em-events-list-grouped-1710441891\">\r\n\t-\t<\/div>\r\n<\/div>[\/et_pb_code][et_pb_text _builder_version=&#8220;4.21.0&#8243; _module_preset=&#8220;default&#8220; custom_padding=&#8220;||||false|false&#8220; border_color_all=&#8220;RGBA(255,255,255,0)&#8220; global_colors_info=&#8220;{}&#8220; theme_builder_area=&#8220;post_content&#8220;]\n<h2><strong>Beitr\u00e4ge \/ Berichte \/ Ergebnisse &#8230;<\/strong><\/h2>\n<p><strong><\/strong><\/p>\n[\/et_pb_text][et_pb_blog posts_number=&#8220;5&#8243; include_categories=&#8220;5,15&#8243; use_manual_excerpt=&#8220;off&#8220; excerpt_length=&#8220;100&#8243; show_more=&#8220;on&#8220; show_author=&#8220;off&#8220; disabled_on=&#8220;on|on|off&#8220; _builder_version=&#8220;4.21.0&#8243; _module_preset=&#8220;default&#8220; body_text_color=&#8220;#001035&#8243; meta_text_color=&#8220;#000000&#8243; read_more_text_color=&#8220;#e24400&#8243; border_color_all_fullwidth=&#8220;#0C71C3&#8243; global_colors_info=&#8220;{}&#8220; theme_builder_area=&#8220;post_content&#8220;][\/et_pb_blog][et_pb_blog posts_number=&#8220;5&#8243; include_categories=&#8220;5,15&#8243; show_thumbnail=&#8220;off&#8220; use_manual_excerpt=&#8220;off&#8220; excerpt_length=&#8220;100&#8243; show_author=&#8220;off&#8220; show_categories=&#8220;off&#8220; show_excerpt=&#8220;off&#8220; disabled_on=&#8220;off|off|on&#8220; _builder_version=&#8220;4.21.0&#8243; _module_preset=&#8220;default&#8220; body_text_color=&#8220;#001035&#8243; meta_text_color=&#8220;#000000&#8243; read_more_text_color=&#8220;#e24400&#8243; border_color_all_fullwidth=&#8220;#0C71C3&#8243; global_colors_info=&#8220;{}&#8220; theme_builder_area=&#8220;post_content&#8220;][\/et_pb_blog][\/et_pb_column][et_pb_column type=&#8220;1_3&#8243; _builder_version=&#8220;4.21.0&#8243; _module_preset=&#8220;default&#8220; global_colors_info=&#8220;{}&#8220; theme_builder_area=&#8220;post_content&#8220;][et_pb_text _builder_version=&#8220;4.21.0&#8243; _module_preset=&#8220;default&#8220; hover_enabled=&#8220;0&#8243; global_colors_info=&#8220;{}&#8220; theme_builder_area=&#8220;post_content&#8220; sticky_enabled=&#8220;0&#8243;]\n<h3><strong>Trainer\/-innen<\/strong><\/h3>\n[\/et_pb_text][et_pb_text _builder_version=&#8220;4.21.0&#8243; _module_preset=&#8220;default&#8220; custom_padding=&#8220;||||false|false&#8220; hover_enabled=&#8220;0&#8243; border_radii=&#8220;on|0px|0px|0px|0px&#8220; border_color_all=&#8220;RGBA(255,255,255,0)&#8220; global_colors_info=&#8220;{}&#8220; theme_builder_area=&#8220;post_content&#8220; sticky_enabled=&#8220;0&#8243;]\n<h4 class=\"et_pb_module_header\"><a href=\"https:\/\/www.hundevereinarheilgen.de\/WP3\/wp-content\/uploads\/2011\/04\/walburga-m\u00fcller.jpg\"><\/a><a href=\"https:\/\/www.hundevereinarheilgen.de\/WP3\/wp-content\/uploads\/2023\/08\/wolfgang-weber_2-jpg.webp\"><\/a><a href=\"https:\/\/www.hundevereinarheilgen.de\/WP3\/wp-content\/uploads\/2023\/08\/roland-griesch_2-jpg.webp\"><img loading=\"lazy\" decoding=\"async\" src=\"https:\/\/www.hundevereinarheilgen.de\/WP3\/wp-content\/uploads\/2023\/08\/roland-griesch_2-jpg.webp\" width=\"300\" height=\"300\" alt=\"\" class=\"wp-image-15003 alignnone size-full\" srcset=\"https:\/\/www.hundevereinarheilgen.de\/WP3\/wp-content\/uploads\/2023\/08\/roland-griesch_2-jpg.webp 300w, https:\/\/www.hundevereinarheilgen.de\/WP3\/wp-content\/uploads\/2023\/08\/roland-griesch_2-150x150.webp 150w\" sizes=\"auto, (max-width: 300px) 100vw, 300px\" \/><\/a><a href=\"https:\/\/www.hundevereinarheilgen.de\/WP3\/wp-content\/uploads\/2023\/08\/wolfgang-weber_2-jpg.webp\"><\/a><a href=\"https:\/\/www.hundevereinarheilgen.de\/WP3\/wp-content\/uploads\/2023\/08\/soeren-marquardt_2-jpg.webp\"><\/a><a href=\"https:\/\/www.hundevereinarheilgen.de\/WP3\/wp-content\/uploads\/2023\/08\/soeren-marquardt_2.jpg\"><\/a><a href=\"https:\/\/www.hundevereinarheilgen.de\/WP3\/wp-content\/uploads\/2011\/04\/walburga-m\u00fcller.jpg\"><\/a><\/h4>\n<h4><span>Roland Griesch<\/span><\/h4>\n<p><span><\/span><\/p>\n<p><span>Obmann f\u00fcr Obedience<\/span><\/p>\n<p>Trainer <span>f\u00fcr Obedience<\/span><\/p>\n<p><span><a href=\"mailto:obi@hundevereinarheilgen.de\">Mail an obi@hundevereinarheilgen.de<\/a><\/span><\/p>\n[\/et_pb_text][et_pb_text _builder_version=&#8220;4.21.0&#8243; _module_preset=&#8220;default&#8220; custom_padding=&#8220;||||false|false&#8220; border_radii=&#8220;on|0px|0px|0px|0px&#8220; border_color_all=&#8220;RGBA(255,255,255,0)&#8220; global_colors_info=&#8220;{}&#8220; theme_builder_area=&#8220;post_content&#8220;]\n<h4 class=\"et_pb_module_header\"><a href=\"https:\/\/www.hundevereinarheilgen.de\/WP3\/wp-content\/uploads\/2011\/04\/walburga-m\u00fcller.jpg\"><\/a><a href=\"https:\/\/www.hundevereinarheilgen.de\/WP3\/wp-content\/uploads\/2023\/08\/wolfgang-weber_2-jpg.webp\"><\/a><a href=\"https:\/\/www.hundevereinarheilgen.de\/WP3\/wp-content\/uploads\/2024\/11\/Andrea-Rotter.jpg\"><img loading=\"lazy\" decoding=\"async\" src=\"https:\/\/www.hundevereinarheilgen.de\/WP3\/wp-content\/uploads\/2024\/11\/Andrea-Rotter.jpg\" width=\"300\" height=\"300\" alt=\"\" class=\"wp-image-18813 alignnone size-full\" srcset=\"https:\/\/www.hundevereinarheilgen.de\/WP3\/wp-content\/uploads\/2024\/11\/Andrea-Rotter.jpg 300w, https:\/\/www.hundevereinarheilgen.de\/WP3\/wp-content\/uploads\/2024\/11\/Andrea-Rotter-150x150.jpg 150w\" sizes=\"auto, (max-width: 300px) 100vw, 300px\" \/><\/a><a href=\"https:\/\/www.hundevereinarheilgen.de\/WP3\/wp-content\/uploads\/2023\/08\/wolfgang-weber_2-jpg.webp\"><\/a><\/h4>\n<h4><span>Andrea Rotter<\/span><\/h4>\n<p>Trainerin <span>f\u00fcr Obedience<\/span><\/p>\n<p><span><\/span><\/p>\n[\/et_pb_text][\/et_pb_column][\/et_pb_row][\/et_pb_section]\n","protected":false},"excerpt":{"rendered":"<p>Obedience \u00dcbungszeiten Tag Uhrzeit Training Montag ab 18:30 Beginner\/ Klasse 1 Montag ab 19:30 Klasse 2\/3 &nbsp; F\u00fcr jede \u00dcbungsstunde gilt: Immer rechtzeitig da sein und den Hund auch einen Gassigang vorher erm\u00f6glichen. Verschiebungen der \u00dcbungszeiten um ca. eine Viertelstunde sind immer mal m\u00f6glich. Immer an das Spielzeug, das Futter und die richtige Leine und [&hellip;]<\/p>\n","protected":false},"author":17,"featured_media":0,"parent":2027,"menu_order":6,"comment_status":"open","ping_status":"closed","template":"","meta":{"_et_pb_use_builder":"on","_et_pb_old_content":"<h3>\u00dcbungszeiten<\/h3><table border=\"1\" cellspacing=\"0\" cellpadding=\"0\"><tbody><tr><th>Tag<\/th><th>Uhrzeit<\/th><th>\u00dcbungen<\/th><th>Leitender Trainer<\/th><\/tr><tr><td>Montag<\/td><td>ab\u00a018:30<\/td><td>Beginner\/Klasse 1<\/td><td>Wolfgang Weber<\/td><\/tr><tr><td>Montag<\/td><td>ab 19:30<\/td><td>Klasse 2\/3<\/td><td>Wolfgang Weber<\/td><\/tr><\/tbody><\/table><p>Stand 07.04.2016<\/p><p>F\u00fcr jede \u00dcbungsstunde gilt: Immer rechtzeitig da sein und den Hund auch einen Gassigang vorher erm\u00f6glichen. Verschiebungen der \u00dcbungszeiten um ca. eine Viertelstunde sind immer mal m\u00f6glich. Immer an das Spielzeug, das Futter und die richtige Leine und das richtige Halsband denken...<\/p><hr><p>[events_show type=\"default\" category=11]<\/p><p>\u00a0<\/p>","_et_gb_content_width":"","ngg_post_thumbnail":0,"footnotes":"","_wp_rev_ctl_limit":""},"class_list":["post-16","page","type-page","status-publish","hentry"],"_links":{"self":[{"href":"https:\/\/www.hundevereinarheilgen.de\/WP3\/wp-json\/wp\/v2\/pages\/16","targetHints":{"allow":["GET"]}}],"collection":[{"href":"https:\/\/www.hundevereinarheilgen.de\/WP3\/wp-json\/wp\/v2\/pages"}],"about":[{"href":"https:\/\/www.hundevereinarheilgen.de\/WP3\/wp-json\/wp\/v2\/types\/page"}],"author":[{"embeddable":true,"href":"https:\/\/www.hundevereinarheilgen.de\/WP3\/wp-json\/wp\/v2\/users\/17"}],"replies":[{"embeddable":true,"href":"https:\/\/www.hundevereinarheilgen.de\/WP3\/wp-json\/wp\/v2\/comments?post=16"}],"version-history":[{"count":17,"href":"https:\/\/www.hundevereinarheilgen.de\/WP3\/wp-json\/wp\/v2\/pages\/16\/revisions"}],"predecessor-version":[{"id":19117,"href":"https:\/\/www.hundevereinarheilgen.de\/WP3\/wp-json\/wp\/v2\/pages\/16\/revisions\/19117"}],"up":[{"embeddable":true,"href":"https:\/\/www.hundevereinarheilgen.de\/WP3\/wp-json\/wp\/v2\/pages\/2027"}],"wp:attachment":[{"href":"https:\/\/www.hundevereinarheilgen.de\/WP3\/wp-json\/wp\/v2\/media?parent=16"}],"curies":[{"name":"wp","href":"https:\/\/api.w.org\/{rel}","templated":true}]}}