{"id":15350,"date":"2023-08-18T07:26:50","date_gmt":"2023-08-18T05:26:50","guid":{"rendered":"https:\/\/www.hundevereinarheilgen.de\/WP3\/?page_id=15350"},"modified":"2024-10-05T08:33:57","modified_gmt":"2024-10-05T06:33:57","slug":"stoebern","status":"publish","type":"page","link":"https:\/\/www.hundevereinarheilgen.de\/WP3\/sportangebote\/stoebern\/","title":{"rendered":"St\u00f6bern"},"content":{"rendered":"[et_pb_section fb_built=&#8220;1&#8243; _builder_version=&#8220;4.21.0&#8243; _module_preset=&#8220;default&#8220; background_color=&#8220;gcid-5b80b587-516a-41df-b6f7-87ae858d15f3&#8243; locked=&#8220;off&#8220; global_colors_info=&#8220;{%22gcid-5b80b587-516a-41df-b6f7-87ae858d15f3%22:%91%22background_color%22,%22background_color%22%93}&#8220; theme_builder_area=&#8220;post_content&#8220;][et_pb_row column_structure=&#8220;2_3,1_3&#8243; _builder_version=&#8220;4.21.0&#8243; _module_preset=&#8220;default&#8220; global_colors_info=&#8220;{}&#8220; theme_builder_area=&#8220;post_content&#8220;][et_pb_column type=&#8220;2_3&#8243; _builder_version=&#8220;4.21.0&#8243; _module_preset=&#8220;default&#8220; global_colors_info=&#8220;{}&#8220; theme_builder_area=&#8220;post_content&#8220;][et_pb_text _builder_version=&#8220;4.21.0&#8243; _module_preset=&#8220;default&#8220; global_module=&#8220;16355&#8243; saved_tabs=&#8220;all&#8220; locked=&#8220;off&#8220; global_colors_info=&#8220;{}&#8220; theme_builder_area=&#8220;post_content&#8220;]\n<h2><strong>St\u00f6bern<\/strong><\/h2>\n<h3><strong><\/strong><\/h3>\n<h3><strong>\u00dcbungszeiten<\/strong><\/h3>\n[\/et_pb_text][et_pb_text _builder_version=&#8220;4.21.0&#8243; _module_preset=&#8220;default&#8220; global_module=&#8220;16376&#8243; saved_tabs=&#8220;all&#8220; locked=&#8220;off&#8220; global_colors_info=&#8220;{}&#8220; theme_builder_area=&#8220;post_content&#8220;]\n<table border=\"1\" style=\"height: 35px; width: 100%; border-collapse: collapse; border-style: none; float: left;\">\n<tbody>\n<tr style=\"height: 10px;\">\n<td style=\"width: 16.5028%; height: 24px;\"><strong>Tag<\/strong><\/td>\n<td style=\"width: 20.0389%; height: 24px;\"><strong>Uhrzeit<\/strong><\/td>\n<td style=\"width: 63.4231%; height: 24px;\"><strong>Training<\/strong><\/td>\n<\/tr>\n<tr style=\"height: 11px;\">\n<td style=\"width: 16.5028%; height: 11px;\">Mittwoch<\/td>\n<td style=\"width: 20.0389%; height: 11px;\"><span>ab 19:00<\/span><\/td>\n<td style=\"width: 63.4231%; height: 11px;\"><span>St\u00f6bern<\/span><\/td>\n<\/tr>\n<\/tbody>\n<\/table>\n<p>&nbsp;<\/p>\n[\/et_pb_text][et_pb_text _builder_version=&#8220;4.21.0&#8243; _module_preset=&#8220;default&#8220; global_module=&#8220;16338&#8243; saved_tabs=&#8220;all&#8220; locked=&#8220;off&#8220; global_colors_info=&#8220;{}&#8220; theme_builder_area=&#8220;post_content&#8220;]\n<p>F\u00fcr jede \u00dcbungsstunde gilt: Immer rechtzeitig da sein und den Hund auch einen Gassigang vorher erm\u00f6glichen. Verschiebungen der \u00dcbungszeiten um ca. eine Viertelstunde sind immer mal m\u00f6glich. Immer an das Spielzeug, das Futter und die richtige Leine und das richtige Halsband denken\u2026<\/p>\n<p>&nbsp;<\/p>\n[\/et_pb_text][et_pb_text _builder_version=&#8220;4.21.0&#8243; _module_preset=&#8220;default&#8220; custom_padding=&#8220;||||false|false&#8220; border_color_all=&#8220;RGBA(255,255,255,0)&#8220; global_colors_info=&#8220;{}&#8220; theme_builder_area=&#8220;post_content&#8220;]\n<h3><strong>Info St\u00f6bern<\/strong><\/h3>\n<p>St\u00f6bern kommt urspr\u00fcnglich aus dem Gebrauchshundesport und bedeutet, dass der Hund seinen Geruchssinn, der bekanntlich viel besser als der des Menschen ist, einsetzen muss, um die ihm gestellte Aufgabe zu l\u00f6sen. Auf einer vorgegebenen Fl\u00e4che sucht der Vierbeiner also mit Hilfe seiner Nase verschiedene, ihm unbekannte Gegenst\u00e4nde aus Holz, Stoff, Leder oder Filz und zeigt sie dann durch ein Sitz, Steh oder Platz an. Das Gel\u00e4nde, auf dem der Hund sucht, kann unterschiedlich sein und variiert je nach Leistungsklasse in der Gr\u00f6\u00dfe. Bekanntlich ist Nasenarbeit eine gute k\u00f6rperliche und geistige Auslastung f\u00fcr jeden Hund, unabh\u00e4ngig von seiner Alter und\/oder seiner Rasse und macht allen Beteiligten viel Spa\u00df.<\/p>\n[\/et_pb_text][et_pb_text _builder_version=&#8220;4.21.0&#8243; _module_preset=&#8220;default&#8220; custom_padding=&#8220;||||false|false&#8220; hover_enabled=&#8220;0&#8243; border_color_all=&#8220;#0C71C3&#8243; global_colors_info=&#8220;{}&#8220; theme_builder_area=&#8220;post_content&#8220; sticky_enabled=&#8220;0&#8243;]\n<h2><strong>Termine \/ Trainingsausf\u00e4lle:<\/strong><\/h2>\n[\/et_pb_text][et_pb_code _builder_version=&#8220;4.21.0&#8243; _module_preset=&#8220;default&#8220; theme_builder_area=&#8220;post_content&#8220; hover_enabled=&#8220;0&#8243; sticky_enabled=&#8220;0&#8243;]<div class=\"em em-view-container\" id=\"em-view-339514218\" data-view=\"list-grouped\">\r\n\t<div class=\"em em-list em-events-list em-events-list-grouped\" id=\"em-events-list-grouped-339514218\">\r\n\t-\t<\/div>\r\n<\/div>[\/et_pb_code][et_pb_text _builder_version=&#8220;4.21.0&#8243; _module_preset=&#8220;default&#8220; custom_padding=&#8220;||||false|false&#8220; border_color_all=&#8220;RGBA(255,255,255,0)&#8220; global_colors_info=&#8220;{}&#8220; theme_builder_area=&#8220;post_content&#8220;]\n<h2><strong>Beitr\u00e4ge \/ Berichte \/ Ergebnisse &#8230;<\/strong><\/h2>\n<p><strong><\/strong><\/p>\n[\/et_pb_text][et_pb_blog posts_number=&#8220;5&#8243; include_categories=&#8220;72&#8243; use_manual_excerpt=&#8220;off&#8220; excerpt_length=&#8220;100&#8243; show_more=&#8220;on&#8220; show_author=&#8220;off&#8220; disabled_on=&#8220;on|on|off&#8220; _builder_version=&#8220;4.21.0&#8243; _module_preset=&#8220;default&#8220; body_text_color=&#8220;#001035&#8243; meta_text_color=&#8220;#000000&#8243; read_more_text_color=&#8220;#e24400&#8243; border_color_all_fullwidth=&#8220;#0C71C3&#8243; global_colors_info=&#8220;{}&#8220; theme_builder_area=&#8220;post_content&#8220;][\/et_pb_blog][et_pb_blog posts_number=&#8220;5&#8243; include_categories=&#8220;72&#8243; show_thumbnail=&#8220;off&#8220; use_manual_excerpt=&#8220;off&#8220; excerpt_length=&#8220;100&#8243; show_author=&#8220;off&#8220; show_categories=&#8220;off&#8220; show_excerpt=&#8220;off&#8220; disabled_on=&#8220;off|off|on&#8220; _builder_version=&#8220;4.21.0&#8243; _module_preset=&#8220;default&#8220; body_text_color=&#8220;#001035&#8243; meta_text_color=&#8220;#000000&#8243; read_more_text_color=&#8220;#e24400&#8243; border_color_all_fullwidth=&#8220;#0C71C3&#8243; global_colors_info=&#8220;{}&#8220; theme_builder_area=&#8220;post_content&#8220;][\/et_pb_blog][\/et_pb_column][et_pb_column type=&#8220;1_3&#8243; _builder_version=&#8220;4.21.0&#8243; _module_preset=&#8220;default&#8220; global_colors_info=&#8220;{}&#8220; theme_builder_area=&#8220;post_content&#8220;][et_pb_text _builder_version=&#8220;4.21.0&#8243; _module_preset=&#8220;default&#8220; global_colors_info=&#8220;{}&#8220; theme_builder_area=&#8220;post_content&#8220;]\n<h3><strong>Trainer\/-innen<\/strong><\/h3>\n[\/et_pb_text][et_pb_text _builder_version=&#8220;4.21.0&#8243; _module_preset=&#8220;default&#8220; custom_padding=&#8220;||||false|false&#8220; border_radii=&#8220;on|0px|0px|0px|0px&#8220; border_color_all=&#8220;RGBA(255,255,255,0)&#8220; global_colors_info=&#8220;{}&#8220; theme_builder_area=&#8220;post_content&#8220;]\n<h4 class=\"et_pb_module_header\"><a href=\"https:\/\/www.hundevereinarheilgen.de\/WP3\/wp-content\/uploads\/2011\/04\/walburga-m\u00fcller.jpg\"><\/a><a href=\"https:\/\/www.hundevereinarheilgen.de\/WP3\/wp-content\/uploads\/2023\/08\/Susanne-Horst-jpg.webp\"><\/a><a href=\"https:\/\/www.hundevereinarheilgen.de\/WP3\/wp-content\/uploads\/2024\/03\/susanne-horst_600-jpg.webp\"><img loading=\"lazy\" decoding=\"async\" src=\"https:\/\/www.hundevereinarheilgen.de\/WP3\/wp-content\/uploads\/2024\/03\/susanne-horst_600-300x300.webp\" width=\"300\" height=\"300\" alt=\"\" class=\"wp-image-17452 alignnone size-medium\" srcset=\"https:\/\/www.hundevereinarheilgen.de\/WP3\/wp-content\/uploads\/2024\/03\/susanne-horst_600-300x300.webp 300w, https:\/\/www.hundevereinarheilgen.de\/WP3\/wp-content\/uploads\/2024\/03\/susanne-horst_600-150x150.webp 150w, https:\/\/www.hundevereinarheilgen.de\/WP3\/wp-content\/uploads\/2024\/03\/susanne-horst_600-480x480.webp 480w, https:\/\/www.hundevereinarheilgen.de\/WP3\/wp-content\/uploads\/2024\/03\/susanne-horst_600-jpg.webp 600w\" sizes=\"auto, (max-width: 300px) 100vw, 300px\" \/><\/a><a href=\"https:\/\/www.hundevereinarheilgen.de\/WP3\/wp-content\/uploads\/2023\/08\/Susanne-Horst-jpg.webp\"><\/a><a href=\"https:\/\/www.hundevereinarheilgen.de\/WP3\/wp-content\/uploads\/2011\/04\/walburga-m\u00fcller.jpg\"><\/a><\/h4>\n<h4>Susanne Horst<\/h4>\n<p>Trainerin St\u00f6bern<\/p>\n<div><a href=\"mailto:stoebern@hundevereinarheilgen.de\">Mail an stoebern@hundevereinarheilgen.de<\/a><\/div>\n[\/et_pb_text][et_pb_text _builder_version=&#8220;4.21.0&#8243; _module_preset=&#8220;default&#8220; custom_padding=&#8220;||||false|false&#8220; border_radii=&#8220;on|0px|0px|0px|0px&#8220; border_color_all=&#8220;RGBA(255,255,255,0)&#8220; global_colors_info=&#8220;{}&#8220; theme_builder_area=&#8220;post_content&#8220;]\n<h4 class=\"et_pb_module_header\"><a href=\"https:\/\/www.hundevereinarheilgen.de\/WP3\/wp-content\/uploads\/2011\/04\/walburga-m\u00fcller.jpg\"><\/a><a href=\"https:\/\/www.hundevereinarheilgen.de\/WP3\/wp-content\/uploads\/2022\/01\/Michaela-scaled.jpg\"><img loading=\"lazy\" decoding=\"async\" src=\"https:\/\/www.hundevereinarheilgen.de\/WP3\/wp-content\/uploads\/2022\/01\/Michaela-200x300.jpg\" width=\"200\" height=\"300\" alt=\"\" class=\"wp-image-12698 alignnone size-medium\" \/><\/a><a href=\"https:\/\/www.hundevereinarheilgen.de\/WP3\/wp-content\/uploads\/2023\/08\/andrea-witzel_1-jpg.webp\"><\/a><a href=\"https:\/\/www.hundevereinarheilgen.de\/WP3\/wp-content\/uploads\/2023\/08\/Eva-Ittner_2-jpg.webp\"><\/a><a href=\"https:\/\/www.hundevereinarheilgen.de\/WP3\/wp-content\/uploads\/2023\/08\/Eva-Ittner_2.jpg\"><\/a><a href=\"https:\/\/www.hundevereinarheilgen.de\/WP3\/wp-content\/uploads\/2011\/04\/walburga-m\u00fcller.jpg\"><\/a><\/h4>\n<h4>Michaela Muschler<\/h4>\n<p>Trainerin St\u00f6bern<\/p>\n[\/et_pb_text][\/et_pb_column][\/et_pb_row][\/et_pb_section]\n","protected":false},"excerpt":{"rendered":"<p>St\u00f6bern \u00dcbungszeiten Tag Uhrzeit Training Mittwoch ab 19:00 St\u00f6bern &nbsp; F\u00fcr jede \u00dcbungsstunde gilt: Immer rechtzeitig da sein und den Hund auch einen Gassigang vorher erm\u00f6glichen. Verschiebungen der \u00dcbungszeiten um ca. eine Viertelstunde sind immer mal m\u00f6glich. Immer an das Spielzeug, das Futter und die richtige Leine und das richtige Halsband denken\u2026 &nbsp; Info St\u00f6bern [&hellip;]<\/p>\n","protected":false},"author":21,"featured_media":0,"parent":2027,"menu_order":6,"comment_status":"closed","ping_status":"closed","template":"","meta":{"_et_pb_use_builder":"on","_et_pb_old_content":"","_et_gb_content_width":"","ngg_post_thumbnail":0,"footnotes":"","_wp_rev_ctl_limit":""},"class_list":["post-15350","page","type-page","status-publish","hentry"],"_links":{"self":[{"href":"https:\/\/www.hundevereinarheilgen.de\/WP3\/wp-json\/wp\/v2\/pages\/15350","targetHints":{"allow":["GET"]}}],"collection":[{"href":"https:\/\/www.hundevereinarheilgen.de\/WP3\/wp-json\/wp\/v2\/pages"}],"about":[{"href":"https:\/\/www.hundevereinarheilgen.de\/WP3\/wp-json\/wp\/v2\/types\/page"}],"author":[{"embeddable":true,"href":"https:\/\/www.hundevereinarheilgen.de\/WP3\/wp-json\/wp\/v2\/users\/21"}],"replies":[{"embeddable":true,"href":"https:\/\/www.hundevereinarheilgen.de\/WP3\/wp-json\/wp\/v2\/comments?post=15350"}],"version-history":[{"count":20,"href":"https:\/\/www.hundevereinarheilgen.de\/WP3\/wp-json\/wp\/v2\/pages\/15350\/revisions"}],"predecessor-version":[{"id":18607,"href":"https:\/\/www.hundevereinarheilgen.de\/WP3\/wp-json\/wp\/v2\/pages\/15350\/revisions\/18607"}],"up":[{"embeddable":true,"href":"https:\/\/www.hundevereinarheilgen.de\/WP3\/wp-json\/wp\/v2\/pages\/2027"}],"wp:attachment":[{"href":"https:\/\/www.hundevereinarheilgen.de\/WP3\/wp-json\/wp\/v2\/media?parent=15350"}],"curies":[{"name":"wp","href":"https:\/\/api.w.org\/{rel}","templated":true}]}}