{"id":15328,"date":"2023-08-17T19:48:19","date_gmt":"2023-08-17T17:48:19","guid":{"rendered":"https:\/\/www.hundevereinarheilgen.de\/WP3\/?page_id=15328"},"modified":"2026-01-16T20:20:30","modified_gmt":"2026-01-16T19:20:30","slug":"fun-gruppen","status":"publish","type":"page","link":"https:\/\/www.hundevereinarheilgen.de\/WP3\/sportangebote\/fun-gruppen\/","title":{"rendered":"Fun Gruppen"},"content":{"rendered":"[et_pb_section fb_built=&#8220;1&#8243; _builder_version=&#8220;4.21.0&#8243; _module_preset=&#8220;default&#8220; background_color=&#8220;gcid-5b80b587-516a-41df-b6f7-87ae858d15f3&#8243; locked=&#8220;off&#8220; global_colors_info=&#8220;{%22gcid-5b80b587-516a-41df-b6f7-87ae858d15f3%22:%91%22background_color%22%93}&#8220; theme_builder_area=&#8220;post_content&#8220;][et_pb_row column_structure=&#8220;2_3,1_3&#8243; _builder_version=&#8220;4.21.0&#8243; _module_preset=&#8220;default&#8220; global_colors_info=&#8220;{}&#8220; theme_builder_area=&#8220;post_content&#8220;][et_pb_column type=&#8220;2_3&#8243; _builder_version=&#8220;4.21.0&#8243; _module_preset=&#8220;default&#8220; global_colors_info=&#8220;{}&#8220; theme_builder_area=&#8220;post_content&#8220;][et_pb_text _builder_version=&#8220;4.21.0&#8243; _module_preset=&#8220;default&#8220; global_module=&#8220;16355&#8243; saved_tabs=&#8220;all&#8220; locked=&#8220;off&#8220; global_colors_info=&#8220;{}&#8220; theme_builder_area=&#8220;post_content&#8220;]\n<h2><strong>Fun Gruppen<\/strong><\/h2>\n<h3><strong><\/strong><\/h3>\n<h3><strong>\u00dcbungszeiten<\/strong><\/h3>\n[\/et_pb_text][et_pb_text _builder_version=&#8220;4.21.0&#8243; _module_preset=&#8220;default&#8220; global_module=&#8220;16336&#8243; saved_tabs=&#8220;all&#8220; locked=&#8220;off&#8220; global_colors_info=&#8220;{}&#8220; theme_builder_area=&#8220;post_content&#8220;]\n<table border=\"1\" style=\"height: 82px; width: 99.8925%; border-collapse: collapse; border-style: none; float: left;\">\n<tbody>\n<tr style=\"height: 10px;\">\n<td style=\"width: 16.2444%; height: 24px;\"><strong>Tag<\/strong><\/td>\n<td style=\"width: 22.0255%; height: 24px;\"><strong>Uhrzeit<\/strong><\/td>\n<td style=\"width: 61.6949%; height: 24px;\"><strong>Training<\/strong><\/td>\n<\/tr>\n<tr style=\"height: 24px;\">\n<td style=\"width: 16.2444%; height: 10px;\">Freitag<\/td>\n<td style=\"width: 22.0255%; height: 10px;\"><span>18:00 &#8211; 19:00<br \/><\/span><\/td>\n<td style=\"width: 61.6949%; height: 10px;\"><span>Sport Fun-Gruppe<br \/><\/span>Trainer: Susanne Horst und Michaela Muschler<br \/>Mail: <a href=\"mailto:gh-fungruppe-fr@hundevereinarheilgen.de\">gh-fungruppe-fr@hundevereinarheilgen.de<\/a><\/td>\n<\/tr>\n<\/tbody>\n<\/table>\n<p>&nbsp;<\/p>\n[\/et_pb_text][et_pb_text _builder_version=&#8220;4.21.0&#8243; _module_preset=&#8220;default&#8220; global_module=&#8220;16338&#8243; saved_tabs=&#8220;all&#8220; locked=&#8220;off&#8220; global_colors_info=&#8220;{}&#8220; theme_builder_area=&#8220;post_content&#8220;]\n<p>F\u00fcr jede \u00dcbungsstunde gilt: Immer rechtzeitig da sein und den Hund auch einen Gassigang vorher erm\u00f6glichen. Verschiebungen der \u00dcbungszeiten um ca. eine Viertelstunde sind immer mal m\u00f6glich. Immer an das Spielzeug, das Futter und die richtige Leine und das richtige Halsband denken\u2026<\/p>\n<p>&nbsp;<\/p>\n[\/et_pb_text][et_pb_text _builder_version=&#8220;4.21.0&#8243; _module_preset=&#8220;default&#8220; custom_padding=&#8220;||||false|false&#8220; border_color_all=&#8220;RGBA(255,255,255,0)&#8220; global_colors_info=&#8220;{}&#8220; theme_builder_area=&#8220;post_content&#8220;]\n<h3><strong>Info Sport Fun-Gruppe<\/strong><\/h3>\n<p>Langeweile mit dem Hund, nicht bei uns!<br \/>Beim Arheilger Hundeverein gibt es immer Freitags um 17:30 Uhr eine Trainingsgruppe, die es sich zur Aufgabe gemacht hat Hund und Mensch Teams ohne Pr\u00fcfungsstress, daf\u00fcr mit viel Spa\u00df, zu f\u00f6rdern. Neben den schon gebr\u00e4uchlichen \u00dcbungen zur Alltagstauglichkeit ihres Hundes, wie Sitz, Platz, das Herankommen und dem gehen an lockerer Leine, wird ihr Hund einen Abenteuerparcours mit Ihnen bew\u00e4ltigen k\u00f6nnen oder Sie haben die M\u00f6glichkeit mit ihrem Hund zu Longieren. Immer neue Ideen und M\u00f6glichkeiten verhindert dass es Ihnen oder Ihrem Hund langweilig wird.<\/p>\n<p>Sinn und Zweck der Gruppe ist es die Bindung zu Ihrem Hund zu erh\u00f6hen und auf spielerische Weise den Gehorsam zu f\u00f6rdern. Denn das Benehmen des Hundes spielt in unserer Gesellschaft eine immer gr\u00f6\u00dfere Rolle, es wird ein freundliches Wesen und gutes Benehmen von unseren Vierbeinern erwartet und noch sch\u00f6ner ist es dieses mit Spiel und Spa\u00df und ohne Pr\u00fcfungsstress zu erreichen.<\/p>\n<p>Der Hundeverein freut sich auf viele neue Hundebesitzer mit ihren Hunden. Hierbei ist es egal ob es sich um einen Rassehund oder einen Mischling handelt. Jeder kann gerne freitags kommen und sich alles anschauen \u2013 oder auch gleich mitmachen. Grunds\u00e4tzlich sollte der Hund 12 Monate alt sein. Ansprechpartnerin auf dem Platz ist Susanne Horst, wer zur Stunde kommen m\u00f6chte bitte kurz vorher \u00fcber die Mail anmelden.<\/p>\n<p><span style=\"color: #ff0000;\"><strong>Voraussetzung f\u00fcr die Teilnahme ist ein Mindestma\u00df an Grundgehorsam und Vertr\u00e4glichkeit (die Einsch\u00e4tzung erfolgt durch den Trainer), dass der Hund Tollwut geimpft ist\u00a0und eine g\u00fcltige Haftpflichtversicherung hat.<\/strong><\/span>\u00a0<\/p>\n<p><strong>Ein Freispiel f\u00fcr die Hunde wird in dieser Gruppe nicht angeboten.<\/strong><\/p>\n[\/et_pb_text][et_pb_text _builder_version=&#8220;4.21.0&#8243; _module_preset=&#8220;default&#8220; custom_padding=&#8220;||||false|false&#8220; border_color_all=&#8220;#0C71C3&#8243; global_colors_info=&#8220;{}&#8220; theme_builder_area=&#8220;post_content&#8220;]\n<h2><strong>Termine \/ Trainingsausf\u00e4lle:<\/strong><\/h2>\n[\/et_pb_text][et_pb_code _builder_version=&#8220;4.21.0&#8243; _module_preset=&#8220;default&#8220; global_colors_info=&#8220;{}&#8220; theme_builder_area=&#8220;post_content&#8220;]<div class=\"em em-view-container\" id=\"em-view-266127754\" data-view=\"list-grouped\">\r\n\t<div class=\"em em-list em-events-list em-events-list-grouped\" id=\"em-events-list-grouped-266127754\">\r\n\t-\t<\/div>\r\n<\/div>[\/et_pb_code][et_pb_text _builder_version=&#8220;4.21.0&#8243; _module_preset=&#8220;default&#8220; custom_padding=&#8220;||||false|false&#8220; border_color_all=&#8220;RGBA(255,255,255,0)&#8220; global_colors_info=&#8220;{}&#8220; theme_builder_area=&#8220;post_content&#8220;]\n<h2><strong>Beitr\u00e4ge \/ Berichte \/ Ergebnisse &#8230;<\/strong><\/h2>\n<p><strong><\/strong><\/p>\n[\/et_pb_text][et_pb_blog posts_number=&#8220;5&#8243; include_categories=&#8220;13&#8243; use_manual_excerpt=&#8220;off&#8220; excerpt_length=&#8220;100&#8243; show_more=&#8220;on&#8220; show_author=&#8220;off&#8220; disabled_on=&#8220;on|on|off&#8220; _builder_version=&#8220;4.21.0&#8243; _module_preset=&#8220;default&#8220; body_text_color=&#8220;#001035&#8243; meta_text_color=&#8220;#000000&#8243; read_more_text_color=&#8220;#e24400&#8243; border_color_all_fullwidth=&#8220;#0C71C3&#8243; global_colors_info=&#8220;{}&#8220; theme_builder_area=&#8220;post_content&#8220;][\/et_pb_blog][et_pb_blog posts_number=&#8220;5&#8243; include_categories=&#8220;13&#8243; show_thumbnail=&#8220;off&#8220; use_manual_excerpt=&#8220;off&#8220; excerpt_length=&#8220;100&#8243; show_author=&#8220;off&#8220; show_categories=&#8220;off&#8220; show_excerpt=&#8220;off&#8220; disabled_on=&#8220;off|off|on&#8220; _builder_version=&#8220;4.21.0&#8243; _module_preset=&#8220;default&#8220; body_text_color=&#8220;#001035&#8243; meta_text_color=&#8220;#000000&#8243; read_more_text_color=&#8220;#e24400&#8243; border_color_all_fullwidth=&#8220;#0C71C3&#8243; global_colors_info=&#8220;{}&#8220; theme_builder_area=&#8220;post_content&#8220;][\/et_pb_blog][\/et_pb_column][et_pb_column type=&#8220;1_3&#8243; _builder_version=&#8220;4.21.0&#8243; _module_preset=&#8220;default&#8220; global_colors_info=&#8220;{}&#8220; theme_builder_area=&#8220;post_content&#8220;][et_pb_text _builder_version=&#8220;4.21.0&#8243; _module_preset=&#8220;default&#8220; global_colors_info=&#8220;{}&#8220; theme_builder_area=&#8220;post_content&#8220;]\n<h3><strong>Trainer\/-innen<\/strong><\/h3>\n[\/et_pb_text][et_pb_text _builder_version=&#8220;4.21.0&#8243; _module_preset=&#8220;default&#8220; custom_padding=&#8220;||||false|false&#8220; border_radii=&#8220;on|0px|0px|0px|0px&#8220; border_color_all=&#8220;RGBA(255,255,255,0)&#8220; global_colors_info=&#8220;{}&#8220; theme_builder_area=&#8220;post_content&#8220;]\n<h4 class=\"et_pb_module_header\"><a href=\"https:\/\/www.hundevereinarheilgen.de\/WP3\/wp-content\/uploads\/2011\/04\/walburga-m\u00fcller.jpg\"><\/a><a href=\"https:\/\/www.hundevereinarheilgen.de\/WP3\/wp-content\/uploads\/2023\/08\/Susanne-Horst-jpg.webp\"><\/a><a href=\"https:\/\/www.hundevereinarheilgen.de\/WP3\/wp-content\/uploads\/2024\/03\/susanne-horst_600-jpg.webp\"><img loading=\"lazy\" decoding=\"async\" src=\"https:\/\/www.hundevereinarheilgen.de\/WP3\/wp-content\/uploads\/2024\/03\/susanne-horst_600-300x300.webp\" width=\"300\" height=\"300\" alt=\"\" class=\"wp-image-17452 alignnone size-medium\" srcset=\"https:\/\/www.hundevereinarheilgen.de\/WP3\/wp-content\/uploads\/2024\/03\/susanne-horst_600-300x300.webp 300w, https:\/\/www.hundevereinarheilgen.de\/WP3\/wp-content\/uploads\/2024\/03\/susanne-horst_600-150x150.webp 150w, https:\/\/www.hundevereinarheilgen.de\/WP3\/wp-content\/uploads\/2024\/03\/susanne-horst_600-480x480.webp 480w, https:\/\/www.hundevereinarheilgen.de\/WP3\/wp-content\/uploads\/2024\/03\/susanne-horst_600-jpg.webp 600w\" sizes=\"auto, (max-width: 300px) 100vw, 300px\" \/><\/a><a href=\"https:\/\/www.hundevereinarheilgen.de\/WP3\/wp-content\/uploads\/2023\/08\/Susanne-Horst-jpg.webp\"><\/a><a href=\"https:\/\/www.hundevereinarheilgen.de\/WP3\/wp-content\/uploads\/2011\/04\/walburga-m\u00fcller.jpg\"><\/a><\/h4>\n<h4>Susanne Horst<\/h4>\n<p>Beisitzerin f\u00fcr Fun-Gruppen<br \/>Trainerin Fun-Gruppen<\/p>\n<div><a href=\"mailto:fungruppe@hundevereinarheilgen.de\">Mail an fungruppe@hundevereinarheilgen.de<\/a><\/div>\n[\/et_pb_text][et_pb_text _builder_version=&#8220;4.21.0&#8243; _module_preset=&#8220;default&#8220; custom_padding=&#8220;||||false|false&#8220; border_radii=&#8220;on|0px|0px|0px|0px&#8220; border_color_all=&#8220;RGBA(255,255,255,0)&#8220; global_colors_info=&#8220;{}&#8220; theme_builder_area=&#8220;post_content&#8220;]\n<h4 class=\"et_pb_module_header\"><a href=\"https:\/\/www.hundevereinarheilgen.de\/WP3\/wp-content\/uploads\/2011\/04\/walburga-m\u00fcller.jpg\"><\/a><a href=\"https:\/\/www.hundevereinarheilgen.de\/WP3\/wp-content\/uploads\/2022\/01\/Michaela-scaled.jpg\"><img loading=\"lazy\" decoding=\"async\" src=\"https:\/\/www.hundevereinarheilgen.de\/WP3\/wp-content\/uploads\/2022\/01\/Michaela-200x300.jpg\" width=\"200\" height=\"300\" alt=\"\" class=\"wp-image-12698 alignnone size-medium\" \/><\/a><a href=\"https:\/\/www.hundevereinarheilgen.de\/WP3\/wp-content\/uploads\/2023\/08\/andrea-witzel_1-jpg.webp\"><\/a><a href=\"https:\/\/www.hundevereinarheilgen.de\/WP3\/wp-content\/uploads\/2023\/08\/Eva-Ittner_2-jpg.webp\"><\/a><a href=\"https:\/\/www.hundevereinarheilgen.de\/WP3\/wp-content\/uploads\/2023\/08\/Eva-Ittner_2.jpg\"><\/a><a href=\"https:\/\/www.hundevereinarheilgen.de\/WP3\/wp-content\/uploads\/2011\/04\/walburga-m\u00fcller.jpg\"><\/a><\/h4>\n<h4>Michaela Muschler<\/h4>\n<p>Trainerin Fun-Gruppen<\/p>\n[\/et_pb_text][\/et_pb_column][\/et_pb_row][\/et_pb_section]\n","protected":false},"excerpt":{"rendered":"<p>Fun Gruppen \u00dcbungszeiten Tag Uhrzeit Training Freitag 18:00 &#8211; 19:00 Sport Fun-GruppeTrainer: Susanne Horst und Michaela MuschlerMail: gh-fungruppe-fr@hundevereinarheilgen.de &nbsp; F\u00fcr jede \u00dcbungsstunde gilt: Immer rechtzeitig da sein und den Hund auch einen Gassigang vorher erm\u00f6glichen. Verschiebungen der \u00dcbungszeiten um ca. eine Viertelstunde sind immer mal m\u00f6glich. Immer an das Spielzeug, das Futter und die richtige Leine [&hellip;]<\/p>\n","protected":false},"author":21,"featured_media":0,"parent":2027,"menu_order":5,"comment_status":"closed","ping_status":"closed","template":"","meta":{"_et_pb_use_builder":"on","_et_pb_old_content":"","_et_gb_content_width":"","ngg_post_thumbnail":0,"footnotes":"","_wp_rev_ctl_limit":""},"class_list":["post-15328","page","type-page","status-publish","hentry"],"_links":{"self":[{"href":"https:\/\/www.hundevereinarheilgen.de\/WP3\/wp-json\/wp\/v2\/pages\/15328","targetHints":{"allow":["GET"]}}],"collection":[{"href":"https:\/\/www.hundevereinarheilgen.de\/WP3\/wp-json\/wp\/v2\/pages"}],"about":[{"href":"https:\/\/www.hundevereinarheilgen.de\/WP3\/wp-json\/wp\/v2\/types\/page"}],"author":[{"embeddable":true,"href":"https:\/\/www.hundevereinarheilgen.de\/WP3\/wp-json\/wp\/v2\/users\/21"}],"replies":[{"embeddable":true,"href":"https:\/\/www.hundevereinarheilgen.de\/WP3\/wp-json\/wp\/v2\/comments?post=15328"}],"version-history":[{"count":20,"href":"https:\/\/www.hundevereinarheilgen.de\/WP3\/wp-json\/wp\/v2\/pages\/15328\/revisions"}],"predecessor-version":[{"id":20896,"href":"https:\/\/www.hundevereinarheilgen.de\/WP3\/wp-json\/wp\/v2\/pages\/15328\/revisions\/20896"}],"up":[{"embeddable":true,"href":"https:\/\/www.hundevereinarheilgen.de\/WP3\/wp-json\/wp\/v2\/pages\/2027"}],"wp:attachment":[{"href":"https:\/\/www.hundevereinarheilgen.de\/WP3\/wp-json\/wp\/v2\/media?parent=15328"}],"curies":[{"name":"wp","href":"https:\/\/api.w.org\/{rel}","templated":true}]}}