{"id":153,"date":"2011-04-15T15:12:22","date_gmt":"2011-04-15T13:12:22","guid":{"rendered":"http:\/\/www.hundevereinarheilgen.de\/WP3\/?page_id=153"},"modified":"2026-04-11T20:02:28","modified_gmt":"2026-04-11T18:02:28","slug":"kontakt-per-e-mail","status":"publish","type":"page","link":"https:\/\/www.hundevereinarheilgen.de\/WP3\/unser-verein\/kontakt-per-e-mail\/","title":{"rendered":"Kontakt &#038; Wegbeschreibung"},"content":{"rendered":"[et_pb_section fb_built=&#8220;1&#8243; custom_padding_last_edited=&#8220;on|desktop&#8220; admin_label=&#8220;section&#8220; _builder_version=&#8220;4.21.0&#8243; background_color=&#8220;#9ea5bf&#8220; custom_padding_tablet=&#8220;50px|0|50px|0&#8243; custom_padding_phone=&#8220;&#8220; transparent_background=&#8220;off&#8220; padding_mobile=&#8220;off&#8220; make_fullwidth=&#8220;off&#8220; use_custom_width=&#8220;off&#8220; width_unit=&#8220;on&#8220; global_colors_info=&#8220;{}&#8220; theme_builder_area=&#8220;post_content&#8220;][et_pb_row column_structure=&#8220;1_2,1_2&#8243; padding_mobile=&#8220;off&#8220; column_padding_mobile=&#8220;on&#8220; admin_label=&#8220;row&#8220; _builder_version=&#8220;4.16&#8243; background_color=&#8220;#9ea5bf&#8220; background_size=&#8220;initial&#8220; background_position=&#8220;top_left&#8220; background_repeat=&#8220;repeat&#8220; make_fullwidth=&#8220;off&#8220; use_custom_width=&#8220;off&#8220; width_unit=&#8220;on&#8220; global_colors_info=&#8220;{}&#8220; theme_builder_area=&#8220;post_content&#8220;][et_pb_column type=&#8220;1_2&#8243; _builder_version=&#8220;4.16&#8243; custom_padding=&#8220;|||&#8220; global_colors_info=&#8220;{}&#8220; custom_padding__hover=&#8220;|||&#8220; theme_builder_area=&#8220;post_content&#8220;][et_pb_text admin_label=&#8220;Text&#8220; _builder_version=&#8220;4.21.0&#8243; background_size=&#8220;initial&#8220; background_position=&#8220;top_left&#8220; background_repeat=&#8220;repeat&#8220; use_border_color=&#8220;off&#8220; border_color=&#8220;#ffffff&#8220; border_style=&#8220;solid&#8220; global_colors_info=&#8220;{}&#8220; theme_builder_area=&#8220;post_content&#8220;]\n<h4><strong>Unser Vereinsheim erreichen Sie w\u00e4hrend der \u00dcbungsstunden unter der Tel.-Nr.:<\/strong><\/h4>\n<p style=\"text-align: center;\">(0 61 51) 37 59 26<\/p>\n<p>&nbsp;<\/p>\n<h4><strong>Postadresse (1. Vorsitzender S\u00f6ren Marquardt):<\/strong><\/h4>\n<p style=\"text-align: center;\">Odenwaldstra\u00dfe 66, 63322 R\u00f6dermark<\/p>\n<address><\/address>\n<h3><\/h3>\n<h3><\/h3>\n<h4><strong>Den Vorstand und die einzelnen Spartenleiter erreichen Sie per E-Mail unter:<\/strong><\/h4>\n<ul>\n<li><a href=\"mailto:vorstand@hundevereinarheilgen.de\">Vorstand 1. Vorsitzender: S\u00f6ren Marquardt<\/a><\/li>\n<li><a title=\"mailto:vize@hundevereinarheilgen.de\" href=\"mailto:vize@hundevereinarheilgen.de\">Vorstand 2. Vorsitzender: Wolfgang Weber<\/a><\/li>\n<li><a href=\"mailto:kasse@hundevereinarheilgen.de\">Kassiererin: Monika Kanzler-Sackreuther<\/a><\/li>\n<li><a href=\"mailto:presse@hundevereinarheilgen.de\">\u00d6ffentlichkeitsarbeit: Andrea Witzel<\/a><\/li>\n<li><a href=\"mailto:jugend@hundevereinarheilgen.de\">Jugend: Christina Horst<\/a><\/li>\n<li><a href=\"mailto:obi@hundevereinarheilgen.de\">Obedience: Roland Griesch<\/a><\/li>\n<li><a href=\"mailto:ghd@hundevereinarheilgen.de\">GH-Sport (Begleithunde): Wolfgang Weber<\/a><\/li>\n<li><a href=\"mailto:ths@hundevereinarheilgen.de\">THS:\u00a0<\/a><\/li>\n<li><a href=\"mailto:welpen@hundevereinarheilgen.de\">Welpen &amp; Junghunde: Susanne Horst<\/a><\/li>\n<li><a href=\"mailto:rally@hundevereinarheilgen.de\">Rally Obedience: Wolfgang Weber<\/a><\/li>\n<li><a href=\"mailto:fungruppe@hundevereinarheilgen.de\">Fun Gruppen: Susanne Horst<\/a><\/li>\n<li><a href=\"mailto:shs@hundevereinarheilgen.de\">Sp\u00fcrhundsport: Eva Ittner<\/a><\/li>\n<li><a href=\"mailto:hoopers@hundevereinarheilgen.de\">Hoopers: Sabine Fr\u00f6hlich<\/a><\/li>\n<li><a href=\"mailto:stoebern@hundevereinarheilgen.de\">St\u00f6bern: Susanne Horst<\/a><\/li>\n<li><a href=\"mailto:basisausbildung@hundevereinarheilgen.de\"><span>Basisausbildung: Eva Ittner<\/span><\/a><\/li>\n<li><a href=\"mailto:platz@hundevereinarheilgen.de\">Platzwart: Can-Leon K\u00fchne<\/a><\/li>\n<li><a href=\"mailto:vereinsmanagement@hundevereinarheilgen.de\"><span>Vereinsmanagement: Maria Peter<\/span><\/a><\/li>\n<li><a href=\"mailto:webmaster@hundevereinarheilgen.de\">Webmaster: Matthias Witzel<\/a><\/li>\n<\/ul>\n[\/et_pb_text][et_pb_text _builder_version=&#8220;4.21.0&#8243; _module_preset=&#8220;default&#8220; global_colors_info=&#8220;{}&#8220; theme_builder_area=&#8220;post_content&#8220;]\n<p><strong>So klappt es auf dem Hundeplatz<\/strong><\/p>\n<p>Generell gilt: eine Hundehaftpflichtversicherung und eine g\u00fcltige Tollwutimpfung sind Pflicht. Zu den \u00dcbungsstunden bitte rechtzeitig da sein, auch wenn Verschiebungen der \u00dcbungszeiten um ca. eine Viertelstunde immer mal m\u00f6glich sind. Bitte vor den \u00dcbungsstunden gen\u00fcgend Zeit f\u00fcr einen Gassigang au\u00dferhalb des Vereinsgel\u00e4ndes einplanen, damit auf dem Platz kein \u201eMalheur\u201c passiert. \u00a0Immer an ein Spielzeug, ausreichend Leckerlis, die richtige Leine und das Halsband denken. H\u00fcndinnen in der Hitze d\u00fcrfen nicht am \u00dcbungsbetrieb teilnehmen. Interessenten nehmen vor ihrem ersten Besuch bitte Kontakt per Email mit dem entsprechenden Obmann\/Obfrau auf. Die Kontaktdaten sind unter \u201eKontakt \u2013 Wegbeschreibung\u201c zu finden.<\/p>\n<h5>Hinweis: So lange noch keine Mitgliedschaft besteht, findet die Teilnahme an den \u00dcbungsstunden auf eigene Gefahr statt<\/h5>\n[\/et_pb_text][\/et_pb_column][et_pb_column type=&#8220;1_2&#8243; _builder_version=&#8220;4.16&#8243; custom_padding=&#8220;|||&#8220; global_colors_info=&#8220;{}&#8220; custom_padding__hover=&#8220;|||&#8220; theme_builder_area=&#8220;post_content&#8220;][et_pb_text admin_label=&#8220;Text&#8220; _builder_version=&#8220;4.16&#8243; background_size=&#8220;initial&#8220; background_position=&#8220;top_left&#8220; background_repeat=&#8220;repeat&#8220; use_border_color=&#8220;off&#8220; border_color=&#8220;#ffffff&#8220; border_style=&#8220;solid&#8220; global_colors_info=&#8220;{}&#8220; theme_builder_area=&#8220;post_content&#8220;]\n<h1 class=\"entry-title main_title\">Wegbeschreibung<\/h1>\n[\/et_pb_text][et_pb_image src=&#8220;https:\/\/www.hundevereinarheilgen.de\/WP3\/wp-content\/uploads\/2011\/04\/Wegbeschreibung-Grafik-komprimiert.jpg&#8220; show_in_lightbox=&#8220;on&#8220; align=&#8220;center&#8220; align_tablet=&#8220;center&#8220; align_phone=&#8220;&#8220; align_last_edited=&#8220;on|desktop&#8220; admin_label=&#8220;Bild&#8220; _builder_version=&#8220;4.16&#8243; max_width=&#8220;200px&#8220; animation_style=&#8220;slide&#8220; animation_direction=&#8220;left&#8220; animation_duration=&#8220;500ms&#8220; animation_intensity_slide=&#8220;10%&#8220; use_border_color=&#8220;off&#8220; border_color=&#8220;#ffffff&#8220; border_style=&#8220;solid&#8220; animation=&#8220;left&#8220; sticky=&#8220;off&#8220; always_center_on_mobile=&#8220;on&#8220; global_colors_info=&#8220;{}&#8220; theme_builder_area=&#8220;post_content&#8220;]&nbsp;[\/et_pb_image][et_pb_text admin_label=&#8220;Text&#8220; _builder_version=&#8220;4.16&#8243; background_size=&#8220;initial&#8220; background_position=&#8220;top_left&#8220; background_repeat=&#8220;repeat&#8220; use_border_color=&#8220;off&#8220; border_color=&#8220;#ffffff&#8220; border_style=&#8220;solid&#8220; global_colors_info=&#8220;{}&#8220; theme_builder_area=&#8220;post_content&#8220;]\n<p class=\"entry-title main_title\">Wegbeschreibung zum \u00dcbungsplatz des RSGV DA-Arheilgen<\/p>\n<div class=\"entry-content\">\n<p>Der \u00dcbungsplatz befindet sich westlich von Arheilgen am Waldrand, s\u00fcdlich der Verbindungsstra\u00dfe Arheilgen-Weiterstadt.<\/p>\n<p><strong>Navigationsger\u00e4te:<\/strong><\/p>\n<p>Kreuzung: Weiterst\u00e4dter Landstra\u00dfe und Eulerweg in Darmstadt (<a href=\"https:\/\/goo.gl\/maps\/z66zJiv8k8i5zpsM6\" target=\"_blank\" rel=\"noopener\" title=\"Link Google Maps\">Link Google Maps<\/a>), ab da dem asphaltierten Feldweg (ausgeschildert) folgen.<\/p>\n<p>Manche Navigationsger\u00e4te kennen die \u201eWeiterst\u00e4dter Landstra\u00dfe\u201c nur als \u201eWeiterst\u00e4dter Stra\u00dfe\u201c.<br \/>Geo-Daten: 49\u00b054\u201934.4\u2033N 8\u00b038\u201901.4\u2033E (Dezimal: 49.909555, 8.633710)<\/p>\n<p><strong>Anfahrt von der Autobahn:<\/strong><\/p>\n<p>A5 Frankfurt -Darmstadt: Ausfahrt Weiterstadt, B 42 Richtung Darmstadt. A 67 M\u00f6nchhof-Dreieck -Darmstadt: Ausfahrt B\u00fcttelborn, B 42 Richtung Darmstadt, an Weiterstadt vorbei. =&gt; in beiden F\u00e4llen im Gewerbegebiet Weiterstadt an der Ampel links Richtung M\u00f6rfelden \/ Gr\u00e4fenhausen. An der n\u00e4chsten Ampel rechts Richtung Darmstadt-Arheilgen. Nach Einfahrt in den Ortsbereich Darmstadt-Arheilgen (Gewerbegebiet) rechts auf asphaltierten Feldweg (ausgeschildert).<\/p>\n<p><strong>Anfahrt \u00fcber B 3 aus Richtung Norden:<\/strong><\/p>\n<p>N\u00f6rdlich Arheilgen der neuen Umgehungsstrecke B 3 Richtung Darmstadt folgen. Nach der Eisenbahn\u00fcberf\u00fchrung rechts Richtung Weiterstadt \/ Gewerbegebiet. Im Gewerbegebiet links auf den ersten asphaltierten Feldweg (ausgeschildert).<\/p>\n<p><strong>Anfahrt aus den anderen Richtungen:<\/strong><\/p>\n<p>Durch Darmstadt durch (siehe Lageplan) auf die Frankfurter Stra\u00dfe,hinter der Firma Merck links halten, durch den Kreisel durch und \u00fcber die Br\u00fccke. An der Ampel links Richtung Egelsbach, n\u00e4chste Ampel links Richtung Weiterstadt, links auf den asphaltierten Feldweg (ausgeschildert).<\/p>\n<\/div>\n[\/et_pb_text][\/et_pb_column][\/et_pb_row][\/et_pb_section]\n","protected":false},"excerpt":{"rendered":"<p>Unser Vereinsheim erreichen Sie w\u00e4hrend der \u00dcbungsstunden unter der Tel.-Nr.: (0 61 51) 37 59 26 &nbsp; Postadresse (1. Vorsitzender S\u00f6ren Marquardt): Odenwaldstra\u00dfe 66, 63322 R\u00f6dermark Den Vorstand und die einzelnen Spartenleiter erreichen Sie per E-Mail unter: Vorstand 1. Vorsitzender: S\u00f6ren Marquardt Vorstand 2. Vorsitzender: Wolfgang Weber Kassiererin: Monika Kanzler-Sackreuther \u00d6ffentlichkeitsarbeit: Andrea Witzel Jugend: Christina [&hellip;]<\/p>\n","protected":false},"author":4,"featured_media":0,"parent":99,"menu_order":2,"comment_status":"closed","ping_status":"closed","template":"","meta":{"_et_pb_use_builder":"on","_et_pb_old_content":"<h2>Sie m\u00f6chten mit uns Kontakt aufnehmen?<\/h2><h3>Unser\u00a0Vereinsheim erreichen Sie w\u00e4hrend der \u00dcbungsstunden unter:<\/h3><address>Telefon: (0 61 51) 37\u00a059 26<\/address><h3>Postadresse (1. Vorsitzender S\u00f6ren Marquardt):<\/h3><address>Odenwaldstra\u00dfe 66, 63322 R\u00f6dermark<\/address><h3>Den Vorstand und die einzelnen Spartenleiter erreichen Sie per E-Mail unter:<\/h3><ul><li><a href=\"mailto:vorstand@hundevereinarheilgen.de\">Vorstand 1. Vorsitzender: S\u00f6ren Marquardt<\/a><\/li><li><a title=\"mailto:vize@hundevereinarheilgen.de\" href=\"mailto:vize@hundevereinarheilgen.de\">Vorstand 2. Vorsitzender: Wolfgang Weber<\/a><\/li><li><a href=\"mailto:kasse@hundevereinarheilgen.de\">Kassiererin: Monika Kanzler-Sackreuther<\/a><\/li><li><a href=\"mailto:presse@hundevereinarheilgen.de\">\u00d6ffentlichkeitsarbeit: Michaela Muschler<\/a><\/li><li><a href=\"mailto:jugend@hundevereinarheilgen.de\">Jugend: Jenny Neumann<\/a><\/li><li><a href=\"mailto:obi@hundevereinarheilgen.de\">Obedience: Wolfgang Weber<\/a><\/li><li><a href=\"mailto:ghd@hundevereinarheilgen.de\">GHd-Sport (Begleithunde): Wolfgang Weber<\/a><\/li><li><a href=\"mailto:ths@hundevereinarheilgen.de\">THS: Kirsten Bischof und S\u00f6ren Marquardt<\/a><\/li><li><a href=\"mailto:welpen@hundevereinarheilgen.de\">Welpen & Junghunde: Tanja Hesse und Susanne Horst<\/a><\/li><li><a href=\"mailto:rally@hundevereinarheilgen.de\">Rally Obedience: Wolfgang Weber<\/a><\/li><li><a href=\"mailto:fungruppe@hundevereinarheilgen.de\">Fun Gruppe: Susanne Horst<\/a><\/li><li><a href=\"mailto:longieren@hundevereinarheilgen.de\">Longieren: Walburga M\u00fcller<\/a><\/li><li><a href=\"mailto:shs@hundevereinarheilgen.de\">Sp\u00fcrhunde Sport: Roland Griesch<\/a><\/li><li><a href=\"mailto:webmaster@hundevereinarheilgen.de\">Webmaster: J\u00fcrgen Hartmann und Michaela Muschler<\/a><\/li><\/ul>","_et_gb_content_width":"","ngg_post_thumbnail":0,"footnotes":"","_wp_rev_ctl_limit":""},"class_list":["post-153","page","type-page","status-publish","hentry"],"_links":{"self":[{"href":"https:\/\/www.hundevereinarheilgen.de\/WP3\/wp-json\/wp\/v2\/pages\/153","targetHints":{"allow":["GET"]}}],"collection":[{"href":"https:\/\/www.hundevereinarheilgen.de\/WP3\/wp-json\/wp\/v2\/pages"}],"about":[{"href":"https:\/\/www.hundevereinarheilgen.de\/WP3\/wp-json\/wp\/v2\/types\/page"}],"author":[{"embeddable":true,"href":"https:\/\/www.hundevereinarheilgen.de\/WP3\/wp-json\/wp\/v2\/users\/4"}],"replies":[{"embeddable":true,"href":"https:\/\/www.hundevereinarheilgen.de\/WP3\/wp-json\/wp\/v2\/comments?post=153"}],"version-history":[{"count":20,"href":"https:\/\/www.hundevereinarheilgen.de\/WP3\/wp-json\/wp\/v2\/pages\/153\/revisions"}],"predecessor-version":[{"id":21559,"href":"https:\/\/www.hundevereinarheilgen.de\/WP3\/wp-json\/wp\/v2\/pages\/153\/revisions\/21559"}],"up":[{"embeddable":true,"href":"https:\/\/www.hundevereinarheilgen.de\/WP3\/wp-json\/wp\/v2\/pages\/99"}],"wp:attachment":[{"href":"https:\/\/www.hundevereinarheilgen.de\/WP3\/wp-json\/wp\/v2\/media?parent=153"}],"curies":[{"name":"wp","href":"https:\/\/api.w.org\/{rel}","templated":true}]}}