{"id":14927,"date":"2023-08-12T10:52:35","date_gmt":"2023-08-12T08:52:35","guid":{"rendered":"https:\/\/www.hundevereinarheilgen.de\/WP3\/?page_id=14927"},"modified":"2023-08-17T15:02:51","modified_gmt":"2023-08-17T13:02:51","slug":"ths_neu","status":"publish","type":"page","link":"https:\/\/www.hundevereinarheilgen.de\/WP3\/sportangebote\/ths_neu\/","title":{"rendered":"THS_neu"},"content":{"rendered":"[et_pb_section fb_built=&#8220;1&#8243; _builder_version=&#8220;4.21.0&#8243; _module_preset=&#8220;default&#8220; background_color=&#8220;gcid-5b80b587-516a-41df-b6f7-87ae858d15f3&#8243; global_colors_info=&#8220;{%22gcid-5b80b587-516a-41df-b6f7-87ae858d15f3%22:%91%22background_color%22%93}&#8220;][et_pb_row column_structure=&#8220;3_5,2_5&#8243; _builder_version=&#8220;4.21.0&#8243; _module_preset=&#8220;default&#8220; global_colors_info=&#8220;{}&#8220;][et_pb_column type=&#8220;3_5&#8243; _builder_version=&#8220;4.21.0&#8243; _module_preset=&#8220;default&#8220; global_colors_info=&#8220;{}&#8220;][et_pb_text _builder_version=&#8220;4.21.0&#8243; _module_preset=&#8220;default&#8220; custom_padding=&#8220;||||false|false&#8220; border_color_all=&#8220;RGBA(255,255,255,0)&#8220; global_colors_info=&#8220;{}&#8220;]\n<h3>\u00a0<strong>\u00dcbungszeiten<\/strong><\/h3>\n<p><strong><\/strong><\/p>\n<p><strong><\/strong><\/p>\n<table border=\"1\" style=\"height: 112px; width: 100%; border-collapse: collapse; border-style: none;\" cellpadding=\"0\" cellspacing=\"0\">\n<tbody>\n<tr style=\"height: 10px;\">\n<td style=\"width: 17.1218%; height: 24px;\"><strong>Tag<\/strong><\/td>\n<td style=\"width: 20.6232%; height: 24px;\"><strong>Uhrzeit<\/strong><\/td>\n<td style=\"width: 62.2199%; height: 24px;\"><strong>Training<\/strong><\/td>\n<\/tr>\n<tr style=\"height: 10px;\">\n<td style=\"width: 17.1218%; height: 10px;\">Donnerstag<\/td>\n<td style=\"width: 20.6232%; height: 10px;\">ab 20:00<\/td>\n<td style=\"width: 62.2199%; height: 10px;\">Gehorsam offene Gruppe (ab Niveau BH\/VT Anw\u00e4rter)<\/td>\n<\/tr>\n<tr>\n<td style=\"width: 17.1218%;\">Donnerstag<\/td>\n<td style=\"width: 20.6232%;\">ab 20:15<\/td>\n<td style=\"width: 62.2199%;\">Gehorsam THS-Wettk\u00e4mpfer (nur nach Absprache!)<\/td>\n<\/tr>\n<tr style=\"height: 10px;\">\n<td style=\"width: 17.1218%; height: 10px;\">Samstag<\/td>\n<td style=\"width: 20.6232%; height: 10px;\">ab 12:00<\/td>\n<td style=\"width: 62.2199%; height: 10px;\">THS-Wettk\u00e4mpfer-Training (Gehorsam + Ger\u00e4te)<\/td>\n<\/tr>\n<tr style=\"height: 10px;\">\n<td style=\"width: 17.1218%; height: 10px;\">Samstag<\/td>\n<td style=\"width: 20.6232%; height: 10px;\">ab 14:45<\/td>\n<td style=\"width: 62.2199%; height: 10px;\">THS-Anf\u00e4nger-Training (Ger\u00e4te)<\/td>\n<\/tr>\n<tr style=\"height: 24px;\">\n<td style=\"width: 17.1218%; height: 24px;\">Samstag<\/td>\n<td style=\"width: 20.6232%; height: 24px;\">ab 15:20<\/td>\n<td style=\"width: 62.2199%; height: 24px;\">THS-Gehorsamstraining f\u00fcr Einsteiger, Anf\u00e4nger I und Anf\u00e4nger II<\/td>\n<\/tr>\n<\/tbody>\n<\/table>\n<p>&nbsp;<\/p>\n<p>F\u00fcr jede \u00dcbungsstunde gilt: Immer rechtzeitig da sein und den Hund auch einen Gassigang vorher erm\u00f6glichen. Verschiebungen der \u00dcbungszeiten um ca. eine Viertelstunde sind immer mal m\u00f6glich. Immer an das Spielzeug, das Futter und die richtige Leine und das richtige Halsband denken\u2026<\/p>\n<p>Stand 14.02.2020<\/p>\n[\/et_pb_text][et_pb_text _builder_version=&#8220;4.21.0&#8243; _module_preset=&#8220;default&#8220; custom_padding=&#8220;||||false|false&#8220; border_color_all=&#8220;RGBA(255,255,255,0)&#8220; global_colors_info=&#8220;{}&#8220;]\n<h3><strong>Info\u00a0THS<\/strong><\/h3>\n<p>THS, das ist Breitensport\/ Leichtathletik mit dem Hund.<\/p>\n<p>Er ist f\u00fcr alle Menschen geeignet, die Spa\u00df daran haben, sich mit dem Hund aktiv zu bewegen. Zur Ausbildung im Rahmen des Turnierhundsports geh\u00f6rt neben dem &#8222;Springen \u00fcber die Hindernisse&#8220; auch der Gehorsam.<\/p>\n<p>Der Turnierhundsport ist Hobby, Ausgleich, Freizeitgestaltung und (f\u00fcr den, der m\u00f6chte) Leistungssport zugleich.<\/p>\n<p>Die verschiedenen Disziplinen sind Gel\u00e4ndelauf, Vierkampf, Dreikampf, Hindernislauf, Shorty, CSC (Combination-Speed-Cup) und KO-Cup.<\/p>\n[\/et_pb_text][et_pb_toggle title=&#8220;Ausf\u00fchrliche Informationen zu THS&#8220; _builder_version=&#8220;4.21.0&#8243; _module_preset=&#8220;default&#8220; background_color=&#8220;gcid-5b80b587-516a-41df-b6f7-87ae858d15f3&#8243; global_colors_info=&#8220;{%22gcid-5b80b587-516a-41df-b6f7-87ae858d15f3%22:%91%22background_color%22%93}&#8220;]\n<p>Was verbirgt sich hinter der Sportart \u201eTurnierhundsport\u201c.<\/p>\n<p>Bei Wikipedia gibt es einen Beitrag zum Turnierhundsport:<span>\u00a0<\/span><a href=\"https:\/\/de.wikipedia.org\/wiki\/Turnierhundsport\" target=\"_blank\" rel=\"noopener noreferrer\">Wikipedia \u2013 Turnierhundsport<\/a><\/p>\n<p>Auf YouTube findet sich ein Video vom swhv (Mitgliedsverband im dhv, wie der HSVRM):\u00a0<a href=\"https:\/\/www.youtube.com\/watch?v=8c_ssFa3NzQ\">https:\/\/www.youtube.com\/watch?v=8c_ssFa3NzQ<\/a><\/p>\n<p><a href=\"https:\/\/www.hundevereinarheilgen.de\/WP3\/wp-content\/uploads\/2011\/04\/THS-Logo-ohne-Rahmen.jpg\"><img fetchpriority=\"high\" decoding=\"async\" class=\"alignleft size-full wp-image-507\" title=\"THS\" src=\"https:\/\/www.hundevereinarheilgen.de\/WP3\/wp-content\/uploads\/2011\/04\/THS-Logo-ohne-Rahmen.jpg\" alt=\"\" width=\"97\" height=\"101\" \/><\/a><\/p>\n<p><strong>Was ist Turnierhundsport (THS)?<\/strong><\/p>\n<p>Egal, ob Leichtathletik pur oder Breitensport, f\u00fcr alle Sportler und Langstreckenl\u00e4ufer ist der Turnierhundsport eine optimale M\u00f6glichkeit, diese Leidenschaft f\u00fcr Bewegung mit dem Hund zu teilen. Angeboten werden unterschiedliche Laufdisziplinen, die als Mensch\/Hund-Team bew\u00e4ltigt werden m\u00fcssen. Vor vielen Jahren gestartet als \u201eBreitensport f\u00fcr Jedermann\u201c messen sich mittlerweile die Sportler auf einem leichtathletischen Niveau. Durch die Aufteilung in Altersklassen und der getrennten Wertung von M\u00e4nnern und Frauen wird sportliche Fairness geschaffen. Diese Sportart eignet sich f\u00fcr jeden, der Spa\u00df am Laufen hat. Es ist kein reiner Leistungssport, sondern auch die Hobby-, Familien und Freizeitsportler finden hier das Richtige.<\/p>\n<p>Die bekanntesten und beliebtesten Wettkampfformen im THS sind der Vierkampf, der CSC und der Gel\u00e4ndelauf. Den Vierkampf (unterteilt in 3 Leistungsstufen) muss man wohl als die \u201eK\u00f6nigsdisziplin\u201c bezeichnen. In vier unterschiedlichen Kategorien werden Mensch und Hund Leistungen abverlangt: Gehorsam, H\u00fcrden-, Slalom- und Hindernislauf.<\/p>\n<p><strong>Vierkampf Gehorsams\u00fcbung<\/strong><\/p>\n<p>Gehorsam ist eine Grundanforderung im Hundesport. In \u00dcbungen wie Leinenf\u00fchrigkeit, Freifolge, Sitz-, Platz- und Steh\u00fcbungen wird \u00fcberpr\u00fcft, ob Mensch und Hund ein Team sind. Dies zeichnet sich nicht nur durch korrekte Ausf\u00fchrungen, sondern auch durch freudiges Arbeiten des Hundes und der erkennbaren Zusammengeh\u00f6rigkeit aus.<\/p>\n<p><strong>Vierkampf H\u00fcrdenlauf<\/strong><\/p>\n<p>W\u00e4hrend wir als Menschen hier trainieren m\u00fcssen, bringt der Hund solche Voraussetzungen in aller Regel schon mit. Im Vierkampf H\u00fcrdenlauf haben Hund und Hundef\u00fchrer eine Sprintstrecke gemeinsam und parallel zu bew\u00e4ltigen, wobei der Hund und Hundef\u00fchrer H\u00fcrden zu \u00fcberwinden haben. Hier ist die richtige Technik gefragt. Die Anforderungen an die Sportlichkeit des Hundef\u00fchrers werden in den unterschiedlichen Stufen des Vierkampfs (1 bis 3) durch die L\u00e4nge der Laufstrecke und die H\u00f6he und Anzahl der H\u00fcrden gesteigert. Dabei k\u00f6nnen beide Fehler machen und entsprechende Fehlerpunkte werden der Laufzeit zugeschlagen. Hundef\u00fchrer und Hund m\u00fcssen auch hier zeigen, dass sie ein Team sind.<\/p>\n<p><strong>Vierkampf Slalomlauf<\/strong><\/p>\n<p>Es ist schon faszinierend, sich das gekonnte Zusammenspiel von Mensch und Hund anzuschauen, wenn sie gemeinsam rasant den zwischen 55 m und 75 m langen Slalomkurs im Zick-Zack bew\u00e4ltigen.<\/p>\n<p><strong>Vierkampf Hindernislauf<\/strong><\/p>\n<p>W\u00e4hrend der Hund eine 75 Meter lange, lineare Hindernisbahn bew\u00e4ltigen muss, sprintet der Zweibeiner parallel neben der Bahn her. Beide m\u00fcssen schnellstm\u00f6glich im Ziel ankommen, denn in allen Laufdisziplinen bestimmt nicht der Erste die Zeit, sondern derjenige, der als letzter die Ziellinie passiert.<\/p>\n<p><strong>Gel\u00e4ndelauf, Canicross, Bikej\u00f6ring, Dogscooter<\/strong><\/p>\n<p>Der Gel\u00e4ndelauf wird \u00fcber Stecken von 1000 m; 2000 m und 5000 m ausgetragen. Es gewinnt das schnellste Team. Nat\u00fcrlich auch hier nach Altersklassen und Geschlecht getrennt. Und wie der Name schon sagt, geht es selten \u00fcber asphaltierte Strecken, sondern durch Wald und Flur. Durch die Eignung des Gel\u00e4ndelaufs f\u00fcr fast alle Hunde, ob Rasse- oder Mischlingshund, ob gro\u00df oder klein, ist hiermit der Einstieg relativ leicht.<\/p>\n<p>Mit der \u00dcberarbeitung der Pr\u00fcfungsordnung (ab 2019), hat auch der Canicross-Sport Einzug in die Disziplinen des Turnierhundsports gehalten. Er gleicht dem Gel\u00e4ndelauf, ist aber nicht auf feste Streckenl\u00e4ngen festgelegt. Auch sind hier Mannschafts- und Verfolgungsrennen m\u00f6glich.<br \/>Man kann die Strecken auch mit einem geeigneten Fahrrad (Bikej\u00f6ring) oder einem Roller (Dogscooter) bew\u00e4ltigen. Die Anforderungen an die Streckenf\u00fchrung sind entsprechend angepasst.<\/p>\n<p><strong>Para-Athletik<\/strong><\/p>\n<p>Der Turnierhundsport hat sich bewusst der Gruppe der Menschen mit Handicap ge\u00f6ffnet. Schon immer konnten diese im THS starten, aber mit der neuen Pr\u00fcfungsordnung k\u00f6nnen nun Menschen mit Handicap mit eigenen Regeln, in eigenen Startklassen (unterschiedlich nach Art des Handicaps) im Vierkampf, Dreikampf und im Gel\u00e4ndelauf (inkl. Canicross) starten.<\/p>\n<p><strong>CSC<\/strong><\/p>\n<p>Der CSC (Combination Speed Cup) ist ein Mannschaftswettkampf und setzt sich aus den, allerdings verk\u00fcrzten und neu kombinierten, Laufdisziplinen des Vierkampfs zusammen. Angeordnet als Hindernisparcours wird dieser in drei Sektionen unterteilt. \u00c4hnlich eines Staffellaufs werden diese Sektionen von drei verschiedenen Teams einer Mannschaft bew\u00e4ltigt. Ausgetragen auf Meisterschaften entpuppt sich diese Disziplin als wahres Spektakel. Angefeuert von ihren Mitstreitern und Fans k\u00e4mpfen die Mannschaften um die schnellste Zeit und die wenigsten Fehler.<\/p>\n<p>Um hundesportlichen Anf\u00e4ngern einen relativ schnellen Einstieg in das sportliche Wettkampfgeschehen zu erm\u00f6glichen, gibt es die Breitensportdisziplinen des THS, bestehend aus dem Dreikampf (die 3 Laufelemente des Vierkampfs), dem Hindernislauf (losgel\u00f6st vom Vierkampf), dem Shorty (Mannschaftswettkampf in zwei Sektionen) und dem K.O.-Cup (2 Teams auf 2 parallelen Parcours) angeboten. Diese Disziplinen eignen sich besonders f\u00fcr den Einstieg in den Turnierhundsport.<\/p>\n<p>Wer sich selbst gerne sportlich bet\u00e4tigt und seinen Hund hierbei integrieren m\u00f6chte, f\u00fcr den ist der Turnierhundsport die ideale Sportart.<\/p>\n[\/et_pb_toggle][et_pb_text _builder_version=&#8220;4.21.0&#8243; _module_preset=&#8220;default&#8220; custom_padding=&#8220;||||false|false&#8220; border_color_all=&#8220;#0C71C3&#8243; global_colors_info=&#8220;{}&#8220;]\n<h2><strong>Termine \/ Trainingsausf\u00e4lle:<\/strong><\/h2>\n<div class=\"em em-view-container\" id=\"em-view-359116375\" data-view=\"list-grouped\">\r\n\t<div class=\"em em-list em-events-list em-events-list-grouped\" id=\"em-events-list-grouped-359116375\">\r\n\t-\t<\/div>\r\n<\/div>\n[\/et_pb_text][et_pb_text _builder_version=&#8220;4.21.0&#8243; _module_preset=&#8220;default&#8220; custom_padding=&#8220;||||false|false&#8220; border_color_all=&#8220;RGBA(255,255,255,0)&#8220; global_colors_info=&#8220;{}&#8220;]\n<h2><strong>Beitr\u00e4ge \/ Berichte \/ Ergebnisse &#8230;<\/strong><\/h2>\n<p><strong><\/strong><\/p>\n[\/et_pb_text][et_pb_blog posts_number=&#8220;5&#8243; include_categories=&#8220;3,14&#8243; use_manual_excerpt=&#8220;off&#8220; excerpt_length=&#8220;100&#8243; show_more=&#8220;on&#8220; show_author=&#8220;off&#8220; disabled_on=&#8220;on|on|off&#8220; _builder_version=&#8220;4.21.0&#8243; _module_preset=&#8220;default&#8220; body_text_color=&#8220;#001035&#8243; meta_text_color=&#8220;#000000&#8243; read_more_text_color=&#8220;#e24400&#8243; border_color_all_fullwidth=&#8220;#0C71C3&#8243; global_colors_info=&#8220;{}&#8220;][\/et_pb_blog][et_pb_blog posts_number=&#8220;5&#8243; include_categories=&#8220;3,14&#8243; show_thumbnail=&#8220;off&#8220; use_manual_excerpt=&#8220;off&#8220; excerpt_length=&#8220;100&#8243; show_author=&#8220;off&#8220; show_categories=&#8220;off&#8220; show_excerpt=&#8220;off&#8220; disabled_on=&#8220;off|off|on&#8220; _builder_version=&#8220;4.21.0&#8243; _module_preset=&#8220;default&#8220; body_text_color=&#8220;#001035&#8243; meta_text_color=&#8220;#000000&#8243; read_more_text_color=&#8220;#e24400&#8243; border_color_all_fullwidth=&#8220;#0C71C3&#8243; global_colors_info=&#8220;{}&#8220;][\/et_pb_blog][\/et_pb_column][et_pb_column type=&#8220;2_5&#8243; _builder_version=&#8220;4.21.0&#8243; _module_preset=&#8220;default&#8220; global_colors_info=&#8220;{}&#8220;][et_pb_text _builder_version=&#8220;4.21.0&#8243; _module_preset=&#8220;default&#8220; global_colors_info=&#8220;{}&#8220;]\n<h3><strong>Trainer\/-innen<\/strong><\/h3>\n[\/et_pb_text][et_pb_text _builder_version=&#8220;4.21.0&#8243; _module_preset=&#8220;default&#8220; custom_padding=&#8220;||||false|false&#8220; border_radii=&#8220;on|0px|0px|0px|0px&#8220; border_color_all=&#8220;RGBA(255,255,255,0)&#8220; global_colors_info=&#8220;{}&#8220;]\n<h4 class=\"et_pb_module_header\"><a href=\"https:\/\/www.hundevereinarheilgen.de\/WP3\/wp-content\/uploads\/2011\/04\/walburga-m\u00fcller.jpg\"><\/a><a href=\"https:\/\/www.hundevereinarheilgen.de\/WP3\/wp-content\/uploads\/2011\/04\/s\u00f6ren-marquardt.jpg\"><\/a><a href=\"https:\/\/www.hundevereinarheilgen.de\/WP3\/wp-content\/uploads\/2018\/10\/heidrun.png\"><\/a><a href=\"https:\/\/www.hundevereinarheilgen.de\/WP3\/wp-content\/uploads\/2011\/04\/IMG_3273.jpg\"><\/a><a href=\"https:\/\/www.hundevereinarheilgen.de\/WP3\/wp-content\/uploads\/2023\/08\/Kirsten-Bischof_2.jpg\"><\/a><a href=\"https:\/\/www.hundevereinarheilgen.de\/WP3\/wp-content\/uploads\/2023\/08\/Kirsten-Bischof_2-jpg.webp\"><img loading=\"lazy\" decoding=\"async\" src=\"https:\/\/www.hundevereinarheilgen.de\/WP3\/wp-content\/uploads\/2023\/08\/Kirsten-Bischof_2-jpg.webp\" width=\"300\" height=\"300\" alt=\"\" class=\"wp-image-14971 alignnone size-full\" srcset=\"https:\/\/www.hundevereinarheilgen.de\/WP3\/wp-content\/uploads\/2023\/08\/Kirsten-Bischof_2-jpg.webp 300w, https:\/\/www.hundevereinarheilgen.de\/WP3\/wp-content\/uploads\/2023\/08\/Kirsten-Bischof_2-150x150.webp 150w\" sizes=\"auto, (max-width: 300px) 100vw, 300px\" \/><\/a><a href=\"https:\/\/www.hundevereinarheilgen.de\/WP3\/wp-content\/uploads\/2023\/08\/Kirsten-Bischof_2.jpg\"><\/a><a href=\"https:\/\/www.hundevereinarheilgen.de\/WP3\/wp-content\/uploads\/2011\/04\/walburga-m\u00fcller.jpg\"><\/a><\/h4>\n<h4>Kirsten Bischof<\/h4>\n<p>Obfrau f\u00fcr THS<br \/>Trainerin THS-Wettk\u00e4mpfer und Gehorsam Fortgeschrittene<\/p>\n<div><a href=\"mailto:ths@hundevereinarheilgen.de\">Mail an ths@hundevereinarheilgen.de<\/a><\/div>\n[\/et_pb_text][et_pb_text _builder_version=&#8220;4.21.0&#8243; _module_preset=&#8220;default&#8220; custom_padding=&#8220;||||false|false&#8220; border_radii=&#8220;on|0px|0px|0px|0px&#8220; border_color_all=&#8220;RGBA(255,255,255,0)&#8220; global_colors_info=&#8220;{}&#8220;]\n<h4 class=\"et_pb_module_header\"><a href=\"https:\/\/www.hundevereinarheilgen.de\/WP3\/wp-content\/uploads\/2011\/04\/walburga-m\u00fcller.jpg\"><\/a><a href=\"https:\/\/www.hundevereinarheilgen.de\/WP3\/wp-content\/uploads\/2011\/04\/s\u00f6ren-marquardt.jpg\"><\/a><a href=\"https:\/\/www.hundevereinarheilgen.de\/WP3\/wp-content\/uploads\/2023\/08\/soeren-marquardt_2.jpg\"><\/a><a href=\"https:\/\/www.hundevereinarheilgen.de\/WP3\/wp-content\/uploads\/2023\/08\/soeren-marquardt_2-jpg.webp\"><img loading=\"lazy\" decoding=\"async\" src=\"https:\/\/www.hundevereinarheilgen.de\/WP3\/wp-content\/uploads\/2023\/08\/soeren-marquardt_2-jpg.webp\" width=\"300\" height=\"300\" alt=\"\" class=\"wp-image-14970 alignnone size-full\" srcset=\"https:\/\/www.hundevereinarheilgen.de\/WP3\/wp-content\/uploads\/2023\/08\/soeren-marquardt_2-jpg.webp 300w, https:\/\/www.hundevereinarheilgen.de\/WP3\/wp-content\/uploads\/2023\/08\/soeren-marquardt_2-150x150.webp 150w\" sizes=\"auto, (max-width: 300px) 100vw, 300px\" \/><\/a><a href=\"https:\/\/www.hundevereinarheilgen.de\/WP3\/wp-content\/uploads\/2023\/08\/soeren-marquardt_2.jpg\"><\/a><a href=\"https:\/\/www.hundevereinarheilgen.de\/WP3\/wp-content\/uploads\/2011\/04\/walburga-m\u00fcller.jpg\"><\/a><\/h4>\n<h4>S\u00f6ren Marquardt<\/h4>\n<p>1. Vorsitzender<\/p>\n<p>Trainer THS-Wettk\u00e4mpfer und Gehorsam Fortgeschrittene<\/p>\n[\/et_pb_text][et_pb_text _builder_version=&#8220;4.21.0&#8243; _module_preset=&#8220;default&#8220; custom_padding=&#8220;||||false|false&#8220; border_radii=&#8220;on|0px|0px|0px|0px&#8220; border_color_all=&#8220;RGBA(255,255,255,0)&#8220; global_colors_info=&#8220;{}&#8220;]\n<h4 class=\"et_pb_module_header\"><a href=\"https:\/\/www.hundevereinarheilgen.de\/WP3\/wp-content\/uploads\/2011\/04\/walburga-m\u00fcller.jpg\"><\/a><a href=\"https:\/\/www.hundevereinarheilgen.de\/WP3\/wp-content\/uploads\/2011\/04\/s\u00f6ren-marquardt.jpg\"><\/a><a href=\"https:\/\/www.hundevereinarheilgen.de\/WP3\/wp-content\/uploads\/2018\/10\/heidrun.png\"><\/a><a href=\"https:\/\/www.hundevereinarheilgen.de\/WP3\/wp-content\/uploads\/2023\/08\/heidrun-pauli_2.jpg\"><\/a><a href=\"https:\/\/www.hundevereinarheilgen.de\/WP3\/wp-content\/uploads\/2023\/08\/heidrun-pauli_2-jpg.webp\"><img loading=\"lazy\" decoding=\"async\" src=\"https:\/\/www.hundevereinarheilgen.de\/WP3\/wp-content\/uploads\/2023\/08\/heidrun-pauli_2-jpg.webp\" width=\"300\" height=\"300\" alt=\"\" class=\"wp-image-14973 alignnone size-full\" srcset=\"https:\/\/www.hundevereinarheilgen.de\/WP3\/wp-content\/uploads\/2023\/08\/heidrun-pauli_2-jpg.webp 300w, https:\/\/www.hundevereinarheilgen.de\/WP3\/wp-content\/uploads\/2023\/08\/heidrun-pauli_2-150x150.webp 150w\" sizes=\"auto, (max-width: 300px) 100vw, 300px\" \/><\/a><a href=\"https:\/\/www.hundevereinarheilgen.de\/WP3\/wp-content\/uploads\/2023\/08\/heidrun-pauli_2.jpg\"><\/a><a href=\"https:\/\/www.hundevereinarheilgen.de\/WP3\/wp-content\/uploads\/2011\/04\/walburga-m\u00fcller.jpg\"><\/a><\/h4>\n<h4>Heidrun Pauli<\/h4>\n<p>Trainerin Anf\u00e4nger THS<\/p>\n[\/et_pb_text][et_pb_text _builder_version=&#8220;4.21.0&#8243; _module_preset=&#8220;default&#8220; custom_padding=&#8220;||||false|false&#8220; hover_enabled=&#8220;0&#8243; border_radii=&#8220;on|0px|0px|0px|0px&#8220; border_color_all=&#8220;RGBA(255,255,255,0)&#8220; global_colors_info=&#8220;{}&#8220; sticky_enabled=&#8220;0&#8243;]\n<h4 class=\"et_pb_module_header\"><a href=\"https:\/\/www.hundevereinarheilgen.de\/WP3\/wp-content\/uploads\/2011\/04\/walburga-m\u00fcller.jpg\"><\/a><a href=\"https:\/\/www.hundevereinarheilgen.de\/WP3\/wp-content\/uploads\/2011\/04\/s\u00f6ren-marquardt.jpg\"><\/a><a href=\"https:\/\/www.hundevereinarheilgen.de\/WP3\/wp-content\/uploads\/2018\/10\/heidrun.png\"><\/a><a href=\"https:\/\/www.hundevereinarheilgen.de\/WP3\/wp-content\/uploads\/2011\/04\/IMG_3273.jpg\"><\/a><a href=\"https:\/\/www.hundevereinarheilgen.de\/WP3\/wp-content\/uploads\/2020\/06\/Eva.png\"><\/a><a href=\"https:\/\/www.hundevereinarheilgen.de\/WP3\/wp-content\/uploads\/2023\/08\/Eva-Ittner_2.jpg\"><\/a><a href=\"https:\/\/www.hundevereinarheilgen.de\/WP3\/wp-content\/uploads\/2023\/08\/Eva-Ittner_2-jpg.webp\"><img loading=\"lazy\" decoding=\"async\" src=\"https:\/\/www.hundevereinarheilgen.de\/WP3\/wp-content\/uploads\/2023\/08\/Eva-Ittner_2-jpg.webp\" width=\"300\" height=\"300\" alt=\"\" class=\"wp-image-14972 alignnone size-full\" srcset=\"https:\/\/www.hundevereinarheilgen.de\/WP3\/wp-content\/uploads\/2023\/08\/Eva-Ittner_2-jpg.webp 300w, https:\/\/www.hundevereinarheilgen.de\/WP3\/wp-content\/uploads\/2023\/08\/Eva-Ittner_2-150x150.webp 150w\" sizes=\"auto, (max-width: 300px) 100vw, 300px\" \/><\/a><a href=\"https:\/\/www.hundevereinarheilgen.de\/WP3\/wp-content\/uploads\/2023\/08\/Eva-Ittner_2.jpg\"><\/a><a href=\"https:\/\/www.hundevereinarheilgen.de\/WP3\/wp-content\/uploads\/2011\/04\/walburga-m\u00fcller.jpg\"><\/a><\/h4>\n<h4>Eva Ittner<\/h4>\n<p>Trainerin Anf\u00e4nger THS<\/p>\n[\/et_pb_text][et_pb_text _builder_version=&#8220;4.21.0&#8243; _module_preset=&#8220;default&#8220; custom_padding=&#8220;||||false|false&#8220; hover_enabled=&#8220;0&#8243; border_radii=&#8220;on|0px|0px|0px|0px&#8220; border_color_all=&#8220;RGBA(255,255,255,0)&#8220; global_colors_info=&#8220;{}&#8220; sticky_enabled=&#8220;0&#8243;]\n<h4 class=\"et_pb_module_header\"><a href=\"https:\/\/www.hundevereinarheilgen.de\/WP3\/wp-content\/uploads\/2011\/04\/walburga-m\u00fcller.jpg\"><\/a><a href=\"https:\/\/www.hundevereinarheilgen.de\/WP3\/wp-content\/uploads\/2023\/08\/andrea-witzel_1-jpg.webp\"><img loading=\"lazy\" decoding=\"async\" src=\"https:\/\/www.hundevereinarheilgen.de\/WP3\/wp-content\/uploads\/2023\/08\/andrea-witzel_1-jpg.webp\" width=\"300\" height=\"300\" alt=\"\" class=\"wp-image-14977 alignnone size-full\" srcset=\"https:\/\/www.hundevereinarheilgen.de\/WP3\/wp-content\/uploads\/2023\/08\/andrea-witzel_1-jpg.webp 300w, https:\/\/www.hundevereinarheilgen.de\/WP3\/wp-content\/uploads\/2023\/08\/andrea-witzel_1-150x150.webp 150w\" sizes=\"auto, (max-width: 300px) 100vw, 300px\" \/><\/a><a href=\"https:\/\/www.hundevereinarheilgen.de\/WP3\/wp-content\/uploads\/2023\/08\/Eva-Ittner_2-jpg.webp\"><\/a><a href=\"https:\/\/www.hundevereinarheilgen.de\/WP3\/wp-content\/uploads\/2023\/08\/Eva-Ittner_2.jpg\"><\/a><a href=\"https:\/\/www.hundevereinarheilgen.de\/WP3\/wp-content\/uploads\/2011\/04\/walburga-m\u00fcller.jpg\"><\/a><\/h4>\n<h4>Andrea Witzel<\/h4>\n<p>Trainerin Anf\u00e4nger THS<\/p>\n[\/et_pb_text][\/et_pb_column][\/et_pb_row][\/et_pb_section]\n","protected":false},"excerpt":{"rendered":"<p>\u00a0\u00dcbungszeiten Tag Uhrzeit Training Donnerstag ab 20:00 Gehorsam offene Gruppe (ab Niveau BH\/VT Anw\u00e4rter) Donnerstag ab 20:15 Gehorsam THS-Wettk\u00e4mpfer (nur nach Absprache!) Samstag ab 12:00 THS-Wettk\u00e4mpfer-Training (Gehorsam + Ger\u00e4te) Samstag ab 14:45 THS-Anf\u00e4nger-Training (Ger\u00e4te) Samstag ab 15:20 THS-Gehorsamstraining f\u00fcr Einsteiger, Anf\u00e4nger I und Anf\u00e4nger II &nbsp; F\u00fcr jede \u00dcbungsstunde gilt: Immer rechtzeitig da sein und [&hellip;]<\/p>\n","protected":false},"author":21,"featured_media":0,"parent":2027,"menu_order":0,"comment_status":"closed","ping_status":"closed","template":"","meta":{"_et_pb_use_builder":"on","_et_pb_old_content":"","_et_gb_content_width":"","ngg_post_thumbnail":0,"footnotes":"","_wp_rev_ctl_limit":""},"class_list":["post-14927","page","type-page","status-publish","hentry"],"_links":{"self":[{"href":"https:\/\/www.hundevereinarheilgen.de\/WP3\/wp-json\/wp\/v2\/pages\/14927","targetHints":{"allow":["GET"]}}],"collection":[{"href":"https:\/\/www.hundevereinarheilgen.de\/WP3\/wp-json\/wp\/v2\/pages"}],"about":[{"href":"https:\/\/www.hundevereinarheilgen.de\/WP3\/wp-json\/wp\/v2\/types\/page"}],"author":[{"embeddable":true,"href":"https:\/\/www.hundevereinarheilgen.de\/WP3\/wp-json\/wp\/v2\/users\/21"}],"replies":[{"embeddable":true,"href":"https:\/\/www.hundevereinarheilgen.de\/WP3\/wp-json\/wp\/v2\/comments?post=14927"}],"version-history":[{"count":20,"href":"https:\/\/www.hundevereinarheilgen.de\/WP3\/wp-json\/wp\/v2\/pages\/14927\/revisions"}],"predecessor-version":[{"id":15311,"href":"https:\/\/www.hundevereinarheilgen.de\/WP3\/wp-json\/wp\/v2\/pages\/14927\/revisions\/15311"}],"up":[{"embeddable":true,"href":"https:\/\/www.hundevereinarheilgen.de\/WP3\/wp-json\/wp\/v2\/pages\/2027"}],"wp:attachment":[{"href":"https:\/\/www.hundevereinarheilgen.de\/WP3\/wp-json\/wp\/v2\/media?parent=14927"}],"curies":[{"name":"wp","href":"https:\/\/api.w.org\/{rel}","templated":true}]}}