{"id":140,"date":"2011-04-15T11:01:40","date_gmt":"2011-04-15T09:01:40","guid":{"rendered":"http:\/\/www.hundevereinarheilgen.de\/WP3\/?page_id=140"},"modified":"2026-04-17T17:22:33","modified_gmt":"2026-04-17T15:22:33","slug":"welpen-junghunde","status":"publish","type":"page","link":"https:\/\/www.hundevereinarheilgen.de\/WP3\/sportangebote\/welpen-junghunde\/","title":{"rendered":"Welpen &#038; Junghunde"},"content":{"rendered":"[et_pb_section fb_built=&#8220;1&#8243; _builder_version=&#8220;4.21.0&#8243; _module_preset=&#8220;default&#8220; background_color=&#8220;gcid-5b80b587-516a-41df-b6f7-87ae858d15f3&#8243; custom_padding=&#8220;0px|||||&#8220; locked=&#8220;off&#8220; global_colors_info=&#8220;{%22gcid-5b80b587-516a-41df-b6f7-87ae858d15f3%22:%91%22background_color%22%93}&#8220; theme_builder_area=&#8220;post_content&#8220;][et_pb_row column_structure=&#8220;2_3,1_3&#8243; _builder_version=&#8220;4.21.0&#8243; _module_preset=&#8220;default&#8220; global_colors_info=&#8220;{}&#8220; theme_builder_area=&#8220;post_content&#8220;][et_pb_column type=&#8220;2_3&#8243; _builder_version=&#8220;4.21.0&#8243; _module_preset=&#8220;default&#8220; global_colors_info=&#8220;{}&#8220; theme_builder_area=&#8220;post_content&#8220;][et_pb_text _builder_version=&#8220;4.21.0&#8243; _module_preset=&#8220;default&#8220; global_module=&#8220;16355&#8243; saved_tabs=&#8220;all&#8220; locked=&#8220;off&#8220; global_colors_info=&#8220;{}&#8220; theme_builder_area=&#8220;post_content&#8220;]\n<h2><strong>Welpen &amp; Junghunde<\/strong><\/h2>\n<h3><strong><\/strong><\/h3>\n<h3><strong>\u00dcbungszeiten<\/strong><\/h3>\n[\/et_pb_text][et_pb_text _builder_version=&#8220;4.21.0&#8243; _module_preset=&#8220;default&#8220; global_module=&#8220;16378&#8243; saved_tabs=&#8220;all&#8220; locked=&#8220;off&#8220; global_colors_info=&#8220;{}&#8220; theme_builder_area=&#8220;post_content&#8220;]\n<table border=\"1\" style=\"height: 88px; width: 100%; border-collapse: collapse; border-style: none; float: left;\">\n<tbody>\n<tr style=\"height: 10px;\">\n<td style=\"width: 16.1152%; height: 24px;\"><strong>Tag<\/strong><\/td>\n<td style=\"width: 21.2017%; height: 24px;\"><strong>Uhrzeit<\/strong><\/td>\n<td style=\"width: 62.6479%; height: 24px;\"><strong>Training<\/strong><\/td>\n<\/tr>\n<tr style=\"height: 10px;\">\n<td style=\"width: 16.1152%; height: 10px;\"><span>Dienstag<\/span><\/td>\n<td style=\"width: 21.2017%; height: 10px;\"><span>17:00 &#8211; 17:30<\/span><\/td>\n<td style=\"width: 62.6479%; height: 10px;\">Welpen<\/td>\n<\/tr>\n<tr style=\"height: 24px;\">\n<td style=\"width: 16.1152%; height: 24px;\"><span>Dienstag<\/span><\/td>\n<td style=\"width: 21.2017%; height: 24px;\"><span>17:30 &#8211; 19:00<\/span><\/td>\n<td style=\"width: 62.6479%; height: 24px;\">Junghunde<\/td>\n<\/tr>\n<tr>\n<td style=\"width: 16.1152%;\"><span>Samstag<\/span><\/td>\n<td style=\"width: 21.2017%;\"><span>15:30 &#8211; 16:00<\/span><\/td>\n<td style=\"width: 62.6479%;\">Welpen<\/td>\n<\/tr>\n<tr>\n<td style=\"width: 16.1152%;\"><span>Samstag<\/span><\/td>\n<td style=\"width: 21.2017%;\"><span>16:00 &#8211; 16:30<\/span><\/td>\n<td style=\"width: 62.6479%;\">Junghunde<\/td>\n<\/tr>\n<\/tbody>\n<\/table>\n<p>&nbsp;<\/p>\n[\/et_pb_text][et_pb_text _builder_version=&#8220;4.21.0&#8243; _module_preset=&#8220;default&#8220; global_module=&#8220;16338&#8243; saved_tabs=&#8220;all&#8220; locked=&#8220;off&#8220; global_colors_info=&#8220;{}&#8220; theme_builder_area=&#8220;post_content&#8220;]\n<p>F\u00fcr jede \u00dcbungsstunde gilt: Immer rechtzeitig da sein und den Hund auch einen Gassigang vorher erm\u00f6glichen. Verschiebungen der \u00dcbungszeiten um ca. eine Viertelstunde sind immer mal m\u00f6glich. Immer an das Spielzeug, das Futter und die richtige Leine und das richtige Halsband denken\u2026<\/p>\n<p>&nbsp;<\/p>\n[\/et_pb_text][et_pb_text _builder_version=&#8220;4.21.0&#8243; _module_preset=&#8220;default&#8220; custom_padding=&#8220;||||false|false&#8220; border_color_all=&#8220;RGBA(255,255,255,0)&#8220; global_colors_info=&#8220;{}&#8220; theme_builder_area=&#8220;post_content&#8220;]\n<h3><strong>Info Welpen &amp; Junghunde<\/strong><\/h3>\n<p><strong>&gt;&gt; ACHTUNG: Aktuell ist Aufnahmestop in der Dienstagsgruppe.&lt;&lt;<\/strong><\/p>\n<p>Die Welpen- und Junghundf\u00f6rderung spielt eine wichtige Rolle, denn von den Vierbeinern wird ein freundliches Wesen und gutes Benehmen erwartet. Sie sollen sich in ihre Familie eingliedern, freundlich zu anderen Menschen und Hunden sein und nicht weglaufen.<\/p>\n<p>In der Welpen- &amp; Junghundestunde wird die Bindung zwischen Mensch und Hund gef\u00f6rdert und das Umweltverhalten trainiert. In der Fr\u00fcherziehung lernen die Hunde die ersten wichtigen Kommandos wie z.B. \u201eSitz\u201c, \u201ePlatz\u201c, und \u201eBleib\u201c.<\/p>\n<p>In der Junghundestunde werden die \u00dcbungen weiter vertieft und darauf aufgebaut. Den Hundebesitzern wird der artgerechte Umgang mit ihrem Vierbeiner vermittelt. Fragen werden besprochen und Tipps gegeben.<\/p>\n<p>Wir freuen und auf viele neue Hundebesitzer und ihre Welpen, egal welche Rasse oder Mix, ob gro\u00df oder klein. Voraussetzung f\u00fcr die Teilnahme am Welpen- &amp; Junghundetraining ist, dass die Hunde geimpft sind und eine g\u00fcltige Haftpflichtversicherung haben. Bitte auch eine Leine (keine Flexi-Leine), Leckerlies und ein Spielzeug f\u00fcr den Hund mitbringen.<\/p>\n<p><a href=\"mailto:welpen@hundevereinarheilgen.de\">Mail an Welpen@hundevereinarheilgen.de<\/a><\/p>\n<p>&nbsp;<\/p>\n[\/et_pb_text][et_pb_text _builder_version=&#8220;4.21.0&#8243; _module_preset=&#8220;default&#8220; custom_padding=&#8220;||||false|false&#8220; border_color_all=&#8220;#0C71C3&#8243; global_colors_info=&#8220;{}&#8220; theme_builder_area=&#8220;post_content&#8220;]\n<h2><strong>Termine \/ Trainingsausf\u00e4lle:<\/strong><\/h2>\n[\/et_pb_text][et_pb_code _builder_version=&#8220;4.21.0&#8243; _module_preset=&#8220;default&#8220; global_colors_info=&#8220;{}&#8220; theme_builder_area=&#8220;post_content&#8220;]<div class=\"em em-view-container\" id=\"em-view-1647230661\" data-view=\"list-grouped\">\r\n\t<div class=\"em em-list em-events-list em-events-list-grouped\" id=\"em-events-list-grouped-1647230661\">\r\n\t-\t<\/div>\r\n<\/div>[\/et_pb_code][et_pb_text _builder_version=&#8220;4.21.0&#8243; _module_preset=&#8220;default&#8220; custom_padding=&#8220;||||false|false&#8220; border_color_all=&#8220;RGBA(255,255,255,0)&#8220; global_colors_info=&#8220;{}&#8220; theme_builder_area=&#8220;post_content&#8220;]\n<h2><strong>Beitr\u00e4ge \/ Berichte \/ Ergebnisse &#8230;<\/strong><\/h2>\n<p><strong><\/strong><\/p>\n[\/et_pb_text][et_pb_blog posts_number=&#8220;5&#8243; include_categories=&#8220;6&#8243; use_manual_excerpt=&#8220;off&#8220; excerpt_length=&#8220;100&#8243; show_more=&#8220;on&#8220; show_author=&#8220;off&#8220; disabled_on=&#8220;on|on|off&#8220; _builder_version=&#8220;4.21.0&#8243; _module_preset=&#8220;default&#8220; body_text_color=&#8220;#001035&#8243; meta_text_color=&#8220;#000000&#8243; read_more_text_color=&#8220;#e24400&#8243; border_color_all_fullwidth=&#8220;#0C71C3&#8243; global_colors_info=&#8220;{}&#8220; theme_builder_area=&#8220;post_content&#8220;][\/et_pb_blog][et_pb_blog posts_number=&#8220;5&#8243; include_categories=&#8220;6&#8243; show_thumbnail=&#8220;off&#8220; use_manual_excerpt=&#8220;off&#8220; excerpt_length=&#8220;100&#8243; show_author=&#8220;off&#8220; show_categories=&#8220;off&#8220; show_excerpt=&#8220;off&#8220; disabled_on=&#8220;off|off|on&#8220; _builder_version=&#8220;4.21.0&#8243; _module_preset=&#8220;default&#8220; body_text_color=&#8220;#001035&#8243; meta_text_color=&#8220;#000000&#8243; read_more_text_color=&#8220;#e24400&#8243; border_color_all_fullwidth=&#8220;#0C71C3&#8243; global_colors_info=&#8220;{}&#8220; theme_builder_area=&#8220;post_content&#8220;][\/et_pb_blog][\/et_pb_column][et_pb_column type=&#8220;1_3&#8243; _builder_version=&#8220;4.21.0&#8243; _module_preset=&#8220;default&#8220; global_colors_info=&#8220;{}&#8220; theme_builder_area=&#8220;post_content&#8220;][et_pb_text _builder_version=&#8220;4.21.0&#8243; _module_preset=&#8220;default&#8220; global_colors_info=&#8220;{}&#8220; theme_builder_area=&#8220;post_content&#8220;]\n<h3><strong>Trainer\/-innen<\/strong><\/h3>\n[\/et_pb_text][et_pb_text _builder_version=&#8220;4.21.0&#8243; _module_preset=&#8220;default&#8220; custom_padding=&#8220;||||false|false&#8220; border_radii=&#8220;on|0px|0px|0px|0px&#8220; border_color_all=&#8220;RGBA(255,255,255,0)&#8220; locked=&#8220;off&#8220; global_colors_info=&#8220;{}&#8220; theme_builder_area=&#8220;post_content&#8220;]\n<h4 class=\"et_pb_module_header\"><a href=\"https:\/\/www.hundevereinarheilgen.de\/WP3\/wp-content\/uploads\/2011\/04\/walburga-m\u00fcller.jpg\"><\/a><a href=\"https:\/\/www.hundevereinarheilgen.de\/WP3\/wp-content\/uploads\/2023\/08\/Susanne-Horst-jpg.webp\"><\/a><a href=\"https:\/\/www.hundevereinarheilgen.de\/WP3\/wp-content\/uploads\/2024\/03\/susanne-horst_600-jpg.webp\"><img loading=\"lazy\" decoding=\"async\" src=\"https:\/\/www.hundevereinarheilgen.de\/WP3\/wp-content\/uploads\/2024\/03\/susanne-horst_600-300x300.webp\" width=\"300\" height=\"300\" alt=\"\" class=\"wp-image-17452 alignnone size-medium\" srcset=\"https:\/\/www.hundevereinarheilgen.de\/WP3\/wp-content\/uploads\/2024\/03\/susanne-horst_600-300x300.webp 300w, https:\/\/www.hundevereinarheilgen.de\/WP3\/wp-content\/uploads\/2024\/03\/susanne-horst_600-150x150.webp 150w, https:\/\/www.hundevereinarheilgen.de\/WP3\/wp-content\/uploads\/2024\/03\/susanne-horst_600-480x480.webp 480w, https:\/\/www.hundevereinarheilgen.de\/WP3\/wp-content\/uploads\/2024\/03\/susanne-horst_600-jpg.webp 600w\" sizes=\"auto, (max-width: 300px) 100vw, 300px\" \/><\/a><a href=\"https:\/\/www.hundevereinarheilgen.de\/WP3\/wp-content\/uploads\/2023\/08\/Susanne-Horst-jpg.webp\"><\/a><a href=\"https:\/\/www.hundevereinarheilgen.de\/WP3\/wp-content\/uploads\/2011\/04\/walburga-m\u00fcller.jpg\"><\/a><\/h4>\n<h4>Susanne Horst<\/h4>\n<p>Obfrau f\u00fcr Welpen &amp; Junghunde<br \/>Trainerin Welpen &amp; Junghunde<\/p>\n<div><a href=\"mailto:welpen@hundevereinarheilgen.de\">Mail an welpen@hundevereinarheilgen.de<\/a><\/div>\n[\/et_pb_text][et_pb_text _builder_version=&#8220;4.21.0&#8243; _module_preset=&#8220;default&#8220; custom_padding=&#8220;||||false|false&#8220; border_radii=&#8220;on|0px|0px|0px|0px&#8220; border_color_all=&#8220;RGBA(255,255,255,0)&#8220; locked=&#8220;off&#8220; global_colors_info=&#8220;{}&#8220; theme_builder_area=&#8220;post_content&#8220;]\n<h4 class=\"et_pb_module_header\"><a href=\"https:\/\/www.hundevereinarheilgen.de\/WP3\/wp-content\/uploads\/2011\/04\/walburga-m\u00fcller.jpg\"><\/a><br \/><a href=\"https:\/\/www.hundevereinarheilgen.de\/WP3\/wp-content\/uploads\/2011\/04\/walburga-m\u00fcller.jpg\"><\/a><\/h4>\n<h4>Christina Horst<\/h4>\n<p>Trainerin Welpen &amp; Junghunde<\/p>\n[\/et_pb_text][et_pb_text _builder_version=&#8220;4.21.0&#8243; _module_preset=&#8220;default&#8220; custom_padding=&#8220;||||false|false&#8220; border_radii=&#8220;on|0px|0px|0px|0px&#8220; border_color_all=&#8220;RGBA(255,255,255,0)&#8220; locked=&#8220;off&#8220; global_colors_info=&#8220;{}&#8220; theme_builder_area=&#8220;post_content&#8220;]\n<h4><a href=\"https:\/\/www.hundevereinarheilgen.de\/WP3\/wp-content\/uploads\/2024\/11\/Meike-Schurr.jpg\"><img loading=\"lazy\" decoding=\"async\" src=\"https:\/\/www.hundevereinarheilgen.de\/WP3\/wp-content\/uploads\/2024\/11\/Meike-Schurr.jpg\" width=\"300\" height=\"300\" alt=\"\" class=\"wp-image-18816 alignnone size-full\" srcset=\"https:\/\/www.hundevereinarheilgen.de\/WP3\/wp-content\/uploads\/2024\/11\/Meike-Schurr.jpg 300w, https:\/\/www.hundevereinarheilgen.de\/WP3\/wp-content\/uploads\/2024\/11\/Meike-Schurr-150x150.jpg 150w\" sizes=\"auto, (max-width: 300px) 100vw, 300px\" \/><\/a><\/h4>\n<h4>Meike Schurr<\/h4>\n<p>Trainerin Welpen &amp; Junghunde<\/p>\n[\/et_pb_text][et_pb_text _builder_version=&#8220;4.21.0&#8243; _module_preset=&#8220;default&#8220; custom_padding=&#8220;||||false|false&#8220; hover_enabled=&#8220;0&#8243; border_radii=&#8220;on|0px|0px|0px|0px&#8220; border_color_all=&#8220;RGBA(255,255,255,0)&#8220; locked=&#8220;off&#8220; global_colors_info=&#8220;{}&#8220; theme_builder_area=&#8220;post_content&#8220; sticky_enabled=&#8220;0&#8243;]\n<h4><a href=\"https:\/\/www.hundevereinarheilgen.de\/WP3\/wp-content\/uploads\/2024\/11\/Meike-Schurr.jpg\"><\/a><a href=\"https:\/\/www.hundevereinarheilgen.de\/WP3\/wp-content\/uploads\/2026\/04\/Zeynep-Tekin.jpg\"><img loading=\"lazy\" decoding=\"async\" src=\"https:\/\/www.hundevereinarheilgen.de\/WP3\/wp-content\/uploads\/2026\/04\/Zeynep-Tekin-300x300.jpg\" width=\"300\" height=\"300\" alt=\"\" class=\"wp-image-21595 alignnone size-medium\" \/><\/a><a href=\"https:\/\/www.hundevereinarheilgen.de\/WP3\/wp-content\/uploads\/2024\/11\/Meike-Schurr.jpg\"><\/a><\/h4>\n<h4>Zeynep Tekin<\/h4>\n<p>Trainerin Welpen &amp; Junghunde<\/p>\n[\/et_pb_text][\/et_pb_column][\/et_pb_row][\/et_pb_section]\n","protected":false},"excerpt":{"rendered":"<p>Welpen &amp; Junghunde \u00dcbungszeiten Tag Uhrzeit Training Dienstag 17:00 &#8211; 17:30 Welpen Dienstag 17:30 &#8211; 19:00 Junghunde Samstag 15:30 &#8211; 16:00 Welpen Samstag 16:00 &#8211; 16:30 Junghunde &nbsp; F\u00fcr jede \u00dcbungsstunde gilt: Immer rechtzeitig da sein und den Hund auch einen Gassigang vorher erm\u00f6glichen. Verschiebungen der \u00dcbungszeiten um ca. eine Viertelstunde sind immer mal m\u00f6glich. Immer an [&hellip;]<\/p>\n","protected":false},"author":4,"featured_media":0,"parent":2027,"menu_order":11,"comment_status":"closed","ping_status":"closed","template":"","meta":{"_et_pb_use_builder":"on","_et_pb_old_content":"<h3>\u00dcbungszeiten<\/h3>\r\nDie Einteilung der Gruppen erfolgt durch den Trainer, der ganz individuell den Entwicklungsstand des jeweiligen Welpen\/Junghundes beurteilt.\r\n<table style=\"height: 182px;\" cellspacing=\"0\" cellpadding=\"0\" border=\"1\">\r\n<tbody>\r\n<tr style=\"height: 47px;\">\r\n<th style=\"width: 69px; height: 47px;\">Tag<\/th>\r\n<th style=\"width: 74px; height: 47px;\">Uhrzeit<\/th>\r\n<th style=\"width: 366px; height: 47px;\">\u00dcbungsgruppe<\/th>\r\n<th style=\"width: 65.35px; height: 47px;\">Leitender Trainer<\/th>\r\n<\/tr>\r\n<tr style=\"height: 41px;\">\r\n<td style=\"width: 69px; height: 41px;\">Dienstags<\/td>\r\n<td style=\"width: 74px; height: 41px;\">17:00-17:30<\/td>\r\n<td style=\"width: 366px; height: 41px;\">\u00dcbungsstunde f\u00fcr Welpen im Alter von 9 \u2013 16 Wochen<\/td>\r\n<td style=\"width: 65.35px; height: 41px;\">Ruth Pfaff<\/td>\r\n<\/tr>\r\n<tr style=\"height: 47px;\">\r\n<td style=\"width: 69px; height: 47px;\">Dienstags<\/td>\r\n<td style=\"width: 74px; height: 47px;\">17:45-18:15<\/td>\r\n<td style=\"width: 366px; height: 47px;\">\u00dcbungsstunde f\u00fcr Junghunde im Alter von 7 \u2013 10 Monate<\/td>\r\n<td style=\"width: 65.35px; height: 47px;\">Ruth Pfaff<\/td>\r\n<\/tr>\r\n<tr style=\"height: 47px;\">\r\n<td style=\"width: 69px; height: 47px;\">Dienstags<\/td>\r\n<td style=\"width: 74px; height: 47px;\">18:30-19:00<\/td>\r\n<td style=\"width: 366px; height: 47px;\">\u00dcbungsstunde f\u00fcr Junghunde im Alter von 7 \u2013 10 Monate<\/td>\r\n<td style=\"width: 65.35px; height: 47px;\">Ruth Pfaff<\/td>\r\n<\/tr>\r\n<\/tbody>\r\n<\/table>\r\nF\u00fcr jede \u00dcbungsstunde gilt: Immer rechtzeitig da sein und den Hund auch einen Gassigang vorher erm\u00f6glichen. Verschiebungen der \u00dcbungszeiten um ca. eine Viertelstunde sind immer mal m\u00f6glich. Immer an das Spielzeug, das Futter und die richtige Leine und das richtige Halsband denken...\r\n\r\nStand: 17.09.2018\r\n\r\n<hr>\r\n\r\n<h2><strong>Trainingsausfall Welpen und Junghunde<\/strong><\/h2>\r\nheute:\r\n\r\n[events_show type=\"today\" category=12]\r\n\r\n<hr>\r\n\r\nkommend:\r\n\r\n[events_show type=\"default\" category=12]\r\n&nbsp;","_et_gb_content_width":"","ngg_post_thumbnail":0,"footnotes":"","_wp_rev_ctl_limit":""},"class_list":["post-140","page","type-page","status-publish","hentry"],"_links":{"self":[{"href":"https:\/\/www.hundevereinarheilgen.de\/WP3\/wp-json\/wp\/v2\/pages\/140","targetHints":{"allow":["GET"]}}],"collection":[{"href":"https:\/\/www.hundevereinarheilgen.de\/WP3\/wp-json\/wp\/v2\/pages"}],"about":[{"href":"https:\/\/www.hundevereinarheilgen.de\/WP3\/wp-json\/wp\/v2\/types\/page"}],"author":[{"embeddable":true,"href":"https:\/\/www.hundevereinarheilgen.de\/WP3\/wp-json\/wp\/v2\/users\/4"}],"replies":[{"embeddable":true,"href":"https:\/\/www.hundevereinarheilgen.de\/WP3\/wp-json\/wp\/v2\/comments?post=140"}],"version-history":[{"count":22,"href":"https:\/\/www.hundevereinarheilgen.de\/WP3\/wp-json\/wp\/v2\/pages\/140\/revisions"}],"predecessor-version":[{"id":21596,"href":"https:\/\/www.hundevereinarheilgen.de\/WP3\/wp-json\/wp\/v2\/pages\/140\/revisions\/21596"}],"up":[{"embeddable":true,"href":"https:\/\/www.hundevereinarheilgen.de\/WP3\/wp-json\/wp\/v2\/pages\/2027"}],"wp:attachment":[{"href":"https:\/\/www.hundevereinarheilgen.de\/WP3\/wp-json\/wp\/v2\/media?parent=140"}],"curies":[{"name":"wp","href":"https:\/\/api.w.org\/{rel}","templated":true}]}}