{"id":12,"date":"2011-03-24T20:32:30","date_gmt":"2011-03-24T19:32:30","guid":{"rendered":"http:\/\/www.hundevereinarheilgen.de\/WP3\/?page_id=12"},"modified":"2024-11-05T21:36:16","modified_gmt":"2024-11-05T20:36:16","slug":"gh-sport","status":"publish","type":"page","link":"https:\/\/www.hundevereinarheilgen.de\/WP3\/sportangebote\/gh-sport\/","title":{"rendered":"Gebrauchshunde Sport"},"content":{"rendered":"[et_pb_section fb_built=&#8220;1&#8243; _builder_version=&#8220;4.21.0&#8243; _module_preset=&#8220;529ae6aa-ecdf-47b4-9da7-0074fc8b6835&#8243; background_color=&#8220;gcid-5b80b587-516a-41df-b6f7-87ae858d15f3&#8243; locked=&#8220;off&#8220; global_colors_info=&#8220;{%22gcid-5b80b587-516a-41df-b6f7-87ae858d15f3%22:%91%22background_color%22%93}&#8220; theme_builder_area=&#8220;post_content&#8220;][et_pb_row column_structure=&#8220;2_3,1_3&#8243; _builder_version=&#8220;4.21.0&#8243; _module_preset=&#8220;default&#8220; global_colors_info=&#8220;{}&#8220; theme_builder_area=&#8220;post_content&#8220;][et_pb_column type=&#8220;2_3&#8243; _builder_version=&#8220;4.21.0&#8243; _module_preset=&#8220;default&#8220; global_colors_info=&#8220;{}&#8220; theme_builder_area=&#8220;post_content&#8220;][et_pb_text _builder_version=&#8220;4.21.0&#8243; _module_preset=&#8220;default&#8220; global_module=&#8220;16355&#8243; saved_tabs=&#8220;all&#8220; locked=&#8220;off&#8220; global_colors_info=&#8220;{}&#8220; theme_builder_area=&#8220;post_content&#8220;]\n<h2><strong>Gebrauchshunde Sport<\/strong><\/h2>\n<h3><strong><\/strong><\/h3>\n<h3><strong>\u00dcbungszeiten<\/strong><\/h3>\n[\/et_pb_text][et_pb_text _builder_version=&#8220;4.21.0&#8243; _module_preset=&#8220;default&#8220; global_module=&#8220;16362&#8243; saved_tabs=&#8220;all&#8220; locked=&#8220;off&#8220; global_colors_info=&#8220;{}&#8220; theme_builder_area=&#8220;post_content&#8220;]\n<table border=\"1\" style=\"height: 41px; width: 100%; border-collapse: collapse; border-style: none; float: left;\">\n<tbody>\n<tr style=\"height: 10px;\">\n<td style=\"width: 15.9044%; height: 24px;\"><strong>Tag<\/strong><\/td>\n<td style=\"width: 22.1364%; height: 24px;\"><strong>Uhrzeit<\/strong><\/td>\n<td style=\"width: 61.924%; height: 24px;\"><strong>Training<\/strong><\/td>\n<\/tr>\n<tr style=\"height: 17px;\">\n<td style=\"width: 15.9044%; height: 17px;\">Dienstag<\/td>\n<td style=\"width: 22.1364%; height: 17px;\">ab 17:00<\/td>\n<td style=\"width: 61.924%; height: 17px;\">Begleithunde<\/td>\n<\/tr>\n<\/tbody>\n<\/table>\n<p>&nbsp;<\/p>\n[\/et_pb_text][et_pb_text _builder_version=&#8220;4.21.0&#8243; _module_preset=&#8220;default&#8220; locked=&#8220;off&#8220; global_colors_info=&#8220;{}&#8220; theme_builder_area=&#8220;post_content&#8220;]\n<p>\u00a0<strong>Achtung: Zur Zeit wird F\u00e4hrte und Schutzdienst in den \u00dcbungsstunden nicht angeboten.<\/strong><\/p>\n[\/et_pb_text][et_pb_text _builder_version=&#8220;4.21.0&#8243; _module_preset=&#8220;default&#8220; global_module=&#8220;16338&#8243; saved_tabs=&#8220;all&#8220; locked=&#8220;off&#8220; global_colors_info=&#8220;{}&#8220; theme_builder_area=&#8220;post_content&#8220;]\n<p>F\u00fcr jede \u00dcbungsstunde gilt: Immer rechtzeitig da sein und den Hund auch einen Gassigang vorher erm\u00f6glichen. Verschiebungen der \u00dcbungszeiten um ca. eine Viertelstunde sind immer mal m\u00f6glich. Immer an das Spielzeug, das Futter und die richtige Leine und das richtige Halsband denken\u2026<\/p>\n<p>&nbsp;<\/p>\n[\/et_pb_text][et_pb_text _builder_version=&#8220;4.21.0&#8243; _module_preset=&#8220;default&#8220; custom_padding=&#8220;||||false|false&#8220; border_color_all=&#8220;RGBA(255,255,255,0)&#8220; global_colors_info=&#8220;{}&#8220; theme_builder_area=&#8220;post_content&#8220;]\n<h3><strong>Info GHS<\/strong><\/h3>\n<p>\u00a0Der GHS Sport setzt sich aus den Sparten F\u00e4hrte, Gehorsam und Schutzdienst zusammen.<\/p>\n<p>Bei dieser Sportart hat der Hund die M\u00f6glichkeit, seine Triebe artgerecht auszuleben, dazu geh\u00f6ren der Spiel-, Beute- und Futtertrieb. Ein wichtiger Teil des GHS-Sports ist &#8211; wie in jeder Sportart mit dem Hund &#8211; der Gehorsam. Weiter folgt die F\u00e4hrtenarbeit (der Hund lernt eine F\u00e4hrte zu verfolgen und bis zu drei Gegenst\u00e4nde, zu erkennen und anzuzeigen).<\/p>\n<p>Der letzte Bereich ist die Arbeit mit dem Helfer im Schutzdienst. Dieser ist in der sportlichen Ausbildung des Hundes ein Spielpartner, mit dem um die Beute (den \u00c4rmel) \u201egek\u00e4mpft\u201c wird.<\/p>\n[\/et_pb_text][et_pb_toggle title=&#8220;Ausf\u00fchrliche Informationen zu GHS&#8220; _builder_version=&#8220;4.21.0&#8243; _module_preset=&#8220;default&#8220; background_color=&#8220;gcid-5b80b587-516a-41df-b6f7-87ae858d15f3&#8243; global_colors_info=&#8220;{%22gcid-5b80b587-516a-41df-b6f7-87ae858d15f3%22:%91%22background_color%22%93}&#8220; theme_builder_area=&#8220;post_content&#8220;]\n<p>Was verbirgt sich hinter der Sportart\u00a0Gebrauchshundesport nach IPO\u00a0(vormals VPG \u201eVielseitigkeitspr\u00fcfung f\u00fcr Gebrauchshunde\u201c nach IPO).<\/p>\n<p>&nbsp;<\/p>\n<p>Die Abk\u00fcrzung IPO bedeudet \u201eInternationale Pr\u00fcfungsordnung\u201c. Der Sport wird in Deutschland weiterhin oft VPG \u201eVielseitigkeitspr\u00fcfung f\u00fcr Gebrauchshunde\u201c genannt, wird aber international als Gebrauchshundesport nach IPO (oder oft kurz IPO-Sport) bezeichnet. Viele werden die Sportart auch noch unter ihrem alten Namen \u201eSchutzhundesport\u201c (SchH) kennen. Doch der Name VPG wurde dem Sport viel mehr gerecht \u2013 schlie\u00dflich setzt sich dieser aus F\u00e4hrte, Gehorsam und Schutzdienst zusammen. Kaum ein anderer Sport fordert den Hund so umfassend und ist mit so vielen Vorurteilen belastet. Bei dieser Sportart hat der Hund die M\u00f6glichkeit, seine Triebe artgerecht auszuleben und wird viel Spa\u00df am Gebrauchshundesport haben.<\/p>\n<p>Ganz am Anfang steht die Lieblingsbesch\u00e4ftigung des Hundes: Spielen und Toben. Denn der Hund tobt mit dem Helfer des Schutzdienstes um verschiedene Beutegegenst\u00e4nde wie zum Beispiel einen Jutesack. Gleichzeitig k\u00f6nnen die ersten Schritte auf der F\u00e4hrte gemacht werden, z. Bsp. Fleischwurst und Spielzeug erschn\u00fcffeln. So werden die Grundlagen f\u00fcr den sp\u00e4teren Sport gelegt und der Hund kann seinen Spiel-, Beute- und Futtertrieb ausleben.<\/p>\n<p>Ein wichtiger Teil des GHd-Sports ist \u2013 wie in jeder Sportart mit dem Hund \u2013 der Gehorsam. Daher ist dieser wichtiger Bestandteil des Trainings. Erstes Ziel und Voraussetzung f\u00fcr weitere Pr\u00fcfungen ist die Begleithundepr\u00fcfung. Der Hund lernt die wichtigen H\u00f6rzeichen \u201eFu\u00df\u201c, \u201eSitz\u201c, \u201ePlatz\u201c und \u201eHier\u201c und auch das Laufen ohne Leine. Au\u00dferdem geh\u00f6rt ein Stra\u00dfenverkehrsteil zur Pr\u00fcfung. Hier kreuzen Radfahrer, Jogger und andere Hund den Weg, wobei sich der Hund neutral verhalten sollte. Ist diese \u201eH\u00fcrde\u201c gemeistert, beginnt die weitere Ausbildung. Dazu geh\u00f6rt die F\u00e4hrtenarbeit. Der Hund lernt eine F\u00e4hrte zu verfolgen und bis zu drei Gegenst\u00e4nde, wie z. B. eine Lederb\u00f6rse zu erkennen und anzuzeigen. Zu den Gehorsams\u00fcbungen kommt noch das Apportieren hinzu. Ein weiterer Bereich ist die Arbeit mit dem Helfer im Schutzdienst. Dieser ist in der sportlichen Ausbildung des Hundes ein Spielpartner, mit dem um die \u201eBeute gek\u00e4mpft\u201c wird. Es werden die fr\u00fcheren Aufgaben der Schutzhunde simuliert, zum Beispiel durchsucht der Hund verschiedene Verstecke auf der Suche nach dem Helfer und zeigt seinem Menschen durch Bellen an, dass er ihn gefunden hat. Will dieser weglaufen, folgt der Hund ihm und h\u00e4lt ihn sicher am Arm fest. Der Helfer tr\u00e4gt hierf\u00fcr extra einen Leder\u00e4rmel, so dass nichts passieren kann. Dass der Gehorsam wichtig ist, zeigt sich unter anderem an dieser \u00dcbung. Denn das Loslassen des \u00c4rmels des Helfers, so bald er sich nicht mehr bewegt, ist der wichtigste Teil der \u00dcbung. Nur Hunde, die w\u00e4hrend der gesamten \u00dcbung jederzeit im Einwirkungsbereich des Hundef\u00fchrers stehen, k\u00f6nnen die hohen Anforderungen erf\u00fcllen.<\/p>\n<p>Beim Gebrauchshundesport nach IPO handelt es sich rein um einen Sport. Es nicht n\u00f6tig, dem Hund erst beizubringen, dass er einen im Angriffsfall verteidigen soll. Der Hund ist ein Rudeltier und so entspricht es von jeher seinem Instinkt, das Rudel bei Gefahr zu besch\u00fctzen. Ist die Motivation des Gebrauchshundesports-Interessierten jedoch, seinen Hund artgerecht zu f\u00f6rdern und ihn seine Triebe ausleben zu lassen, werden beide gro\u00dfen Spa\u00df am Gebrauchshundesport haben. Nat\u00fcrlich ist Voraussetzung, dass sich der Hund k\u00f6rperlich und geistig f\u00fcr diesen Sport eignet.<\/p>\n[\/et_pb_toggle][et_pb_text _builder_version=&#8220;4.21.0&#8243; _module_preset=&#8220;default&#8220; custom_padding=&#8220;||||false|false&#8220; border_color_all=&#8220;#0C71C3&#8243; global_colors_info=&#8220;{}&#8220; theme_builder_area=&#8220;post_content&#8220;]\n<h2><strong>Termine \/ Trainingsausf\u00e4lle:<\/strong><\/h2>\n[\/et_pb_text][et_pb_code _builder_version=&#8220;4.21.0&#8243; _module_preset=&#8220;default&#8220; global_colors_info=&#8220;{}&#8220; theme_builder_area=&#8220;post_content&#8220;]<div class=\"em em-view-container\" id=\"em-view-121282286\" data-view=\"list-grouped\">\r\n\t<div class=\"em em-list em-events-list em-events-list-grouped\" id=\"em-events-list-grouped-121282286\">\r\n\t-\t<\/div>\r\n<\/div>[\/et_pb_code][et_pb_text _builder_version=&#8220;4.21.0&#8243; _module_preset=&#8220;default&#8220; custom_padding=&#8220;||||false|false&#8220; border_color_all=&#8220;RGBA(255,255,255,0)&#8220; global_colors_info=&#8220;{}&#8220; theme_builder_area=&#8220;post_content&#8220;]\n<h2><strong>Beitr\u00e4ge \/ Berichte \/ Ergebnisse &#8230;<\/strong><\/h2>\n<p><strong><\/strong><\/p>\n[\/et_pb_text][et_pb_blog posts_number=&#8220;5&#8243; include_categories=&#8220;4,17&#8243; use_manual_excerpt=&#8220;off&#8220; excerpt_length=&#8220;100&#8243; show_more=&#8220;on&#8220; show_author=&#8220;off&#8220; disabled_on=&#8220;on|on|off&#8220; _builder_version=&#8220;4.21.0&#8243; _module_preset=&#8220;default&#8220; body_text_color=&#8220;#001035&#8243; meta_text_color=&#8220;#000000&#8243; read_more_text_color=&#8220;#e24400&#8243; border_color_all_fullwidth=&#8220;#0C71C3&#8243; global_colors_info=&#8220;{}&#8220; theme_builder_area=&#8220;post_content&#8220;][\/et_pb_blog][et_pb_blog posts_number=&#8220;5&#8243; include_categories=&#8220;4,17&#8243; show_thumbnail=&#8220;off&#8220; use_manual_excerpt=&#8220;off&#8220; excerpt_length=&#8220;100&#8243; show_author=&#8220;off&#8220; show_categories=&#8220;off&#8220; show_excerpt=&#8220;off&#8220; disabled_on=&#8220;off|off|on&#8220; _builder_version=&#8220;4.21.0&#8243; _module_preset=&#8220;default&#8220; body_text_color=&#8220;#001035&#8243; meta_text_color=&#8220;#000000&#8243; read_more_text_color=&#8220;#e24400&#8243; border_color_all_fullwidth=&#8220;#0C71C3&#8243; global_colors_info=&#8220;{}&#8220; theme_builder_area=&#8220;post_content&#8220;][\/et_pb_blog][\/et_pb_column][et_pb_column type=&#8220;1_3&#8243; _builder_version=&#8220;4.21.0&#8243; _module_preset=&#8220;default&#8220; global_colors_info=&#8220;{}&#8220; theme_builder_area=&#8220;post_content&#8220;][et_pb_text _builder_version=&#8220;4.21.0&#8243; _module_preset=&#8220;default&#8220; global_colors_info=&#8220;{}&#8220; theme_builder_area=&#8220;post_content&#8220;]\n<h3><strong>Trainer\/-innen<\/strong><\/h3>\n[\/et_pb_text][et_pb_text _builder_version=&#8220;4.21.0&#8243; _module_preset=&#8220;default&#8220; custom_padding=&#8220;||0px||false|false&#8220; border_radii=&#8220;on|0px|0px|0px|0px&#8220; border_color_all=&#8220;RGBA(255,255,255,0)&#8220; global_colors_info=&#8220;{}&#8220; theme_builder_area=&#8220;post_content&#8220;]\n<h4 class=\"et_pb_module_header\"><a href=\"https:\/\/www.hundevereinarheilgen.de\/WP3\/wp-content\/uploads\/2011\/04\/walburga-m\u00fcller.jpg\"><\/a><a href=\"https:\/\/www.hundevereinarheilgen.de\/WP3\/wp-content\/uploads\/2023\/08\/wolfgang-weber_2-jpg.webp\"><img loading=\"lazy\" decoding=\"async\" src=\"https:\/\/www.hundevereinarheilgen.de\/WP3\/wp-content\/uploads\/2023\/08\/wolfgang-weber_2-jpg.webp\" width=\"300\" height=\"300\" alt=\"\" class=\"wp-image-14999 alignnone size-full\" srcset=\"https:\/\/www.hundevereinarheilgen.de\/WP3\/wp-content\/uploads\/2023\/08\/wolfgang-weber_2-jpg.webp 300w, https:\/\/www.hundevereinarheilgen.de\/WP3\/wp-content\/uploads\/2023\/08\/wolfgang-weber_2-150x150.webp 150w\" sizes=\"auto, (max-width: 300px) 100vw, 300px\" \/><\/a><a href=\"https:\/\/www.hundevereinarheilgen.de\/WP3\/wp-content\/uploads\/2023\/08\/soeren-marquardt_2-jpg.webp\"><\/a><a href=\"https:\/\/www.hundevereinarheilgen.de\/WP3\/wp-content\/uploads\/2023\/08\/soeren-marquardt_2.jpg\"><\/a><a href=\"https:\/\/www.hundevereinarheilgen.de\/WP3\/wp-content\/uploads\/2011\/04\/walburga-m\u00fcller.jpg\"><\/a><\/h4>\n<h4>Wolfgang Weber<\/h4>\n<p>2. Vorsitzender<\/p>\n<p><span>Obmann f\u00fcr Gebrauchshunde<\/span><\/p>\n<p>Trainer GHS<\/p>\n<p><a href=\"mailto:ghd@hundevereinarheilgen.de\">Mail an ghd@hundevereinarheilgen.de<\/a><\/p>\n[\/et_pb_text][\/et_pb_column][\/et_pb_row][\/et_pb_section]\n","protected":false},"excerpt":{"rendered":"<p>Gebrauchshunde Sport \u00dcbungszeiten Tag Uhrzeit Training Dienstag ab 17:00 Begleithunde &nbsp; \u00a0Achtung: Zur Zeit wird F\u00e4hrte und Schutzdienst in den \u00dcbungsstunden nicht angeboten.F\u00fcr jede \u00dcbungsstunde gilt: Immer rechtzeitig da sein und den Hund auch einen Gassigang vorher erm\u00f6glichen. Verschiebungen der \u00dcbungszeiten um ca. eine Viertelstunde sind immer mal m\u00f6glich. Immer an das Spielzeug, das Futter und [&hellip;]<\/p>\n","protected":false},"author":17,"featured_media":0,"parent":2027,"menu_order":1,"comment_status":"open","ping_status":"closed","template":"","meta":{"_et_pb_use_builder":"on","_et_pb_old_content":"<h3>\u00dcbungszeiten:<\/h3><table style=\"width: 456px; height: 103px;\" border=\"1\" width=\"518\" cellspacing=\"0\" cellpadding=\"0\"><tbody><tr><th>Tag<\/th><th>Uhrzeit<\/th><th>\u00dcbungen<\/th><th>Leitender Trainer<\/th><\/tr><tr><td>Dienstag<\/td><td>\u00a017:00<\/td><td>Begleithunde<\/td><td>Wolfgang Weber<\/td><\/tr><\/tbody><\/table><p><strong>Achtung: Zur Zeit wird F\u00e4hrte und Schutzdienst in den \u00dcbungsstunden nicht angeboten.<\/strong><\/p><p>Stand: 08.04.2016<\/p><p>F\u00fcr jede \u00dcbungsstunde gilt: Immer rechtzeitig da sein und den Hund auch einen Gassigang vorher erm\u00f6glichen. Verschiebungen der \u00dcbungszeiten um ca. eine Viertelstunde sind immer mal m\u00f6glich. Immer an das Spielzeug, das Futter und die richtige Leine und das richtige Halsband denken...<\/p><hr><p>[events_show type=\"default\" category=10]<\/p>","_et_gb_content_width":"","ngg_post_thumbnail":0,"footnotes":"","_wp_rev_ctl_limit":""},"class_list":["post-12","page","type-page","status-publish","hentry"],"_links":{"self":[{"href":"https:\/\/www.hundevereinarheilgen.de\/WP3\/wp-json\/wp\/v2\/pages\/12","targetHints":{"allow":["GET"]}}],"collection":[{"href":"https:\/\/www.hundevereinarheilgen.de\/WP3\/wp-json\/wp\/v2\/pages"}],"about":[{"href":"https:\/\/www.hundevereinarheilgen.de\/WP3\/wp-json\/wp\/v2\/types\/page"}],"author":[{"embeddable":true,"href":"https:\/\/www.hundevereinarheilgen.de\/WP3\/wp-json\/wp\/v2\/users\/17"}],"replies":[{"embeddable":true,"href":"https:\/\/www.hundevereinarheilgen.de\/WP3\/wp-json\/wp\/v2\/comments?post=12"}],"version-history":[{"count":20,"href":"https:\/\/www.hundevereinarheilgen.de\/WP3\/wp-json\/wp\/v2\/pages\/12\/revisions"}],"predecessor-version":[{"id":18808,"href":"https:\/\/www.hundevereinarheilgen.de\/WP3\/wp-json\/wp\/v2\/pages\/12\/revisions\/18808"}],"up":[{"embeddable":true,"href":"https:\/\/www.hundevereinarheilgen.de\/WP3\/wp-json\/wp\/v2\/pages\/2027"}],"wp:attachment":[{"href":"https:\/\/www.hundevereinarheilgen.de\/WP3\/wp-json\/wp\/v2\/media?parent=12"}],"curies":[{"name":"wp","href":"https:\/\/api.w.org\/{rel}","templated":true}]}}